{"id":102,"date":"2021-03-10T23:34:25","date_gmt":"2021-03-10T23:34:25","guid":{"rendered":"https:\/\/www.fossakot.is\/?page_id=102"},"modified":"2024-04-02T12:28:54","modified_gmt":"2024-04-02T12:28:54","slug":"krilakot","status":"publish","type":"page","link":"https:\/\/www.lfa.is\/bakkakot\/deildir-fossakots\/krilakot\/","title":{"rendered":"L\u00f3ukot"},"content":{"rendered":"\n<p>\u00deessi s\u00ed\u00f0ar er \u00ed vinnslu<\/p>\n\n\n\n<figure class=\"wp-block-image size-full\"><img loading=\"lazy\" decoding=\"async\" width=\"612\" height=\"408\" src=\"https:\/\/www.lfa.is\/bakkakot\/wp-content\/uploads\/2024\/04\/istockphoto-1439477915-612x612-1.jpg\" alt=\"\" class=\"wp-image-8723\" srcset=\"https:\/\/www.lfa.is\/bakkakot\/wp-content\/uploads\/2024\/04\/istockphoto-1439477915-612x612-1.jpg 612w, https:\/\/www.lfa.is\/bakkakot\/wp-content\/uploads\/2024\/04\/istockphoto-1439477915-612x612-1-300x200.jpg 300w\" sizes=\"auto, (max-width: 612px) 100vw, 612px\" \/><\/figure>\n\n\n\n<p><\/p>\n\n\n\n<p><\/p>\n","protected":false},"excerpt":{"rendered":"<p>\u00deessi s\u00ed\u00f0ar er \u00ed vinnslu<\/p>\n","protected":false},"author":6,"featured_media":0,"parent":93,"menu_order":0,"comment_status":"closed","ping_status":"closed","template":"","meta":{"footnotes":""},"class_list":["post-102","page","type-page","status-publish","hentry"],"_links":{"self":[{"href":"https:\/\/www.lfa.is\/bakkakot\/wp-json\/wp\/v2\/pages\/102","targetHints":{"allow":["GET"]}}],"collection":[{"href":"https:\/\/www.lfa.is\/bakkakot\/wp-json\/wp\/v2\/pages"}],"about":[{"href":"https:\/\/www.lfa.is\/bakkakot\/wp-json\/wp\/v2\/types\/page"}],"author":[{"embeddable":true,"href":"https:\/\/www.lfa.is\/bakkakot\/wp-json\/wp\/v2\/users\/6"}],"replies":[{"embeddable":true,"href":"https:\/\/www.lfa.is\/bakkakot\/wp-json\/wp\/v2\/comments?post=102"}],"version-history":[{"count":4,"href":"https:\/\/www.lfa.is\/bakkakot\/wp-json\/wp\/v2\/pages\/102\/revisions"}],"predecessor-version":[{"id":8726,"href":"https:\/\/www.lfa.is\/bakkakot\/wp-json\/wp\/v2\/pages\/102\/revisions\/8726"}],"up":[{"embeddable":true,"href":"https:\/\/www.lfa.is\/bakkakot\/wp-json\/wp\/v2\/pages\/93"}],"wp:attachment":[{"href":"https:\/\/www.lfa.is\/bakkakot\/wp-json\/wp\/v2\/media?parent=102"}],"curies":[{"name":"wp","href":"https:\/\/api.w.org\/{rel}","templated":true}]}}