{"id":123,"date":"2021-03-10T23:55:22","date_gmt":"2021-03-10T23:55:22","guid":{"rendered":"https:\/\/www.fossakot.is\/?page_id=123"},"modified":"2024-04-02T12:33:00","modified_gmt":"2024-04-02T12:33:00","slug":"starfsfolk-krilakots","status":"publish","type":"page","link":"https:\/\/www.lfa.is\/bakkakot\/deildir-fossakots\/krilakot\/starfsfolk-krilakots\/","title":{"rendered":"Starfsf\u00f3lk L\u00f3ukots"},"content":{"rendered":"\n<p>\u00deessi s\u00ed\u00f0a er \u00ed vinnslu<\/p>\n\n\n\n<figure class=\"wp-block-image size-full\"><img loading=\"lazy\" decoding=\"async\" width=\"612\" height=\"408\" src=\"https:\/\/www.lfa.is\/bakkakot\/wp-content\/uploads\/2024\/04\/istockphoto-1439477915-612x612-1.jpg\" alt=\"\" class=\"wp-image-8723\" srcset=\"https:\/\/www.lfa.is\/bakkakot\/wp-content\/uploads\/2024\/04\/istockphoto-1439477915-612x612-1.jpg 612w, https:\/\/www.lfa.is\/bakkakot\/wp-content\/uploads\/2024\/04\/istockphoto-1439477915-612x612-1-300x200.jpg 300w\" sizes=\"auto, (max-width: 612px) 100vw, 612px\" \/><\/figure>\n\n\n\n<p><\/p>\n","protected":false},"excerpt":{"rendered":"<p>\u00deessi s\u00ed\u00f0a er \u00ed vinnslu<\/p>\n","protected":false},"author":6,"featured_media":0,"parent":102,"menu_order":0,"comment_status":"closed","ping_status":"closed","template":"","meta":{"footnotes":""},"class_list":["post-123","page","type-page","status-publish","hentry"],"_links":{"self":[{"href":"https:\/\/www.lfa.is\/bakkakot\/wp-json\/wp\/v2\/pages\/123","targetHints":{"allow":["GET"]}}],"collection":[{"href":"https:\/\/www.lfa.is\/bakkakot\/wp-json\/wp\/v2\/pages"}],"about":[{"href":"https:\/\/www.lfa.is\/bakkakot\/wp-json\/wp\/v2\/types\/page"}],"author":[{"embeddable":true,"href":"https:\/\/www.lfa.is\/bakkakot\/wp-json\/wp\/v2\/users\/6"}],"replies":[{"embeddable":true,"href":"https:\/\/www.lfa.is\/bakkakot\/wp-json\/wp\/v2\/comments?post=123"}],"version-history":[{"count":10,"href":"https:\/\/www.lfa.is\/bakkakot\/wp-json\/wp\/v2\/pages\/123\/revisions"}],"predecessor-version":[{"id":8731,"href":"https:\/\/www.lfa.is\/bakkakot\/wp-json\/wp\/v2\/pages\/123\/revisions\/8731"}],"up":[{"embeddable":true,"href":"https:\/\/www.lfa.is\/bakkakot\/wp-json\/wp\/v2\/pages\/102"}],"wp:attachment":[{"href":"https:\/\/www.lfa.is\/bakkakot\/wp-json\/wp\/v2\/media?parent=123"}],"curies":[{"name":"wp","href":"https:\/\/api.w.org\/{rel}","templated":true}]}}