{"id":125,"date":"2021-03-10T23:55:52","date_gmt":"2021-03-10T23:55:52","guid":{"rendered":"https:\/\/www.fossakot.is\/?page_id=125"},"modified":"2024-04-02T12:31:15","modified_gmt":"2024-04-02T12:31:15","slug":"starfsfolk-krakkakots","status":"publish","type":"page","link":"https:\/\/www.lfa.is\/bakkakot\/deildir-fossakots\/krakkakot\/starfsfolk-krakkakots\/","title":{"rendered":"Starfsf\u00f3lk Kr\u00edukots"},"content":{"rendered":"\n<p>\u00deessi s\u00ed\u00f0ar er \u00ed vinnslu<\/p>\n\n\n\n<figure class=\"wp-block-image size-full\"><img loading=\"lazy\" decoding=\"async\" width=\"612\" height=\"408\" src=\"https:\/\/www.lfa.is\/bakkakot\/wp-content\/uploads\/2024\/04\/istockphoto-1439477915-612x612-1.jpg\" alt=\"\" class=\"wp-image-8723\" srcset=\"https:\/\/www.lfa.is\/bakkakot\/wp-content\/uploads\/2024\/04\/istockphoto-1439477915-612x612-1.jpg 612w, https:\/\/www.lfa.is\/bakkakot\/wp-content\/uploads\/2024\/04\/istockphoto-1439477915-612x612-1-300x200.jpg 300w\" sizes=\"auto, (max-width: 612px) 100vw, 612px\" \/><\/figure>\n","protected":false},"excerpt":{"rendered":"<p>\u00deessi s\u00ed\u00f0ar er \u00ed vinnslu<\/p>\n","protected":false},"author":6,"featured_media":0,"parent":105,"menu_order":0,"comment_status":"closed","ping_status":"closed","template":"","meta":{"footnotes":""},"class_list":["post-125","page","type-page","status-publish","hentry"],"_links":{"self":[{"href":"https:\/\/www.lfa.is\/bakkakot\/wp-json\/wp\/v2\/pages\/125","targetHints":{"allow":["GET"]}}],"collection":[{"href":"https:\/\/www.lfa.is\/bakkakot\/wp-json\/wp\/v2\/pages"}],"about":[{"href":"https:\/\/www.lfa.is\/bakkakot\/wp-json\/wp\/v2\/types\/page"}],"author":[{"embeddable":true,"href":"https:\/\/www.lfa.is\/bakkakot\/wp-json\/wp\/v2\/users\/6"}],"replies":[{"embeddable":true,"href":"https:\/\/www.lfa.is\/bakkakot\/wp-json\/wp\/v2\/comments?post=125"}],"version-history":[{"count":10,"href":"https:\/\/www.lfa.is\/bakkakot\/wp-json\/wp\/v2\/pages\/125\/revisions"}],"predecessor-version":[{"id":8728,"href":"https:\/\/www.lfa.is\/bakkakot\/wp-json\/wp\/v2\/pages\/125\/revisions\/8728"}],"up":[{"embeddable":true,"href":"https:\/\/www.lfa.is\/bakkakot\/wp-json\/wp\/v2\/pages\/105"}],"wp:attachment":[{"href":"https:\/\/www.lfa.is\/bakkakot\/wp-json\/wp\/v2\/media?parent=125"}],"curies":[{"name":"wp","href":"https:\/\/api.w.org\/{rel}","templated":true}]}}