{"id":47,"date":"2021-03-02T01:48:28","date_gmt":"2021-03-02T01:48:28","guid":{"rendered":"https:\/\/www.fossakot.is\/?page_id=47"},"modified":"2025-11-18T11:57:32","modified_gmt":"2025-11-18T11:57:32","slug":"gildi-fossakots","status":"publish","type":"page","link":"https:\/\/www.lfa.is\/bakkakot\/um-fossakot\/gildi-fossakots\/","title":{"rendered":"N\u00e1mi\u00f0"},"content":{"rendered":"\n<p><\/p>\n\n\n<div class=\"wp-block-image\">\n<figure class=\"aligncenter size-full is-resized\"><img loading=\"lazy\" decoding=\"async\" width=\"480\" height=\"270\" src=\"https:\/\/www.lfa.is\/bakkakot\/wp-content\/uploads\/2025\/11\/bakkakot.jpg\" alt=\"\" class=\"wp-image-8874\" style=\"width:528px;height:351px\" srcset=\"https:\/\/www.lfa.is\/bakkakot\/wp-content\/uploads\/2025\/11\/bakkakot.jpg 480w, https:\/\/www.lfa.is\/bakkakot\/wp-content\/uploads\/2025\/11\/bakkakot-300x169.jpg 300w\" sizes=\"auto, (max-width: 480px) 100vw, 480px\" \/><\/figure>\n<\/div>\n\n\n<p>Lei\u00f0arlj\u00f3s okkar \u00ed leiksk\u00f3la LFA ehf. Bakkakoti og Korpukoti er a\u00f0 skila til \u00fej\u00f3\u00f0f\u00e9lagsins n\u00e1msf\u00fasum og l\u00edfsgl\u00f6\u00f0um b\u00f6rnum, me\u00f0 j\u00e1kv\u00e6tt vi\u00f0horf til samf\u00e9lagsins. B\u00f6rnum me\u00f0 sterka sj\u00e1lfsmynd og heilbrig\u00f0a si\u00f0fer\u00f0iskennd. B\u00f6rnum sem bera vir\u00f0ingu fyrir sj\u00e1lfum s\u00e9r og samf\u00e9laginu. Einkunnaror\u00f0 leiksk\u00f3lans er \u201e\u00dea\u00f0 er leikur a\u00f0 l\u00e6ra&#8220;.<\/p>\n\n\n\n<p><a href=\"https:\/\/www.fossakot.is\/lifsgildin\/\">L\u00edfsgildin<\/a><\/p>\n\n\n\n<p><a href=\"https:\/\/www.fossakot.is\/vinattuverkefni-barnaheilla\/\">Vin\u00e1ttuverkefni Barnaheilla<\/a><\/p>\n\n\n\n<p><a href=\"https:\/\/www.fossakot.is\/lubbi-finnur-malbein\/\">Lubbi finnur m\u00e1lbein<\/a><\/p>\n\n\n\n<p><a href=\"https:\/\/www.fossakot.is\/tras-malorvun\/\" data-type=\"URL\" data-id=\"https:\/\/www.fossakot.is\/tras-malorvun\/\">TRAS-m\u00e1l\u00f6rvun<\/a><\/p>\n\n\n\n<p><a href=\"https:\/\/www.fossakot.is\/hopastarf\/\" data-type=\"URL\" data-id=\"https:\/\/www.fossakot.is\/hopastarf\/\">H\u00f3pastarf<\/a><\/p>\n\n\n\n<p><a href=\"https:\/\/www.fossakot.is\/abc-barnahjalp\/\">ABC-barnahj\u00e1lp<\/a><\/p>\n\n\n\n<p><a href=\"https:\/\/www.fossakot.is\/skolastarfid\/leikskolalog\/\" data-type=\"URL\" data-id=\"https:\/\/www.fossakot.is\/skolastarfid\/leikskolalog\/\">Leiksk\u00f3lal\u00f6g<\/a><\/p>\n\n\n\n<p><\/p>\n\n\n\n<hr class=\"wp-block-separator has-css-opacity alignfull\"\/>\n","protected":false},"excerpt":{"rendered":"<p>Lei\u00f0arlj\u00f3s okkar \u00ed leiksk\u00f3la LFA ehf. Bakkakoti og Korpukoti er a\u00f0 skila til \u00fej\u00f3\u00f0f\u00e9lagsins n\u00e1msf\u00fasum og l\u00edfsgl\u00f6\u00f0um b\u00f6rnum, me\u00f0 j\u00e1kv\u00e6tt vi\u00f0horf til samf\u00e9lagsins. B\u00f6rnum me\u00f0 sterka sj\u00e1lfsmynd og heilbrig\u00f0a si\u00f0fer\u00f0iskennd. B\u00f6rnum sem bera vir\u00f0ingu fyrir sj\u00e1lfum s\u00e9r og samf\u00e9laginu. Einkunnaror\u00f0 leiksk\u00f3lans er \u201e\u00dea\u00f0 er leikur a\u00f0 l\u00e6ra&#8220;. L\u00edfsgildin Vin\u00e1ttuverkefni Barnaheilla Lubbi finnur m\u00e1lbein TRAS-m\u00e1l\u00f6rvun H\u00f3pastarf&hellip;<\/p>\n","protected":false},"author":6,"featured_media":0,"parent":43,"menu_order":0,"comment_status":"closed","ping_status":"closed","template":"","meta":{"footnotes":""},"class_list":["post-47","page","type-page","status-publish","hentry"],"_links":{"self":[{"href":"https:\/\/www.lfa.is\/bakkakot\/wp-json\/wp\/v2\/pages\/47","targetHints":{"allow":["GET"]}}],"collection":[{"href":"https:\/\/www.lfa.is\/bakkakot\/wp-json\/wp\/v2\/pages"}],"about":[{"href":"https:\/\/www.lfa.is\/bakkakot\/wp-json\/wp\/v2\/types\/page"}],"author":[{"embeddable":true,"href":"https:\/\/www.lfa.is\/bakkakot\/wp-json\/wp\/v2\/users\/6"}],"replies":[{"embeddable":true,"href":"https:\/\/www.lfa.is\/bakkakot\/wp-json\/wp\/v2\/comments?post=47"}],"version-history":[{"count":9,"href":"https:\/\/www.lfa.is\/bakkakot\/wp-json\/wp\/v2\/pages\/47\/revisions"}],"predecessor-version":[{"id":8875,"href":"https:\/\/www.lfa.is\/bakkakot\/wp-json\/wp\/v2\/pages\/47\/revisions\/8875"}],"up":[{"embeddable":true,"href":"https:\/\/www.lfa.is\/bakkakot\/wp-json\/wp\/v2\/pages\/43"}],"wp:attachment":[{"href":"https:\/\/www.lfa.is\/bakkakot\/wp-json\/wp\/v2\/media?parent=47"}],"curies":[{"name":"wp","href":"https:\/\/api.w.org\/{rel}","templated":true}]}}