{"id":58,"date":"2021-03-03T21:17:22","date_gmt":"2021-03-03T21:17:22","guid":{"rendered":"https:\/\/www.fossakot.is\/?page_id=58"},"modified":"2026-03-12T10:32:44","modified_gmt":"2026-03-12T10:32:44","slug":"gjaldskra","status":"publish","type":"page","link":"https:\/\/www.lfa.is\/bakkakot\/um-fossakot\/gjaldskra\/","title":{"rendered":"Gjaldskr\u00e1"},"content":{"rendered":"\n<p><em>Gildir fr\u00e1 1.apr\u00edl 202<\/em>6<\/p>\n\n\n\n<p>Gjaldskr\u00e1 \u00feessi mi\u00f0ast vi\u00f0 a\u00f0 barn s\u00e9 me\u00f0 l\u00f6gheimili \u00ed Reykjav\u00edk. Leiksk\u00f3lagjald er innheimt fyrirfram.<\/p>\n\n\n\n<figure class=\"wp-block-image size-full\"><img loading=\"lazy\" decoding=\"async\" width=\"975\" height=\"618\" src=\"https:\/\/www.lfa.is\/bakkakot\/wp-content\/uploads\/2026\/03\/Eldri.png\" alt=\"\" class=\"wp-image-8936\" srcset=\"https:\/\/www.lfa.is\/bakkakot\/wp-content\/uploads\/2026\/03\/Eldri.png 975w, https:\/\/www.lfa.is\/bakkakot\/wp-content\/uploads\/2026\/03\/Eldri-300x190.png 300w, https:\/\/www.lfa.is\/bakkakot\/wp-content\/uploads\/2026\/03\/Eldri-768x487.png 768w\" sizes=\"auto, (max-width: 975px) 100vw, 975px\" \/><\/figure>\n\n\n\n<figure class=\"wp-block-image size-full\"><img loading=\"lazy\" decoding=\"async\" width=\"988\" height=\"629\" src=\"https:\/\/www.lfa.is\/bakkakot\/wp-content\/uploads\/2026\/03\/Yngri.png\" alt=\"\" class=\"wp-image-8937\" style=\"aspect-ratio:4\/3;object-fit:cover\" srcset=\"https:\/\/www.lfa.is\/bakkakot\/wp-content\/uploads\/2026\/03\/Yngri.png 988w, https:\/\/www.lfa.is\/bakkakot\/wp-content\/uploads\/2026\/03\/Yngri-300x191.png 300w, https:\/\/www.lfa.is\/bakkakot\/wp-content\/uploads\/2026\/03\/Yngri-768x489.png 768w\" sizes=\"auto, (max-width: 988px) 100vw, 988px\" \/><\/figure>\n\n\n\n<p class=\"has-small-font-size\">Vistun getur hafist 7:45\/8:00\/8:30\/9:00 og s\u00e9 f\u00f6studagsvistun styttri en a\u00f0ra daga skal mi\u00f0a vi\u00f0 a\u00f0 henni lj\u00faki eigi s\u00ed\u00f0ur en kl. 15:00<\/p>\n\n\n\n<h2 class=\"wp-block-heading\"><strong>Systkinaafsl\u00e1ttur<\/strong><\/h2>\n\n\n\n<figure class=\"wp-block-table is-style-tw-border-h\"><table><tbody><tr><td><\/td><td><strong>1 systkini<\/strong><\/td><td><strong>2 systkini<\/strong><\/td><td><strong>3 systkini<\/strong><\/td><\/tr><tr><td><strong>Afsl\u00e1ttur af gjaldi<\/strong><\/td><td>100%<\/td><td>100%<\/td><td>100%<\/td><\/tr><\/tbody><\/table><figcaption class=\"wp-element-caption\">Veittur af n\u00e1msgjaldi hj\u00e1 eldra barni me\u00f0 l\u00f6gheimili \u00ed Reykjav\u00edk<\/figcaption><\/figure>\n","protected":false},"excerpt":{"rendered":"<p>Gildir fr\u00e1 1.apr\u00edl 2026 Gjaldskr\u00e1 \u00feessi mi\u00f0ast vi\u00f0 a\u00f0 barn s\u00e9 me\u00f0 l\u00f6gheimili \u00ed Reykjav\u00edk. Leiksk\u00f3lagjald er innheimt fyrirfram. Vistun getur hafist 7:45\/8:00\/8:30\/9:00 og s\u00e9 f\u00f6studagsvistun styttri en a\u00f0ra daga skal mi\u00f0a vi\u00f0 a\u00f0 henni lj\u00faki eigi s\u00ed\u00f0ur en kl. 15:00 Systkinaafsl\u00e1ttur 1 systkini 2 systkini 3 systkini Afsl\u00e1ttur af gjaldi 100% 100% 100% Veittur&hellip;<\/p>\n","protected":false},"author":6,"featured_media":0,"parent":43,"menu_order":0,"comment_status":"closed","ping_status":"closed","template":"","meta":{"footnotes":""},"class_list":["post-58","page","type-page","status-publish","hentry"],"_links":{"self":[{"href":"https:\/\/www.lfa.is\/bakkakot\/wp-json\/wp\/v2\/pages\/58","targetHints":{"allow":["GET"]}}],"collection":[{"href":"https:\/\/www.lfa.is\/bakkakot\/wp-json\/wp\/v2\/pages"}],"about":[{"href":"https:\/\/www.lfa.is\/bakkakot\/wp-json\/wp\/v2\/types\/page"}],"author":[{"embeddable":true,"href":"https:\/\/www.lfa.is\/bakkakot\/wp-json\/wp\/v2\/users\/6"}],"replies":[{"embeddable":true,"href":"https:\/\/www.lfa.is\/bakkakot\/wp-json\/wp\/v2\/comments?post=58"}],"version-history":[{"count":10,"href":"https:\/\/www.lfa.is\/bakkakot\/wp-json\/wp\/v2\/pages\/58\/revisions"}],"predecessor-version":[{"id":8938,"href":"https:\/\/www.lfa.is\/bakkakot\/wp-json\/wp\/v2\/pages\/58\/revisions\/8938"}],"up":[{"embeddable":true,"href":"https:\/\/www.lfa.is\/bakkakot\/wp-json\/wp\/v2\/pages\/43"}],"wp:attachment":[{"href":"https:\/\/www.lfa.is\/bakkakot\/wp-json\/wp\/v2\/media?parent=58"}],"curies":[{"name":"wp","href":"https:\/\/api.w.org\/{rel}","templated":true}]}}