{"id":62,"date":"2021-03-03T21:24:23","date_gmt":"2021-03-03T21:24:23","guid":{"rendered":"https:\/\/www.fossakot.is\/?page_id=62"},"modified":"2025-09-08T13:25:07","modified_gmt":"2025-09-08T13:25:07","slug":"skolastarfid","status":"publish","type":"page","link":"https:\/\/www.lfa.is\/bakkakot\/skolastarfid\/","title":{"rendered":"\u00c1\u00e6tlanir"},"content":{"rendered":"\n<div class=\"wp-block-file\"><a id=\"wp-block-file--media-42074abe-cefd-4041-be30-5ddeda9acd5e\" href=\"https:\/\/www.lfa.is\/bakkakot\/wp-content\/uploads\/2025\/09\/Skoladagatal.pdf\">Sk\u00f3ladagatal 2025-2026<\/a><a href=\"https:\/\/www.lfa.is\/bakkakot\/wp-content\/uploads\/2025\/09\/Skoladagatal.pdf\" class=\"wp-block-file__button wp-element-button\" download aria-describedby=\"wp-block-file--media-42074abe-cefd-4041-be30-5ddeda9acd5e\">S\u00e6kja<\/a><\/div>\n\n\n\n<div class=\"wp-block-file\"><a id=\"wp-block-file--media-e34f1da4-515c-445e-9928-9878abdce3f2\" href=\"https:\/\/www.fossakot.is\/wp-content\/uploads\/2022\/11\/Jafnrettisaaetlun-LFA-2022-2025-1-2-1.pdf\">Jafnrettis\u00e1\u00e6tlun-LFA-2022-2025<\/a><a href=\"https:\/\/www.fossakot.is\/wp-content\/uploads\/2022\/11\/Jafnrettisaaetlun-LFA-2022-2025-1-2-1.pdf\" class=\"wp-block-file__button wp-element-button\" download aria-describedby=\"wp-block-file--media-e34f1da4-515c-445e-9928-9878abdce3f2\">S\u00e6kja<\/a><\/div>\n\n\n\n<div class=\"wp-block-file\"><a id=\"wp-block-file--media-cd91efff-e6f2-4fa8-bc9e-62e51bb21fe4\" href=\"https:\/\/www.fossakot.is\/wp-content\/uploads\/2022\/11\/Jafnlaunastefna-1.pdf\">Jafnlaunastefna<\/a><a href=\"https:\/\/www.fossakot.is\/wp-content\/uploads\/2022\/11\/Jafnlaunastefna-1.pdf\" class=\"wp-block-file__button wp-element-button\" download aria-describedby=\"wp-block-file--media-cd91efff-e6f2-4fa8-bc9e-62e51bb21fe4\">S\u00e6kja<\/a><\/div>\n\n\n\n<div class=\"wp-block-file\"><a id=\"wp-block-file--media-85a6bbbc-5a7e-4b67-94db-235a441b517b\" href=\"https:\/\/www.lfa.is\/bakkakot\/wp-content\/uploads\/2025\/09\/Starfsaaetlun-2025-2026-Lokid.-KBV.pdf\">Starfs\u00e1\u00e6tlun 2025-2026<\/a><a href=\"https:\/\/www.lfa.is\/bakkakot\/wp-content\/uploads\/2025\/09\/Starfsaaetlun-2025-2026-Lokid.-KBV.pdf\" class=\"wp-block-file__button wp-element-button\" download aria-describedby=\"wp-block-file--media-85a6bbbc-5a7e-4b67-94db-235a441b517b\">S\u00e6kja<\/a><\/div>\n\n\n\n<div class=\"wp-block-file\"><a id=\"wp-block-file--media-3ff282c8-2d88-4710-ac2a-70db0e560fab\" href=\"https:\/\/www.fossakot.is\/wp-content\/uploads\/2021\/03\/skolanamskra_lfa_hs.pdf\">Sk\u00f3lan\u00e1mskr\u00e1<\/a><a href=\"https:\/\/www.fossakot.is\/wp-content\/uploads\/2021\/03\/skolanamskra_lfa_hs.pdf\" class=\"wp-block-file__button wp-element-button\" download aria-describedby=\"wp-block-file--media-3ff282c8-2d88-4710-ac2a-70db0e560fab\">S\u00c6KJA<\/a><\/div>\n\n\n\n<div class=\"wp-block-file\"><a id=\"wp-block-file--media-89573294-3efa-40b5-a80c-4640b61464dd\" href=\"https:\/\/www.fossakot.is\/wp-content\/uploads\/2021\/03\/lesid_i_leik.pdf\">Lesi\u00f0 \u00ed leik \u2013 l\u00e6sisstefna<\/a><a href=\"https:\/\/www.fossakot.is\/wp-content\/uploads\/2021\/03\/lesid_i_leik.pdf\" class=\"wp-block-file__button wp-element-button\" download aria-describedby=\"wp-block-file--media-89573294-3efa-40b5-a80c-4640b61464dd\">S\u00c6KJA<\/a><\/div>\n\n\n\n<p>R\u00f6skun \u00e1 sk\u00f3lastarfi \u2013 Lei\u00f0beiningar Almannavarna<\/p>\n\n\n\n<div class=\"wp-block-file\"><a id=\"wp-block-file--media-45628f58-98a8-45ec-91cc-974f76b41909\" href=\"https:\/\/www.lfa.is\/bakkakot\/wp-content\/uploads\/2024\/09\/ALM-vedurbaeklingur-forsjaradilar-IS-011122.pdf\">Lei\u00f0beiningar fyrir foreldra og forsj\u00e1ra\u00f0ila<\/a><a href=\"https:\/\/www.lfa.is\/bakkakot\/wp-content\/uploads\/2024\/09\/ALM-vedurbaeklingur-forsjaradilar-IS-011122.pdf\" class=\"wp-block-file__button wp-element-button\" download aria-describedby=\"wp-block-file--media-45628f58-98a8-45ec-91cc-974f76b41909\">S\u00e6kja<\/a><\/div>\n\n\n\n<div class=\"wp-block-file\"><a id=\"wp-block-file--media-93342649-3940-43f9-8491-8b03c7e15b79\" href=\"https:\/\/www.lfa.is\/bakkakot\/wp-content\/uploads\/2024\/09\/ALM-vedurbaeklingur-forsjaradilar-EN-241122.pdf\">Intructions for parents and guardians-Civil Protection commity<\/a><a href=\"https:\/\/www.lfa.is\/bakkakot\/wp-content\/uploads\/2024\/09\/ALM-vedurbaeklingur-forsjaradilar-EN-241122.pdf\" class=\"wp-block-file__button wp-element-button\" download aria-describedby=\"wp-block-file--media-93342649-3940-43f9-8491-8b03c7e15b79\">Download<\/a><\/div>\n\n\n\n<div class=\"wp-block-file\"><a id=\"wp-block-file--media-be868d9b-9635-441d-b63c-a4523d501f31\" href=\"https:\/\/www.lfa.is\/bakkakot\/wp-content\/uploads\/2024\/09\/ALM-vedurbaeklingur-forsjaradilar-PL-241122.pdf\">Zak\u0142\u00f3cenia w pracy szk\u00f3\u0142 i \u015bwietlic z powodu pogody<\/a><a href=\"https:\/\/www.lfa.is\/bakkakot\/wp-content\/uploads\/2024\/09\/ALM-vedurbaeklingur-forsjaradilar-PL-241122.pdf\" class=\"wp-block-file__button wp-element-button\" download aria-describedby=\"wp-block-file--media-be868d9b-9635-441d-b63c-a4523d501f31\">Pobierz<\/a><\/div>\n","protected":false},"excerpt":{"rendered":"<p>R\u00f6skun \u00e1 sk\u00f3lastarfi \u2013 Lei\u00f0beiningar Almannavarna<\/p>\n","protected":false},"author":6,"featured_media":0,"parent":0,"menu_order":0,"comment_status":"closed","ping_status":"closed","template":"","meta":{"footnotes":""},"class_list":["post-62","page","type-page","status-publish","hentry"],"_links":{"self":[{"href":"https:\/\/www.lfa.is\/bakkakot\/wp-json\/wp\/v2\/pages\/62","targetHints":{"allow":["GET"]}}],"collection":[{"href":"https:\/\/www.lfa.is\/bakkakot\/wp-json\/wp\/v2\/pages"}],"about":[{"href":"https:\/\/www.lfa.is\/bakkakot\/wp-json\/wp\/v2\/types\/page"}],"author":[{"embeddable":true,"href":"https:\/\/www.lfa.is\/bakkakot\/wp-json\/wp\/v2\/users\/6"}],"replies":[{"embeddable":true,"href":"https:\/\/www.lfa.is\/bakkakot\/wp-json\/wp\/v2\/comments?post=62"}],"version-history":[{"count":10,"href":"https:\/\/www.lfa.is\/bakkakot\/wp-json\/wp\/v2\/pages\/62\/revisions"}],"predecessor-version":[{"id":8865,"href":"https:\/\/www.lfa.is\/bakkakot\/wp-json\/wp\/v2\/pages\/62\/revisions\/8865"}],"wp:attachment":[{"href":"https:\/\/www.lfa.is\/bakkakot\/wp-json\/wp\/v2\/media?parent=62"}],"curies":[{"name":"wp","href":"https:\/\/api.w.org\/{rel}","templated":true}]}}