{"id":6350,"date":"2022-05-10T15:17:37","date_gmt":"2022-05-10T15:17:37","guid":{"rendered":"https:\/\/www.fossakot.is\/?page_id=6350"},"modified":"2024-09-23T13:55:25","modified_gmt":"2024-09-23T13:55:25","slug":"umsokn-2","status":"publish","type":"page","link":"https:\/\/www.lfa.is\/bakkakot\/umsokn-2\/","title":{"rendered":"S\u00e6kja um"},"content":{"rendered":"\n<p><a href=\"https:\/\/www.lfa.is\/bakkakot\/umsokn-3\/\">H\u00e9r <\/a> h\u00e6gt a\u00f0 s\u00e6kja um leiksk\u00f3lavistun \u00ed Bakkakoti<\/p>\n\n\n\n<p><a href=\"https:\/\/www.lfa.is\/bakkakot\/innritunarreglur\/\">H\u00e9r <\/a>er h\u00e6gt a\u00f0 lesa innritunarreglunar<\/p>\n\n\n\n<p><a href=\"https:\/\/www.lfa.is\/bakkakot\/deildir-fossakots\/adlogun\/\">H\u00e9r <\/a>m\u00e1 sj\u00e1 hvernig a\u00f0l\u00f6gun er haga\u00f0<\/p>\n\n\n\n<p><a href=\"https:\/\/www.lfa.is\/bakkakot\/um-fossakot\/gjaldskra\/\">H\u00e9r <\/a>m\u00e1 sko\u00f0a gjaldskr\u00e1 LFA<\/p>\n\n\n\n<p><\/p>\n","protected":false},"excerpt":{"rendered":"<p>H\u00e9r h\u00e6gt a\u00f0 s\u00e6kja um leiksk\u00f3lavistun \u00ed Bakkakoti H\u00e9r er h\u00e6gt a\u00f0 lesa innritunarreglunar H\u00e9r m\u00e1 sj\u00e1 hvernig a\u00f0l\u00f6gun er haga\u00f0 H\u00e9r m\u00e1 sko\u00f0a gjaldskr\u00e1 LFA<\/p>\n","protected":false},"author":4,"featured_media":0,"parent":0,"menu_order":0,"comment_status":"closed","ping_status":"closed","template":"","meta":{"footnotes":""},"class_list":["post-6350","page","type-page","status-publish","hentry"],"_links":{"self":[{"href":"https:\/\/www.lfa.is\/bakkakot\/wp-json\/wp\/v2\/pages\/6350","targetHints":{"allow":["GET"]}}],"collection":[{"href":"https:\/\/www.lfa.is\/bakkakot\/wp-json\/wp\/v2\/pages"}],"about":[{"href":"https:\/\/www.lfa.is\/bakkakot\/wp-json\/wp\/v2\/types\/page"}],"author":[{"embeddable":true,"href":"https:\/\/www.lfa.is\/bakkakot\/wp-json\/wp\/v2\/users\/4"}],"replies":[{"embeddable":true,"href":"https:\/\/www.lfa.is\/bakkakot\/wp-json\/wp\/v2\/comments?post=6350"}],"version-history":[{"count":5,"href":"https:\/\/www.lfa.is\/bakkakot\/wp-json\/wp\/v2\/pages\/6350\/revisions"}],"predecessor-version":[{"id":8803,"href":"https:\/\/www.lfa.is\/bakkakot\/wp-json\/wp\/v2\/pages\/6350\/revisions\/8803"}],"wp:attachment":[{"href":"https:\/\/www.lfa.is\/bakkakot\/wp-json\/wp\/v2\/media?parent=6350"}],"curies":[{"name":"wp","href":"https:\/\/api.w.org\/{rel}","templated":true}]}}