{"id":71,"date":"2021-03-03T21:26:32","date_gmt":"2021-03-03T21:26:32","guid":{"rendered":"https:\/\/www.fossakot.is\/?page_id=71"},"modified":"2026-02-03T16:28:48","modified_gmt":"2026-02-03T16:28:48","slug":"foreldrasamstarf","status":"publish","type":"page","link":"https:\/\/www.lfa.is\/bakkakot\/foreldrasamstarf\/","title":{"rendered":"Foreldrasamstarf"},"content":{"rendered":"\n<p>Hlutverk foreldra er st\u00f3rt og mikilv\u00e6gt \u00ed leiksk\u00f3lasamf\u00e9laginu. \u00cd Bakkakoti er b\u00e6\u00f0i virkt foreldraf\u00e9lag og foreldrar\u00e1\u00f0.<\/p>\n\n\n\n<p>Foreldraf\u00e9lagi\u00f0 s\u00e9r um og skipuleggur \u00fdmsa atbur\u00f0i \u00e1 vegum leiksk\u00f3lans og m\u00e1 \u00fear nefna skemmtiatri\u00f0i \u00e1 sumarh\u00e1t\u00ed\u00f0um, gjafir til barnanna, sveitafer\u00f0ir og j\u00f3laskemmtanir. Hlutverk foreldraf\u00e9lagsins er a\u00f0 sty\u00f0ja vi\u00f0 leiksk\u00f3lastarfi\u00f0 og efla samskipti foreldra innbyr\u00f0is.<\/p>\n\n\n\n<p>Hlutverk foreldrar\u00e1\u00f0s er a\u00f0 gefa umsagnir til leiksk\u00f3lans. \u00deeir sem sitja \u00ed foreldrar\u00e1\u00f0i eru fulltr\u00faar foreldra \u00e1 leiksk\u00f3lanum og hafa fyrir \u00fe\u00e1 kosningarr\u00e9tt. Auk \u00feess hefur r\u00e1\u00f0i\u00f0 umsagnarr\u00e9tt um allar meirih\u00e1ttar breytingar \u00e1 leiksk\u00f3lastarfi. &nbsp;<\/p>\n","protected":false},"excerpt":{"rendered":"<p>Hlutverk foreldra er st\u00f3rt og mikilv\u00e6gt \u00ed leiksk\u00f3lasamf\u00e9laginu. \u00cd Bakkakoti er b\u00e6\u00f0i virkt foreldraf\u00e9lag og foreldrar\u00e1\u00f0. Foreldraf\u00e9lagi\u00f0 s\u00e9r um og skipuleggur \u00fdmsa atbur\u00f0i \u00e1 vegum leiksk\u00f3lans og m\u00e1 \u00fear nefna skemmtiatri\u00f0i \u00e1 sumarh\u00e1t\u00ed\u00f0um, gjafir til barnanna, sveitafer\u00f0ir og j\u00f3laskemmtanir. Hlutverk foreldraf\u00e9lagsins er a\u00f0 sty\u00f0ja vi\u00f0 leiksk\u00f3lastarfi\u00f0 og efla samskipti foreldra innbyr\u00f0is. Hlutverk foreldrar\u00e1\u00f0s er a\u00f0&hellip;<\/p>\n","protected":false},"author":6,"featured_media":0,"parent":0,"menu_order":0,"comment_status":"closed","ping_status":"closed","template":"","meta":{"footnotes":""},"class_list":["post-71","page","type-page","status-publish","hentry"],"_links":{"self":[{"href":"https:\/\/www.lfa.is\/bakkakot\/wp-json\/wp\/v2\/pages\/71","targetHints":{"allow":["GET"]}}],"collection":[{"href":"https:\/\/www.lfa.is\/bakkakot\/wp-json\/wp\/v2\/pages"}],"about":[{"href":"https:\/\/www.lfa.is\/bakkakot\/wp-json\/wp\/v2\/types\/page"}],"author":[{"embeddable":true,"href":"https:\/\/www.lfa.is\/bakkakot\/wp-json\/wp\/v2\/users\/6"}],"replies":[{"embeddable":true,"href":"https:\/\/www.lfa.is\/bakkakot\/wp-json\/wp\/v2\/comments?post=71"}],"version-history":[{"count":2,"href":"https:\/\/www.lfa.is\/bakkakot\/wp-json\/wp\/v2\/pages\/71\/revisions"}],"predecessor-version":[{"id":8916,"href":"https:\/\/www.lfa.is\/bakkakot\/wp-json\/wp\/v2\/pages\/71\/revisions\/8916"}],"wp:attachment":[{"href":"https:\/\/www.lfa.is\/bakkakot\/wp-json\/wp\/v2\/media?parent=71"}],"curies":[{"name":"wp","href":"https:\/\/api.w.org\/{rel}","templated":true}]}}