{"id":73,"date":"2021-03-03T21:27:43","date_gmt":"2021-03-03T21:27:43","guid":{"rendered":"https:\/\/www.fossakot.is\/?page_id=73"},"modified":"2025-11-18T12:00:38","modified_gmt":"2025-11-18T12:00:38","slug":"foreldrafelag","status":"publish","type":"page","link":"https:\/\/www.lfa.is\/bakkakot\/foreldrasamstarf\/foreldrafelag\/","title":{"rendered":"Foreldraf\u00e9lag"},"content":{"rendered":"\n<p>Foreldraf\u00e9lag hefur \u00fea\u00f0 markmi\u00f0 a\u00f0 virkja samstarf heimilis og leiksk\u00f3la me\u00f0 \u00fdmsum vi\u00f0bur\u00f0um. Stj\u00f3rn foreldraf\u00e9lagsins einsetur s\u00e9r a\u00f0 skipuleggja \u00f6flugt og gj\u00f6fult starf, \u00fear sem allir geta fundi\u00f0 eitthva\u00f0 vi\u00f0 sitt h\u00e6fi. Foreldraf\u00e9l\u00f6gin eru tv\u00f6, \u00ed Fossakoti annars vegar og Korpukoti hinsvegar.<\/p>\n\n\n\n<p><\/p>\n","protected":false},"excerpt":{"rendered":"<p>Foreldraf\u00e9lag hefur \u00fea\u00f0 markmi\u00f0 a\u00f0 virkja samstarf heimilis og leiksk\u00f3la me\u00f0 \u00fdmsum vi\u00f0bur\u00f0um. Stj\u00f3rn foreldraf\u00e9lagsins einsetur s\u00e9r a\u00f0 skipuleggja \u00f6flugt og gj\u00f6fult starf, \u00fear sem allir geta fundi\u00f0 eitthva\u00f0 vi\u00f0 sitt h\u00e6fi. Foreldraf\u00e9l\u00f6gin eru tv\u00f6, \u00ed Fossakoti annars vegar og Korpukoti hinsvegar.<\/p>\n","protected":false},"author":6,"featured_media":75,"parent":71,"menu_order":0,"comment_status":"closed","ping_status":"closed","template":"","meta":{"footnotes":""},"class_list":["post-73","page","type-page","status-publish","has-post-thumbnail","hentry"],"_links":{"self":[{"href":"https:\/\/www.lfa.is\/bakkakot\/wp-json\/wp\/v2\/pages\/73","targetHints":{"allow":["GET"]}}],"collection":[{"href":"https:\/\/www.lfa.is\/bakkakot\/wp-json\/wp\/v2\/pages"}],"about":[{"href":"https:\/\/www.lfa.is\/bakkakot\/wp-json\/wp\/v2\/types\/page"}],"author":[{"embeddable":true,"href":"https:\/\/www.lfa.is\/bakkakot\/wp-json\/wp\/v2\/users\/6"}],"replies":[{"embeddable":true,"href":"https:\/\/www.lfa.is\/bakkakot\/wp-json\/wp\/v2\/comments?post=73"}],"version-history":[{"count":5,"href":"https:\/\/www.lfa.is\/bakkakot\/wp-json\/wp\/v2\/pages\/73\/revisions"}],"predecessor-version":[{"id":8877,"href":"https:\/\/www.lfa.is\/bakkakot\/wp-json\/wp\/v2\/pages\/73\/revisions\/8877"}],"up":[{"embeddable":true,"href":"https:\/\/www.lfa.is\/bakkakot\/wp-json\/wp\/v2\/pages\/71"}],"wp:featuredmedia":[{"embeddable":true,"href":"https:\/\/www.lfa.is\/bakkakot\/wp-json\/wp\/v2\/media\/75"}],"wp:attachment":[{"href":"https:\/\/www.lfa.is\/bakkakot\/wp-json\/wp\/v2\/media?parent=73"}],"curies":[{"name":"wp","href":"https:\/\/api.w.org\/{rel}","templated":true}]}}