{"id":76,"date":"2021-03-03T21:30:50","date_gmt":"2021-03-03T21:30:50","guid":{"rendered":"https:\/\/www.fossakot.is\/?page_id=76"},"modified":"2025-11-18T13:19:33","modified_gmt":"2025-11-18T13:19:33","slug":"foreldrarad","status":"publish","type":"page","link":"https:\/\/www.lfa.is\/bakkakot\/foreldrasamstarf\/foreldrarad\/","title":{"rendered":"Foreldrar\u00e1\u00f0"},"content":{"rendered":"\n<p>\u00cd foreldrar\u00e1\u00f0i veturinn 2025-2026 eru:<br>Sonja, Karen \u00d6sp, Ald\u00eds, Krist\u00edn Anna og Mar\u00eda \u00d3sk \u00e1samt Krist\u00ednu Bj\u00f6rk leiksk\u00f3lastj\u00f3ra<\/p>\n\n\n\n<p>H\u00e9r m\u00e1 finna g\u00f6gn foreldrar\u00e1\u00f0s<br><br><\/p>\n\n\n\n<div class=\"wp-block-file\"><a id=\"wp-block-file--media-07b1da89-86b0-4de0-9d2b-a8aace81899e\" href=\"https:\/\/www.lfa.is\/bakkakot\/wp-content\/uploads\/2025\/11\/Starfsreglur-25-26.pdf\">Starfsreglur foreldrar\u00e1\u00f0s <\/a><a href=\"https:\/\/www.lfa.is\/bakkakot\/wp-content\/uploads\/2025\/11\/Starfsreglur-25-26.pdf\" class=\"wp-block-file__button wp-element-button\" download aria-describedby=\"wp-block-file--media-07b1da89-86b0-4de0-9d2b-a8aace81899e\">S\u00e6kja<\/a><\/div>\n\n\n\n<div class=\"wp-block-file\"><a id=\"wp-block-file--media-d9cac017-071c-4c41-9c6a-0033db49f372\" href=\"https:\/\/www.lfa.is\/bakkakot\/wp-content\/uploads\/2025\/11\/Fundargerd-for.rad-2025.pdf\">Fundarger\u00f0 foreldrar\u00e1\u00f0s 18.n\u00f3v 2025<\/a><a href=\"https:\/\/www.lfa.is\/bakkakot\/wp-content\/uploads\/2025\/11\/Fundargerd-for.rad-2025.pdf\" class=\"wp-block-file__button wp-element-button\" download aria-describedby=\"wp-block-file--media-d9cac017-071c-4c41-9c6a-0033db49f372\">S\u00e6kja<\/a><\/div>\n","protected":false},"excerpt":{"rendered":"<p>\u00cd foreldrar\u00e1\u00f0i veturinn 2025-2026 eru:Sonja, Karen \u00d6sp, Ald\u00eds, Krist\u00edn Anna og Mar\u00eda \u00d3sk \u00e1samt Krist\u00ednu Bj\u00f6rk leiksk\u00f3lastj\u00f3ra H\u00e9r m\u00e1 finna g\u00f6gn foreldrar\u00e1\u00f0s<\/p>\n","protected":false},"author":6,"featured_media":77,"parent":71,"menu_order":0,"comment_status":"closed","ping_status":"closed","template":"","meta":{"footnotes":""},"class_list":["post-76","page","type-page","status-publish","has-post-thumbnail","hentry"],"_links":{"self":[{"href":"https:\/\/www.lfa.is\/bakkakot\/wp-json\/wp\/v2\/pages\/76","targetHints":{"allow":["GET"]}}],"collection":[{"href":"https:\/\/www.lfa.is\/bakkakot\/wp-json\/wp\/v2\/pages"}],"about":[{"href":"https:\/\/www.lfa.is\/bakkakot\/wp-json\/wp\/v2\/types\/page"}],"author":[{"embeddable":true,"href":"https:\/\/www.lfa.is\/bakkakot\/wp-json\/wp\/v2\/users\/6"}],"replies":[{"embeddable":true,"href":"https:\/\/www.lfa.is\/bakkakot\/wp-json\/wp\/v2\/comments?post=76"}],"version-history":[{"count":8,"href":"https:\/\/www.lfa.is\/bakkakot\/wp-json\/wp\/v2\/pages\/76\/revisions"}],"predecessor-version":[{"id":8885,"href":"https:\/\/www.lfa.is\/bakkakot\/wp-json\/wp\/v2\/pages\/76\/revisions\/8885"}],"up":[{"embeddable":true,"href":"https:\/\/www.lfa.is\/bakkakot\/wp-json\/wp\/v2\/pages\/71"}],"wp:featuredmedia":[{"embeddable":true,"href":"https:\/\/www.lfa.is\/bakkakot\/wp-json\/wp\/v2\/media\/77"}],"wp:attachment":[{"href":"https:\/\/www.lfa.is\/bakkakot\/wp-json\/wp\/v2\/media?parent=76"}],"curies":[{"name":"wp","href":"https:\/\/api.w.org\/{rel}","templated":true}]}}