{"id":8585,"date":"2023-08-31T12:29:13","date_gmt":"2023-08-31T12:29:13","guid":{"rendered":"https:\/\/www.fossakot.is\/?page_id=8585"},"modified":"2023-08-31T12:29:13","modified_gmt":"2023-08-31T12:29:13","slug":"eydublod","status":"publish","type":"page","link":"https:\/\/www.lfa.is\/bakkakot\/eydublod\/","title":{"rendered":"Ey\u00f0ubl\u00f6\u00f0"},"content":{"rendered":"\n<div class=\"wp-block-file\"><a id=\"wp-block-file--media-4080a460-b0bb-44a1-a886-3a7280cd6666\" href=\"https:\/\/www.fossakot.is\/wp-content\/uploads\/2023\/08\/Breyting-a-dvalartima-.pdf\"><strong>Ums\u00f3kn um breyttan dvalart\u00edma<\/strong><\/a><a href=\"https:\/\/www.fossakot.is\/wp-content\/uploads\/2023\/08\/Breyting-a-dvalartima-.pdf\" class=\"wp-block-file__button wp-element-button\" download aria-describedby=\"wp-block-file--media-4080a460-b0bb-44a1-a886-3a7280cd6666\">S\u00e6kja<\/a><\/div>\n\n\n\n<div class=\"wp-block-file\"><a id=\"wp-block-file--media-f92ad767-0d9a-4a19-a05e-5958097e4eb9\" href=\"https:\/\/www.fossakot.is\/wp-content\/uploads\/2023\/08\/Uppsogn-a-leikskolaplassi.pdf\"><strong>Upps\u00f6gn \u00e1 leiksk\u00f3lavistun<\/strong><\/a><a href=\"https:\/\/www.fossakot.is\/wp-content\/uploads\/2023\/08\/Uppsogn-a-leikskolaplassi.pdf\" class=\"wp-block-file__button wp-element-button\" download aria-describedby=\"wp-block-file--media-f92ad767-0d9a-4a19-a05e-5958097e4eb9\">S\u00e6kja<\/a><\/div>\n","protected":false},"excerpt":{"rendered":"","protected":false},"author":4,"featured_media":0,"parent":0,"menu_order":0,"comment_status":"closed","ping_status":"closed","template":"","meta":{"footnotes":""},"class_list":["post-8585","page","type-page","status-publish","hentry"],"_links":{"self":[{"href":"https:\/\/www.lfa.is\/bakkakot\/wp-json\/wp\/v2\/pages\/8585","targetHints":{"allow":["GET"]}}],"collection":[{"href":"https:\/\/www.lfa.is\/bakkakot\/wp-json\/wp\/v2\/pages"}],"about":[{"href":"https:\/\/www.lfa.is\/bakkakot\/wp-json\/wp\/v2\/types\/page"}],"author":[{"embeddable":true,"href":"https:\/\/www.lfa.is\/bakkakot\/wp-json\/wp\/v2\/users\/4"}],"replies":[{"embeddable":true,"href":"https:\/\/www.lfa.is\/bakkakot\/wp-json\/wp\/v2\/comments?post=8585"}],"version-history":[{"count":1,"href":"https:\/\/www.lfa.is\/bakkakot\/wp-json\/wp\/v2\/pages\/8585\/revisions"}],"predecessor-version":[{"id":8589,"href":"https:\/\/www.lfa.is\/bakkakot\/wp-json\/wp\/v2\/pages\/8585\/revisions\/8589"}],"wp:attachment":[{"href":"https:\/\/www.lfa.is\/bakkakot\/wp-json\/wp\/v2\/media?parent=8585"}],"curies":[{"name":"wp","href":"https:\/\/api.w.org\/{rel}","templated":true}]}}