{"id":8765,"date":"2024-04-30T22:25:56","date_gmt":"2024-04-30T22:25:56","guid":{"rendered":"https:\/\/www.lfa.is\/bakkakot\/?page_id=8765"},"modified":"2025-05-07T09:45:15","modified_gmt":"2025-05-07T09:45:15","slug":"umsokn-3","status":"publish","type":"page","link":"https:\/\/www.lfa.is\/bakkakot\/umsokn-3\/","title":{"rendered":"Ums\u00f3kn"},"content":{"rendered":"\n<p class=\"has-larger-font-size\">S\u00f3tt er um leiksk\u00f3lavistun<a href=\"https:\/\/umsokn.vala.is\/login\"> h\u00e9r<\/a><\/p>\n\n\n\n<p><\/p>\n\n\n\n<p><\/p>\n","protected":false},"excerpt":{"rendered":"<p>S\u00f3tt er um leiksk\u00f3lavistun h\u00e9r<\/p>\n","protected":false},"author":4,"featured_media":0,"parent":0,"menu_order":0,"comment_status":"closed","ping_status":"closed","template":"","meta":{"footnotes":""},"class_list":["post-8765","page","type-page","status-publish","hentry"],"_links":{"self":[{"href":"https:\/\/www.lfa.is\/bakkakot\/wp-json\/wp\/v2\/pages\/8765","targetHints":{"allow":["GET"]}}],"collection":[{"href":"https:\/\/www.lfa.is\/bakkakot\/wp-json\/wp\/v2\/pages"}],"about":[{"href":"https:\/\/www.lfa.is\/bakkakot\/wp-json\/wp\/v2\/types\/page"}],"author":[{"embeddable":true,"href":"https:\/\/www.lfa.is\/bakkakot\/wp-json\/wp\/v2\/users\/4"}],"replies":[{"embeddable":true,"href":"https:\/\/www.lfa.is\/bakkakot\/wp-json\/wp\/v2\/comments?post=8765"}],"version-history":[{"count":4,"href":"https:\/\/www.lfa.is\/bakkakot\/wp-json\/wp\/v2\/pages\/8765\/revisions"}],"predecessor-version":[{"id":8839,"href":"https:\/\/www.lfa.is\/bakkakot\/wp-json\/wp\/v2\/pages\/8765\/revisions\/8839"}],"wp:attachment":[{"href":"https:\/\/www.lfa.is\/bakkakot\/wp-json\/wp\/v2\/media?parent=8765"}],"curies":[{"name":"wp","href":"https:\/\/api.w.org\/{rel}","templated":true}]}}