{"id":93,"date":"2021-03-10T23:31:46","date_gmt":"2021-03-10T23:31:46","guid":{"rendered":"https:\/\/www.fossakot.is\/?page_id=93"},"modified":"2024-04-02T12:25:37","modified_gmt":"2024-04-02T12:25:37","slug":"deildir-fossakots","status":"publish","type":"page","link":"https:\/\/www.lfa.is\/bakkakot\/deildir-fossakots\/","title":{"rendered":"Deildir Bakkakots"},"content":{"rendered":"\n<p>Bakkakot er \u00feriggja deilda leiksk\u00f3li sem tekur \u00e1 m\u00f3ti b\u00f6rnum vi\u00f0 9 m\u00e1na\u00f0a aldur og b\u00fd\u00f0ur upp \u00e1 vistun \u00fear til grunnsk\u00f3laganga hefst.<br>Vi\u00f0 leggjum okkar metna\u00f0 \u00ed a\u00f0 \u00f6ll b\u00f6rnin finni fyrir \u00f6ryggi, a\u00f0 \u00feau efli m\u00e1l\u00feroska sinn og f\u00e9lagsf\u00e6rni auk sj\u00e1lfmyndar og a\u00f0 \u00feau \u00f6\u00f0list sterka tr\u00fa \u00e1 sj\u00e1lfum s\u00e9r.<br>Vi\u00f0 berum vir\u00f0ingu fyrir b\u00f6rnunum, \u00fe\u00f6rfum \u00feeirra og tilfinningum.\u00a0<\/p>\n","protected":false},"excerpt":{"rendered":"<p>Bakkakot er \u00feriggja deilda leiksk\u00f3li sem tekur \u00e1 m\u00f3ti b\u00f6rnum vi\u00f0 9 m\u00e1na\u00f0a aldur og b\u00fd\u00f0ur upp \u00e1 vistun \u00fear til grunnsk\u00f3laganga hefst.Vi\u00f0 leggjum okkar metna\u00f0 \u00ed a\u00f0 \u00f6ll b\u00f6rnin finni fyrir \u00f6ryggi, a\u00f0 \u00feau efli m\u00e1l\u00feroska sinn og f\u00e9lagsf\u00e6rni auk sj\u00e1lfmyndar og a\u00f0 \u00feau \u00f6\u00f0list sterka tr\u00fa \u00e1 sj\u00e1lfum s\u00e9r.Vi\u00f0 berum vir\u00f0ingu fyrir b\u00f6rnunum,&hellip;<\/p>\n","protected":false},"author":6,"featured_media":94,"parent":0,"menu_order":0,"comment_status":"closed","ping_status":"closed","template":"","meta":{"footnotes":""},"class_list":["post-93","page","type-page","status-publish","has-post-thumbnail","hentry"],"_links":{"self":[{"href":"https:\/\/www.lfa.is\/bakkakot\/wp-json\/wp\/v2\/pages\/93","targetHints":{"allow":["GET"]}}],"collection":[{"href":"https:\/\/www.lfa.is\/bakkakot\/wp-json\/wp\/v2\/pages"}],"about":[{"href":"https:\/\/www.lfa.is\/bakkakot\/wp-json\/wp\/v2\/types\/page"}],"author":[{"embeddable":true,"href":"https:\/\/www.lfa.is\/bakkakot\/wp-json\/wp\/v2\/users\/6"}],"replies":[{"embeddable":true,"href":"https:\/\/www.lfa.is\/bakkakot\/wp-json\/wp\/v2\/comments?post=93"}],"version-history":[{"count":3,"href":"https:\/\/www.lfa.is\/bakkakot\/wp-json\/wp\/v2\/pages\/93\/revisions"}],"predecessor-version":[{"id":8721,"href":"https:\/\/www.lfa.is\/bakkakot\/wp-json\/wp\/v2\/pages\/93\/revisions\/8721"}],"wp:featuredmedia":[{"embeddable":true,"href":"https:\/\/www.lfa.is\/bakkakot\/wp-json\/wp\/v2\/media\/94"}],"wp:attachment":[{"href":"https:\/\/www.lfa.is\/bakkakot\/wp-json\/wp\/v2\/media?parent=93"}],"curies":[{"name":"wp","href":"https:\/\/api.w.org\/{rel}","templated":true}]}}