{"id":104,"date":"2021-03-10T23:07:41","date_gmt":"2021-03-10T23:07:41","guid":{"rendered":"https:\/\/www.korpukot.is\/?page_id=104"},"modified":"2025-08-20T22:17:40","modified_gmt":"2025-08-20T22:17:40","slug":"bjartakot","status":"publish","type":"page","link":"https:\/\/www.lfa.is\/korpukot\/deildir-korpukots\/bjartakot\/","title":{"rendered":"Bjartakot"},"content":{"rendered":"\n<p>Bjartakot er 20-25 barna deild og \u00e1 henni eru elstu b\u00f6rnin f\u00f6gurra \u00e1ra en \u00feau yngstu a\u00f0 n\u00e1lgast tveggja \u00e1ra. B\u00f6rnin eru \u00ed skipul\u00f6g\u00f0um leik, f\u00e1 \u00fej\u00e1lfun \u00ed f\u00e9lagsf\u00e6rni og ger\u00f0ar eru kr\u00f6fur til \u00feeirra hva\u00f0 var\u00f0ar m\u00e1l og sj\u00e1lfsbj\u00f6rg.<\/p>\n\n\n\n<p>\u00c1 deildinnii er skipulagt h\u00f3pastarf. \u00cd h\u00f3punum eru sex til sj\u00f6 b\u00f6rn, einn starfsma\u00f0ur fylgir svo hverjum h\u00f3p \u00ed h\u00f3pastarfi, TRAS-vinnustundum og \u00fativeru.<\/p>\n\n\n\n<p>\u00deessi h\u00f3paskipting au\u00f0veldar yfirs\u00fdn starfsmanna og eykur \u00f6ryggistilfinningu barnanna. B\u00f6rnunum er skipt \u00ed h\u00f3pa eftir aldri og \u00feroska. \u00cd h\u00f3pastarfi er unni\u00f0 me\u00f0 alls kyns \u00feemu \u00e1 margsskonar h\u00e1tt, til d\u00e6mis: \u00c9g og leiksk\u00f3linn, fj\u00f6lskyldan m\u00edn, l\u00edkaminn minn og skynf\u00e6rin, matarr\u00e6\u00f0i, hreyfing, heilsa og fleira.<\/p>\n\n\n\n<p>\u00d6ll b\u00f6rn fara einu sinni \u00ed viku \u00ed h\u00f3pastarf, einu sinni \u00ed viku \u00ed TRAS-vinnustund og \u00fativeru eins oft og ve\u00f0ur leyfir. S\u00f6ngstund er einu sinni \u00ed viku me\u00f0 \u00f6\u00f0rum deildum leiksk\u00f3lans.<\/p>\n\n\n\n<p>TRAS-vinnustundir eru m\u00e1l\u00f6rvunarstundir sem h\u00f3purinn \u00e1 \u00ed r\u00f3legheitum me\u00f0 s\u00ednum h\u00f3pstj\u00f3ra. TRAS (Tidlig Registrering Av Spr\u00e5kudvikling) er skr\u00e1ning \u00e1 m\u00e1l\u00feroska sem grundvallast \u00e1 markvissum athugunum \u00ed daglegum samskiptum vi\u00f0 barni\u00f0. Pr\u00f3fi\u00f0 er byggt \u00e1 fr\u00e6\u00f0ilegum grunni, \u00fear sem leitast er vi\u00f0 a\u00f0 svara spurningum sem bygg\u00f0ar eru \u00e1 ni\u00f0urst\u00f6\u00f0um \u00feekkta atferlis- og m\u00e1l\u00feroskakvar\u00f0a.<\/p>\n\n\n\n<p><a href=\"https:\/\/www.lfa.is\/korpukot\/starfsfolk\/starfsfolk-bjartakots\/\">H\u00e9r m\u00e1 finna starfsf\u00f3lk Bjartakots<\/a><\/p>\n\n\n\n<figure class=\"wp-block-image size-large\"><img loading=\"lazy\" decoding=\"async\" width=\"300\" height=\"418\" src=\"https:\/\/www.korpukot.is\/wp-content\/uploads\/2021\/03\/19792.png\" alt=\"\" class=\"wp-image-105\" srcset=\"https:\/\/www.lfa.is\/korpukot\/wp-content\/uploads\/2021\/03\/19792.png 300w, https:\/\/www.lfa.is\/korpukot\/wp-content\/uploads\/2021\/03\/19792-215x300.png 215w\" sizes=\"auto, (max-width: 300px) 100vw, 300px\" \/><\/figure>\n","protected":false},"excerpt":{"rendered":"<p>Bjartakot er 20-25 barna deild og \u00e1 henni eru elstu b\u00f6rnin f\u00f6gurra \u00e1ra en \u00feau yngstu a\u00f0 n\u00e1lgast tveggja \u00e1ra. B\u00f6rnin eru \u00ed skipul\u00f6g\u00f0um leik, f\u00e1 \u00fej\u00e1lfun \u00ed f\u00e9lagsf\u00e6rni og ger\u00f0ar eru kr\u00f6fur til \u00feeirra hva\u00f0 var\u00f0ar m\u00e1l og sj\u00e1lfsbj\u00f6rg. \u00c1 deildinnii er skipulagt h\u00f3pastarf. \u00cd h\u00f3punum eru sex til sj\u00f6 b\u00f6rn, einn starfsma\u00f0ur fylgir&hellip;<\/p>\n","protected":false},"author":1,"featured_media":0,"parent":89,"menu_order":0,"comment_status":"closed","ping_status":"closed","template":"","meta":{"footnotes":""},"class_list":["post-104","page","type-page","status-publish","hentry"],"_links":{"self":[{"href":"https:\/\/www.lfa.is\/korpukot\/wp-json\/wp\/v2\/pages\/104","targetHints":{"allow":["GET"]}}],"collection":[{"href":"https:\/\/www.lfa.is\/korpukot\/wp-json\/wp\/v2\/pages"}],"about":[{"href":"https:\/\/www.lfa.is\/korpukot\/wp-json\/wp\/v2\/types\/page"}],"author":[{"embeddable":true,"href":"https:\/\/www.lfa.is\/korpukot\/wp-json\/wp\/v2\/users\/1"}],"replies":[{"embeddable":true,"href":"https:\/\/www.lfa.is\/korpukot\/wp-json\/wp\/v2\/comments?post=104"}],"version-history":[{"count":2,"href":"https:\/\/www.lfa.is\/korpukot\/wp-json\/wp\/v2\/pages\/104\/revisions"}],"predecessor-version":[{"id":8177,"href":"https:\/\/www.lfa.is\/korpukot\/wp-json\/wp\/v2\/pages\/104\/revisions\/8177"}],"up":[{"embeddable":true,"href":"https:\/\/www.lfa.is\/korpukot\/wp-json\/wp\/v2\/pages\/89"}],"wp:attachment":[{"href":"https:\/\/www.lfa.is\/korpukot\/wp-json\/wp\/v2\/media?parent=104"}],"curies":[{"name":"wp","href":"https:\/\/api.w.org\/{rel}","templated":true}]}}