{"id":107,"date":"2021-03-10T23:08:08","date_gmt":"2021-03-10T23:08:08","guid":{"rendered":"https:\/\/www.korpukot.is\/?page_id=107"},"modified":"2025-11-05T12:41:13","modified_gmt":"2025-11-05T12:41:13","slug":"starfsfolk-bjartakots","status":"publish","type":"page","link":"https:\/\/www.lfa.is\/korpukot\/starfsfolk\/starfsfolk-bjartakots\/","title":{"rendered":"Starfsf\u00f3lk Bjartakots"},"content":{"rendered":"\n<p><\/p>\n\n\n\n<div class=\"wp-block-media-text alignwide is-stacked-on-mobile\" style=\"grid-template-columns:20% auto\"><figure class=\"wp-block-media-text__media\"><img loading=\"lazy\" decoding=\"async\" width=\"326\" height=\"414\" src=\"https:\/\/www.lfa.is\/korpukot\/wp-content\/uploads\/2025\/08\/Dorotea.png\" alt=\"\" class=\"wp-image-8119 size-full\" srcset=\"https:\/\/www.lfa.is\/korpukot\/wp-content\/uploads\/2025\/08\/Dorotea.png 326w, https:\/\/www.lfa.is\/korpukot\/wp-content\/uploads\/2025\/08\/Dorotea-236x300.png 236w\" sizes=\"auto, (max-width: 326px) 100vw, 326px\" \/><\/figure><div class=\"wp-block-media-text__content\">\n<p class=\"has-large-font-size\">D\u00f3r\u00f3tea<\/p>\n\n\n\n<p>Deildarstj\u00f3ri<\/p>\n\n\n\n<p>dorotea@lfa.is<\/p>\n\n\n\n<p>Leiksk\u00f3lali\u00f0i<\/p>\n<\/div><\/div>\n\n\n\n<div class=\"wp-block-media-text alignwide is-stacked-on-mobile\" style=\"grid-template-columns:20% auto\"><figure class=\"wp-block-media-text__media\"><img loading=\"lazy\" decoding=\"async\" width=\"748\" height=\"1024\" src=\"https:\/\/www.lfa.is\/korpukot\/wp-content\/uploads\/2025\/08\/Aldis.jpg\" alt=\"\" class=\"wp-image-8121 size-full\" srcset=\"https:\/\/www.lfa.is\/korpukot\/wp-content\/uploads\/2025\/08\/Aldis.jpg 748w, https:\/\/www.lfa.is\/korpukot\/wp-content\/uploads\/2025\/08\/Aldis-219x300.jpg 219w\" sizes=\"auto, (max-width: 748px) 100vw, 748px\" \/><\/figure><div class=\"wp-block-media-text__content\">\n<p class=\"has-large-font-size\">Ald\u00eds Lena<\/p>\n\n\n\n<p>Leiksk\u00f3lali\u00f0i<br><\/p>\n<\/div><\/div>\n\n\n\n<div class=\"wp-block-media-text alignwide is-stacked-on-mobile\" style=\"grid-template-columns:20% auto\"><figure class=\"wp-block-media-text__media\"><img loading=\"lazy\" decoding=\"async\" width=\"768\" height=\"1024\" src=\"https:\/\/www.lfa.is\/korpukot\/wp-content\/uploads\/2025\/08\/Anna-Maria.jpg\" alt=\"\" class=\"wp-image-8123 size-full\" srcset=\"https:\/\/www.lfa.is\/korpukot\/wp-content\/uploads\/2025\/08\/Anna-Maria.jpg 768w, https:\/\/www.lfa.is\/korpukot\/wp-content\/uploads\/2025\/08\/Anna-Maria-225x300.jpg 225w\" sizes=\"auto, (max-width: 768px) 100vw, 768px\" \/><\/figure><div class=\"wp-block-media-text__content\">\n<p class=\"has-large-font-size\">Anna Maria<\/p>\n\n\n\n<p>Kennari<br><\/p>\n<\/div><\/div>\n\n\n\n<div class=\"wp-block-media-text alignwide is-stacked-on-mobile\" style=\"grid-template-columns:20% auto\"><figure class=\"wp-block-media-text__media\"><img loading=\"lazy\" decoding=\"async\" width=\"780\" height=\"1024\" src=\"https:\/\/www.lfa.is\/korpukot\/wp-content\/uploads\/2025\/08\/Lara.jpg\" alt=\"\" class=\"wp-image-8120 size-full\" srcset=\"https:\/\/www.lfa.is\/korpukot\/wp-content\/uploads\/2025\/08\/Lara.jpg 780w, https:\/\/www.lfa.is\/korpukot\/wp-content\/uploads\/2025\/08\/Lara-229x300.jpg 229w, https:\/\/www.lfa.is\/korpukot\/wp-content\/uploads\/2025\/08\/Lara-768x1008.jpg 768w\" sizes=\"auto, (max-width: 780px) 100vw, 780px\" \/><\/figure><div class=\"wp-block-media-text__content\">\n<p class=\"has-large-font-size\">L\u00e1ra<\/p>\n\n\n\n<p>Lei\u00f0beinandi<br><\/p>\n\n\n\n<p><\/p>\n<\/div><\/div>\n\n\n\n<div class=\"wp-block-media-text alignwide is-stacked-on-mobile\" style=\"grid-template-columns:20% auto\"><figure class=\"wp-block-media-text__media\"><img loading=\"lazy\" decoding=\"async\" width=\"790\" height=\"1024\" src=\"https:\/\/www.lfa.is\/korpukot\/wp-content\/uploads\/2025\/11\/Diana-1-790x1024.jpg\" alt=\"\" class=\"wp-image-8229 size-full\" srcset=\"https:\/\/www.lfa.is\/korpukot\/wp-content\/uploads\/2025\/11\/Diana-1-790x1024.jpg 790w, https:\/\/www.lfa.is\/korpukot\/wp-content\/uploads\/2025\/11\/Diana-1-231x300.jpg 231w, https:\/\/www.lfa.is\/korpukot\/wp-content\/uploads\/2025\/11\/Diana-1-768x995.jpg 768w, https:\/\/www.lfa.is\/korpukot\/wp-content\/uploads\/2025\/11\/Diana-1-1185x1536.jpg 1185w, https:\/\/www.lfa.is\/korpukot\/wp-content\/uploads\/2025\/11\/Diana-1-1200x1555.jpg 1200w, https:\/\/www.lfa.is\/korpukot\/wp-content\/uploads\/2025\/11\/Diana-1.jpg 1284w\" sizes=\"auto, (max-width: 790px) 100vw, 790px\" \/><\/figure><div class=\"wp-block-media-text__content\">\n<p class=\"has-large-font-size\">D\u00edana Lilja<\/p>\n\n\n\n<p>Lei\u00f0beinandi<br><\/p>\n\n\n\n<p><\/p>\n<\/div><\/div>\n","protected":false},"excerpt":{"rendered":"<p>D\u00f3r\u00f3tea Deildarstj\u00f3ri dorotea@lfa.is Leiksk\u00f3lali\u00f0i Ald\u00eds Lena Leiksk\u00f3lali\u00f0i Anna Maria Kennari L\u00e1ra Lei\u00f0beinandi D\u00edana Lilja Lei\u00f0beinandi<\/p>\n","protected":false},"author":1,"featured_media":0,"parent":8172,"menu_order":0,"comment_status":"closed","ping_status":"closed","template":"","meta":{"footnotes":""},"class_list":["post-107","page","type-page","status-publish","hentry"],"_links":{"self":[{"href":"https:\/\/www.lfa.is\/korpukot\/wp-json\/wp\/v2\/pages\/107","targetHints":{"allow":["GET"]}}],"collection":[{"href":"https:\/\/www.lfa.is\/korpukot\/wp-json\/wp\/v2\/pages"}],"about":[{"href":"https:\/\/www.lfa.is\/korpukot\/wp-json\/wp\/v2\/types\/page"}],"author":[{"embeddable":true,"href":"https:\/\/www.lfa.is\/korpukot\/wp-json\/wp\/v2\/users\/1"}],"replies":[{"embeddable":true,"href":"https:\/\/www.lfa.is\/korpukot\/wp-json\/wp\/v2\/comments?post=107"}],"version-history":[{"count":10,"href":"https:\/\/www.lfa.is\/korpukot\/wp-json\/wp\/v2\/pages\/107\/revisions"}],"predecessor-version":[{"id":8230,"href":"https:\/\/www.lfa.is\/korpukot\/wp-json\/wp\/v2\/pages\/107\/revisions\/8230"}],"up":[{"embeddable":true,"href":"https:\/\/www.lfa.is\/korpukot\/wp-json\/wp\/v2\/pages\/8172"}],"wp:attachment":[{"href":"https:\/\/www.lfa.is\/korpukot\/wp-json\/wp\/v2\/media?parent=107"}],"curies":[{"name":"wp","href":"https:\/\/api.w.org\/{rel}","templated":true}]}}