{"id":112,"date":"2021-03-10T23:09:25","date_gmt":"2021-03-10T23:09:25","guid":{"rendered":"https:\/\/www.korpukot.is\/?page_id=112"},"modified":"2026-02-24T13:57:11","modified_gmt":"2026-02-24T13:57:11","slug":"starfsfolk-fagrakots","status":"publish","type":"page","link":"https:\/\/www.lfa.is\/korpukot\/starfsfolk\/starfsfolk-fagrakots\/","title":{"rendered":"Starfsf\u00f3lk Fagrakots"},"content":{"rendered":"\n<div class=\"wp-block-media-text alignwide is-stacked-on-mobile\" style=\"grid-template-columns:20% auto\"><figure class=\"wp-block-media-text__media\"><img loading=\"lazy\" decoding=\"async\" width=\"350\" height=\"454\" src=\"https:\/\/www.lfa.is\/korpukot\/wp-content\/uploads\/2025\/08\/Screenshot-2025-08-20-at-21.25.16-1.png\" alt=\"\" class=\"wp-image-8125 size-full\" srcset=\"https:\/\/www.lfa.is\/korpukot\/wp-content\/uploads\/2025\/08\/Screenshot-2025-08-20-at-21.25.16-1.png 350w, https:\/\/www.lfa.is\/korpukot\/wp-content\/uploads\/2025\/08\/Screenshot-2025-08-20-at-21.25.16-1-231x300.png 231w\" sizes=\"auto, (max-width: 350px) 100vw, 350px\" \/><\/figure><div class=\"wp-block-media-text__content\">\n<p class=\"has-large-font-size\">\u00c1rn\u00fd<\/p>\n\n\n\n<p>Deildarstj\u00f3ri<\/p>\n\n\n\n<p>arny@lfa.is<\/p>\n\n\n\n<p>Nemi \u00ed leiksk\u00f3lakennaran\u00e1mi<\/p>\n<\/div><\/div>\n\n\n\n<div class=\"wp-block-media-text alignwide is-stacked-on-mobile\" style=\"grid-template-columns:20% auto\"><figure class=\"wp-block-media-text__media\"><img loading=\"lazy\" decoding=\"async\" width=\"789\" height=\"1024\" src=\"https:\/\/www.lfa.is\/korpukot\/wp-content\/uploads\/2025\/08\/Alex.jpg\" alt=\"\" class=\"wp-image-8127 size-full\" srcset=\"https:\/\/www.lfa.is\/korpukot\/wp-content\/uploads\/2025\/08\/Alex.jpg 789w, https:\/\/www.lfa.is\/korpukot\/wp-content\/uploads\/2025\/08\/Alex-231x300.jpg 231w, https:\/\/www.lfa.is\/korpukot\/wp-content\/uploads\/2025\/08\/Alex-768x997.jpg 768w\" sizes=\"auto, (max-width: 789px) 100vw, 789px\" \/><\/figure><div class=\"wp-block-media-text__content\">\n<p class=\"has-large-font-size\">Alex Freyr<\/p>\n\n\n\n<p>Lei\u00f0beinandi &#8211; \u00ed leyfi<\/p>\n<\/div><\/div>\n\n\n\n<div class=\"wp-block-media-text alignwide is-stacked-on-mobile\" style=\"grid-template-columns:20% auto\"><figure class=\"wp-block-media-text__media\"><img loading=\"lazy\" decoding=\"async\" width=\"828\" height=\"1024\" src=\"https:\/\/www.lfa.is\/korpukot\/wp-content\/uploads\/2025\/08\/Bjorn.jpeg\" alt=\"\" class=\"wp-image-8126 size-full\" srcset=\"https:\/\/www.lfa.is\/korpukot\/wp-content\/uploads\/2025\/08\/Bjorn.jpeg 828w, https:\/\/www.lfa.is\/korpukot\/wp-content\/uploads\/2025\/08\/Bjorn-243x300.jpeg 243w, https:\/\/www.lfa.is\/korpukot\/wp-content\/uploads\/2025\/08\/Bjorn-768x950.jpeg 768w\" sizes=\"auto, (max-width: 828px) 100vw, 828px\" \/><\/figure><div class=\"wp-block-media-text__content\">\n<p class=\"has-large-font-size\">Bj\u00f6rn J\u00f3el<\/p>\n\n\n\n<p>Lei\u00f0beinandi<\/p>\n<\/div><\/div>\n\n\n\n<div class=\"wp-block-media-text alignwide is-stacked-on-mobile\" style=\"grid-template-columns:20% auto\"><figure class=\"wp-block-media-text__media\"><img loading=\"lazy\" decoding=\"async\" width=\"733\" height=\"1024\" src=\"https:\/\/www.lfa.is\/korpukot\/wp-content\/uploads\/2025\/08\/Elin-Lara.jpg\" alt=\"\" class=\"wp-image-8129 size-full\" srcset=\"https:\/\/www.lfa.is\/korpukot\/wp-content\/uploads\/2025\/08\/Elin-Lara.jpg 733w, https:\/\/www.lfa.is\/korpukot\/wp-content\/uploads\/2025\/08\/Elin-Lara-215x300.jpg 215w\" sizes=\"auto, (max-width: 733px) 100vw, 733px\" \/><\/figure><div class=\"wp-block-media-text__content\">\n<p class=\"has-large-font-size\">El\u00edn L\u00e1ra<\/p>\n\n\n\n<p>Lei\u00f0beinandi<\/p>\n<\/div><\/div>\n\n\n\n<div class=\"wp-block-media-text alignwide is-stacked-on-mobile\" style=\"grid-template-columns:20% auto\"><figure class=\"wp-block-media-text__media\"><img loading=\"lazy\" decoding=\"async\" width=\"559\" height=\"1024\" src=\"https:\/\/www.lfa.is\/korpukot\/wp-content\/uploads\/2025\/08\/Malla.jpg\" alt=\"\" class=\"wp-image-8130 size-full\" srcset=\"https:\/\/www.lfa.is\/korpukot\/wp-content\/uploads\/2025\/08\/Malla.jpg 559w, https:\/\/www.lfa.is\/korpukot\/wp-content\/uploads\/2025\/08\/Malla-164x300.jpg 164w\" sizes=\"auto, (max-width: 559px) 100vw, 559px\" \/><\/figure><div class=\"wp-block-media-text__content\">\n<p class=\"has-large-font-size\">Marlena (Malla)<\/p>\n\n\n\n<p>Lei\u00f0beinandi<\/p>\n\n\n\n<p>\u00cd n\u00e1mi leiksk\u00f3lali\u00f0a<\/p>\n<\/div><\/div>\n","protected":false},"excerpt":{"rendered":"<p>\u00c1rn\u00fd Deildarstj\u00f3ri arny@lfa.is Nemi \u00ed leiksk\u00f3lakennaran\u00e1mi Alex Freyr Lei\u00f0beinandi &#8211; \u00ed leyfi Bj\u00f6rn J\u00f3el Lei\u00f0beinandi El\u00edn L\u00e1ra Lei\u00f0beinandi Marlena (Malla) Lei\u00f0beinandi \u00cd n\u00e1mi leiksk\u00f3lali\u00f0a<\/p>\n","protected":false},"author":1,"featured_media":0,"parent":8172,"menu_order":0,"comment_status":"closed","ping_status":"closed","template":"","meta":{"footnotes":""},"class_list":["post-112","page","type-page","status-publish","hentry"],"_links":{"self":[{"href":"https:\/\/www.lfa.is\/korpukot\/wp-json\/wp\/v2\/pages\/112","targetHints":{"allow":["GET"]}}],"collection":[{"href":"https:\/\/www.lfa.is\/korpukot\/wp-json\/wp\/v2\/pages"}],"about":[{"href":"https:\/\/www.lfa.is\/korpukot\/wp-json\/wp\/v2\/types\/page"}],"author":[{"embeddable":true,"href":"https:\/\/www.lfa.is\/korpukot\/wp-json\/wp\/v2\/users\/1"}],"replies":[{"embeddable":true,"href":"https:\/\/www.lfa.is\/korpukot\/wp-json\/wp\/v2\/comments?post=112"}],"version-history":[{"count":10,"href":"https:\/\/www.lfa.is\/korpukot\/wp-json\/wp\/v2\/pages\/112\/revisions"}],"predecessor-version":[{"id":8288,"href":"https:\/\/www.lfa.is\/korpukot\/wp-json\/wp\/v2\/pages\/112\/revisions\/8288"}],"up":[{"embeddable":true,"href":"https:\/\/www.lfa.is\/korpukot\/wp-json\/wp\/v2\/pages\/8172"}],"wp:attachment":[{"href":"https:\/\/www.lfa.is\/korpukot\/wp-json\/wp\/v2\/media?parent=112"}],"curies":[{"name":"wp","href":"https:\/\/api.w.org\/{rel}","templated":true}]}}