{"id":125,"date":"2021-03-10T23:13:56","date_gmt":"2021-03-10T23:13:56","guid":{"rendered":"https:\/\/www.korpukot.is\/?page_id=125"},"modified":"2026-02-02T12:01:46","modified_gmt":"2026-02-02T12:01:46","slug":"foreldrafelag","status":"publish","type":"page","link":"https:\/\/www.lfa.is\/korpukot\/foreldrasamstarf\/foreldrafelag\/","title":{"rendered":"Foreldraf\u00e9lag"},"content":{"rendered":"\n<p><strong>Tilgangur foreldraf\u00e9lagsins<\/strong> er a\u00f0 virkja foreldra til a\u00f0 taka frekari \u00fe\u00e1tt \u00ed leiksk\u00f3lastarfinu me\u00f0 \u00fdmsum upp\u00e1komum og vi\u00f0bur\u00f0um sem gefa foreldrum, b\u00f6rnum og starfsf\u00f3lki leiksk\u00f3lans t\u00e6kif\u00e6ri til a\u00f0 kynnast betur innbyr\u00f0is.<br>Vi\u00f0 viljum eindregi\u00f0 hvetja foreldra\/forr\u00e1\u00f0amenn til a\u00f0 senda okkur p\u00f3st me\u00f0 \u00e1bendingum um skemmtilega vi\u00f0bur\u00f0i sem foreldraf\u00e9lagi\u00f0 g\u00e6ti sta\u00f0i\u00f0 a\u00f0, \u00e1bendingum og spurningum.<br><strong>F\u00e9lagsgjald<\/strong> er kr. 4000.- og er \u00fea\u00f0 innheimt \u00ed tvennu lagi &#8211; kr. 2000.- \u00ed senn. Veittur er systkinaafsl\u00e1ttur &#8211; 50% fyrir anna\u00f0 barni\u00f0 (\u00feri\u00f0ja, o.s. frv.).<\/p>\n\n\n\n<div class=\"wp-block-file\"><a href=\"https:\/\/www.korpukot.is\/wp-content\/uploads\/2021\/03\/fundargerd_adalfundar_foreldrafelags_korpukots_2012.docx\">Fundarger\u00f0 a\u00f0alfundar 2012<\/a><a href=\"https:\/\/www.korpukot.is\/wp-content\/uploads\/2021\/03\/fundargerd_adalfundar_foreldrafelags_korpukots_2012.docx\" class=\"wp-block-file__button wp-element-button\" download>S\u00c6KJA<\/a><\/div>\n\n\n\n<div class=\"wp-block-file\"><a href=\"https:\/\/www.korpukot.is\/wp-content\/uploads\/2021\/03\/for.fel_.stj_.14.docx\">Stj\u00f3rn foreldraf\u00e9lagsins<\/a><a href=\"https:\/\/www.korpukot.is\/wp-content\/uploads\/2021\/03\/for.fel_.stj_.14.docx\" class=\"wp-block-file__button wp-element-button\" download>S\u00c6KJA<\/a><\/div>\n\n\n\n<p>Foreldraf\u00e9lag hefur \u00fea\u00f0 markmi\u00f0 a\u00f0 virkja samstarf heimilis og leiksk\u00f3la me\u00f0 \u00fdmsum vi\u00f0bur\u00f0um. Stj\u00f3rn foreldraf\u00e9lagsins einsetur s\u00e9r a\u00f0 skipuleggja \u00f6flugt og gj\u00f6fult starf, \u00fear sem allir geta fundi\u00f0 eitthva\u00f0 vi\u00f0 sitt h\u00e6fi. Foreldraf\u00e9l\u00f6gin eru tv\u00f6, \u00ed Fossakoti annars vegar og Korpukoti hinsvegar.&nbsp;<\/p>\n","protected":false},"excerpt":{"rendered":"<p>Tilgangur foreldraf\u00e9lagsins er a\u00f0 virkja foreldra til a\u00f0 taka frekari \u00fe\u00e1tt \u00ed leiksk\u00f3lastarfinu me\u00f0 \u00fdmsum upp\u00e1komum og vi\u00f0bur\u00f0um sem gefa foreldrum, b\u00f6rnum og starfsf\u00f3lki leiksk\u00f3lans t\u00e6kif\u00e6ri til a\u00f0 kynnast betur innbyr\u00f0is.Vi\u00f0 viljum eindregi\u00f0 hvetja foreldra\/forr\u00e1\u00f0amenn til a\u00f0 senda okkur p\u00f3st me\u00f0 \u00e1bendingum um skemmtilega vi\u00f0bur\u00f0i sem foreldraf\u00e9lagi\u00f0 g\u00e6ti sta\u00f0i\u00f0 a\u00f0, \u00e1bendingum og spurningum.F\u00e9lagsgjald er kr.&hellip;<\/p>\n","protected":false},"author":1,"featured_media":128,"parent":123,"menu_order":0,"comment_status":"closed","ping_status":"closed","template":"","meta":{"footnotes":""},"class_list":["post-125","page","type-page","status-publish","has-post-thumbnail","hentry"],"_links":{"self":[{"href":"https:\/\/www.lfa.is\/korpukot\/wp-json\/wp\/v2\/pages\/125","targetHints":{"allow":["GET"]}}],"collection":[{"href":"https:\/\/www.lfa.is\/korpukot\/wp-json\/wp\/v2\/pages"}],"about":[{"href":"https:\/\/www.lfa.is\/korpukot\/wp-json\/wp\/v2\/types\/page"}],"author":[{"embeddable":true,"href":"https:\/\/www.lfa.is\/korpukot\/wp-json\/wp\/v2\/users\/1"}],"replies":[{"embeddable":true,"href":"https:\/\/www.lfa.is\/korpukot\/wp-json\/wp\/v2\/comments?post=125"}],"version-history":[{"count":4,"href":"https:\/\/www.lfa.is\/korpukot\/wp-json\/wp\/v2\/pages\/125\/revisions"}],"predecessor-version":[{"id":8267,"href":"https:\/\/www.lfa.is\/korpukot\/wp-json\/wp\/v2\/pages\/125\/revisions\/8267"}],"up":[{"embeddable":true,"href":"https:\/\/www.lfa.is\/korpukot\/wp-json\/wp\/v2\/pages\/123"}],"wp:featuredmedia":[{"embeddable":true,"href":"https:\/\/www.lfa.is\/korpukot\/wp-json\/wp\/v2\/media\/128"}],"wp:attachment":[{"href":"https:\/\/www.lfa.is\/korpukot\/wp-json\/wp\/v2\/media?parent=125"}],"curies":[{"name":"wp","href":"https:\/\/api.w.org\/{rel}","templated":true}]}}