{"id":130,"date":"2021-03-10T23:18:02","date_gmt":"2021-03-10T23:18:02","guid":{"rendered":"https:\/\/www.korpukot.is\/?page_id=130"},"modified":"2025-11-18T13:16:21","modified_gmt":"2025-11-18T13:16:21","slug":"foreldrarad","status":"publish","type":"page","link":"https:\/\/www.lfa.is\/korpukot\/foreldrasamstarf\/foreldrarad\/","title":{"rendered":"Foreldrar\u00e1\u00f0"},"content":{"rendered":"\n<p>\u00cd foreldrar\u00e1\u00f0i veturinn 2025-2026 eru:<br>Sonja, Karen \u00d6sp, Ald\u00eds, Krist\u00edn Anna og Mar\u00eda \u00d3sk \u00e1samt Krist\u00ednu Bj\u00f6rk leiksk\u00f3lastj\u00f3ra<\/p>\n\n\n\n<p>H\u00e9r m\u00e1 finna g\u00f6gn foreldrar\u00e1\u00f0s<\/p>\n\n\n\n<div class=\"wp-block-file\"><a id=\"wp-block-file--media-cdc7af80-0b3f-4f5a-b7c0-8c8e3d3bee98\" href=\"https:\/\/www.lfa.is\/korpukot\/wp-content\/uploads\/2025\/11\/Starfsreglur-25-26-1.pdf\">Starfsreglur foreldrar\u00e1\u00f0s<\/a><a href=\"https:\/\/www.lfa.is\/korpukot\/wp-content\/uploads\/2025\/11\/Starfsreglur-25-26-1.pdf\" class=\"wp-block-file__button wp-element-button\" download aria-describedby=\"wp-block-file--media-cdc7af80-0b3f-4f5a-b7c0-8c8e3d3bee98\">S\u00e6kja<\/a><\/div>\n\n\n\n<div class=\"wp-block-file\"><a id=\"wp-block-file--media-cf9d6c52-3115-4cf6-96a8-b1e8e5bca1cb\" href=\"https:\/\/www.lfa.is\/korpukot\/wp-content\/uploads\/2025\/11\/Fundargerd-for.rad-2025.pdf\">Fundarger\u00f0 foreldrar\u00e1\u00f0s 18.n\u00f3v 2025<\/a><a href=\"https:\/\/www.lfa.is\/korpukot\/wp-content\/uploads\/2025\/11\/Fundargerd-for.rad-2025.pdf\" class=\"wp-block-file__button wp-element-button\" download aria-describedby=\"wp-block-file--media-cf9d6c52-3115-4cf6-96a8-b1e8e5bca1cb\">S\u00e6kja<\/a><\/div>\n","protected":false},"excerpt":{"rendered":"<p>\u00cd foreldrar\u00e1\u00f0i veturinn 2025-2026 eru:Sonja, Karen \u00d6sp, Ald\u00eds, Krist\u00edn Anna og Mar\u00eda \u00d3sk \u00e1samt Krist\u00ednu Bj\u00f6rk leiksk\u00f3lastj\u00f3ra H\u00e9r m\u00e1 finna g\u00f6gn foreldrar\u00e1\u00f0s<\/p>\n","protected":false},"author":1,"featured_media":131,"parent":123,"menu_order":0,"comment_status":"closed","ping_status":"closed","template":"","meta":{"footnotes":""},"class_list":["post-130","page","type-page","status-publish","has-post-thumbnail","hentry"],"_links":{"self":[{"href":"https:\/\/www.lfa.is\/korpukot\/wp-json\/wp\/v2\/pages\/130","targetHints":{"allow":["GET"]}}],"collection":[{"href":"https:\/\/www.lfa.is\/korpukot\/wp-json\/wp\/v2\/pages"}],"about":[{"href":"https:\/\/www.lfa.is\/korpukot\/wp-json\/wp\/v2\/types\/page"}],"author":[{"embeddable":true,"href":"https:\/\/www.lfa.is\/korpukot\/wp-json\/wp\/v2\/users\/1"}],"replies":[{"embeddable":true,"href":"https:\/\/www.lfa.is\/korpukot\/wp-json\/wp\/v2\/comments?post=130"}],"version-history":[{"count":5,"href":"https:\/\/www.lfa.is\/korpukot\/wp-json\/wp\/v2\/pages\/130\/revisions"}],"predecessor-version":[{"id":8240,"href":"https:\/\/www.lfa.is\/korpukot\/wp-json\/wp\/v2\/pages\/130\/revisions\/8240"}],"up":[{"embeddable":true,"href":"https:\/\/www.lfa.is\/korpukot\/wp-json\/wp\/v2\/pages\/123"}],"wp:featuredmedia":[{"embeddable":true,"href":"https:\/\/www.lfa.is\/korpukot\/wp-json\/wp\/v2\/media\/131"}],"wp:attachment":[{"href":"https:\/\/www.lfa.is\/korpukot\/wp-json\/wp\/v2\/media?parent=130"}],"curies":[{"name":"wp","href":"https:\/\/api.w.org\/{rel}","templated":true}]}}