{"id":35,"date":"2021-03-01T23:42:39","date_gmt":"2021-03-01T23:42:39","guid":{"rendered":"https:\/\/www.korpukot.is\/?page_id=35"},"modified":"2026-04-10T08:37:30","modified_gmt":"2026-04-10T08:37:30","slug":"matsedill","status":"publish","type":"page","link":"https:\/\/www.lfa.is\/korpukot\/matsedill\/","title":{"rendered":"Matse\u00f0ill"},"content":{"rendered":"\n<p>Matse\u00f0ill \u00ed apr\u00edl<\/p>\n\n\n<iframe loading=\"lazy\" class=\"embed-pdf-viewer\" src=\"https:\/\/www.lfa.is\/korpukot\/wp-content\/uploads\/2026\/04\/april-2026.pdf\" height=\"600\" width=\"600\" title=\"Array\"><\/iframe>","protected":false},"excerpt":{"rendered":"<p>Matse\u00f0ill \u00ed apr\u00edl<\/p>\n","protected":false},"author":1,"featured_media":0,"parent":0,"menu_order":0,"comment_status":"closed","ping_status":"closed","template":"","meta":{"_price":"","_stock":"","_tribe_ticket_header":"","_tribe_default_ticket_provider":"","_tribe_ticket_capacity":"0","_ticket_start_date":"","_ticket_end_date":"","_tribe_ticket_show_description":"","_tribe_ticket_show_not_going":false,"_tribe_ticket_use_global_stock":"","_tribe_ticket_global_stock_level":"","_global_stock_mode":"","_global_stock_cap":"","_tribe_rsvp_for_event":"","_tribe_ticket_going_count":"","_tribe_ticket_not_going_count":"","_tribe_tickets_list":"[]","_tribe_ticket_has_attendee_info_fields":false,"footnotes":"","_tec_slr_enabled":"","_tec_slr_layout":""},"class_list":["post-35","page","type-page","status-publish","hentry"],"ticketed":false,"_links":{"self":[{"href":"https:\/\/www.lfa.is\/korpukot\/wp-json\/wp\/v2\/pages\/35","targetHints":{"allow":["GET"]}}],"collection":[{"href":"https:\/\/www.lfa.is\/korpukot\/wp-json\/wp\/v2\/pages"}],"about":[{"href":"https:\/\/www.lfa.is\/korpukot\/wp-json\/wp\/v2\/types\/page"}],"author":[{"embeddable":true,"href":"https:\/\/www.lfa.is\/korpukot\/wp-json\/wp\/v2\/users\/1"}],"replies":[{"embeddable":true,"href":"https:\/\/www.lfa.is\/korpukot\/wp-json\/wp\/v2\/comments?post=35"}],"version-history":[{"count":10,"href":"https:\/\/www.lfa.is\/korpukot\/wp-json\/wp\/v2\/pages\/35\/revisions"}],"predecessor-version":[{"id":8328,"href":"https:\/\/www.lfa.is\/korpukot\/wp-json\/wp\/v2\/pages\/35\/revisions\/8328"}],"wp:attachment":[{"href":"https:\/\/www.lfa.is\/korpukot\/wp-json\/wp\/v2\/media?parent=35"}],"curies":[{"name":"wp","href":"https:\/\/api.w.org\/{rel}","templated":true}]}}