{"id":48,"date":"2021-03-02T00:39:15","date_gmt":"2021-03-02T00:39:15","guid":{"rendered":"https:\/\/www.korpukot.is\/?page_id=48"},"modified":"2026-01-30T14:24:39","modified_gmt":"2026-01-30T14:24:39","slug":"umsokn","status":"publish","type":"page","link":"https:\/\/www.lfa.is\/korpukot\/umsokn\/","title":{"rendered":"Ums\u00f3kn"},"content":{"rendered":"\n<p><\/p>\n\n\n\n<p><\/p>\n\n\n\n<p class=\"has-larger-font-size\"><strong>S\u00e9 barn me\u00f0 l\u00f6gheimili \u00ed Reykjav\u00edk skal s\u00e6kja um leiksk\u00f3lavistun <a href=\"https:\/\/umsokn.vala.is\/login\">h\u00e9r<\/a><\/strong><\/p>\n\n\n\n<p>S\u00e9 barn me\u00f0 l\u00f6gheimili \u00ed \u00f6\u00f0ru sveitarf\u00e9lagi skal s\u00e6kja um leiksk\u00f3lavistun h\u00e9r a\u00f0 ne\u00f0an<\/p>\n\n\n\n<iframe loading=\"lazy\" src=\"https:\/\/docs.google.com\/forms\/d\/e\/1FAIpQLSfvwSWuK4vYrKgtkRkyzJL7trOrR9ylRUxgXeaO_i2vE9gdpg\/viewform?embedded=true\" width=\"640\" height=\"844\" frameborder=\"0\" marginheight=\"0\" marginwidth=\"0\">Loading\u2026<\/iframe>\n","protected":false},"excerpt":{"rendered":"<p>S\u00e9 barn me\u00f0 l\u00f6gheimili \u00ed Reykjav\u00edk skal s\u00e6kja um leiksk\u00f3lavistun h\u00e9r S\u00e9 barn me\u00f0 l\u00f6gheimili \u00ed \u00f6\u00f0ru sveitarf\u00e9lagi skal s\u00e6kja um leiksk\u00f3lavistun h\u00e9r a\u00f0 ne\u00f0an Loading\u2026<\/p>\n","protected":false},"author":1,"featured_media":0,"parent":0,"menu_order":0,"comment_status":"closed","ping_status":"closed","template":"","meta":{"footnotes":""},"class_list":["post-48","page","type-page","status-publish","hentry"],"_links":{"self":[{"href":"https:\/\/www.lfa.is\/korpukot\/wp-json\/wp\/v2\/pages\/48","targetHints":{"allow":["GET"]}}],"collection":[{"href":"https:\/\/www.lfa.is\/korpukot\/wp-json\/wp\/v2\/pages"}],"about":[{"href":"https:\/\/www.lfa.is\/korpukot\/wp-json\/wp\/v2\/types\/page"}],"author":[{"embeddable":true,"href":"https:\/\/www.lfa.is\/korpukot\/wp-json\/wp\/v2\/users\/1"}],"replies":[{"embeddable":true,"href":"https:\/\/www.lfa.is\/korpukot\/wp-json\/wp\/v2\/comments?post=48"}],"version-history":[{"count":10,"href":"https:\/\/www.lfa.is\/korpukot\/wp-json\/wp\/v2\/pages\/48\/revisions"}],"predecessor-version":[{"id":8265,"href":"https:\/\/www.lfa.is\/korpukot\/wp-json\/wp\/v2\/pages\/48\/revisions\/8265"}],"wp:attachment":[{"href":"https:\/\/www.lfa.is\/korpukot\/wp-json\/wp\/v2\/media?parent=48"}],"curies":[{"name":"wp","href":"https:\/\/api.w.org\/{rel}","templated":true}]}}