{"id":5813,"date":"2022-05-10T15:22:03","date_gmt":"2022-05-10T15:22:03","guid":{"rendered":"https:\/\/www.korpukot.is\/?page_id=5813"},"modified":"2022-05-16T10:03:31","modified_gmt":"2022-05-16T10:03:31","slug":"innritunarreglur","status":"publish","type":"page","link":"https:\/\/www.lfa.is\/korpukot\/innritunarreglur\/","title":{"rendered":"Innritunarreglur"},"content":{"rendered":"\n<p class=\"has-medium-font-size\"><em>Ums\u00f3kn \u00ed leiksk\u00f3la LFA<\/em><\/p>\n\n\n\n<p class=\"has-medium-font-size\">H\u00e6gt er a\u00f0 s\u00e6kja um leiksk\u00f3la fr\u00e1 f\u00e6\u00f0ingardegi barns. \u00de\u00e1 er barn skr\u00e1\u00f0 \u00e1 bi\u00f0lista. Skilyr\u00f0i fyrir leiksk\u00f3ladv\u00f6l barns er a\u00f0 foreldrar s\u00e9u ekki \u00ed vanskilum vi\u00f0 Sk\u00f3la- og fr\u00edstundasvi\u00f0 Reykjav\u00edkur.<\/p>\n\n\n\n<p class=\"has-medium-font-size\"><em>Breyting \u00e1 dvalart\u00edma<\/em><\/p>\n\n\n\n<p class=\"has-medium-font-size\">H\u00e6gt er a\u00f0 s\u00e6kja um breytingu \u00e1 dvalart\u00edma. \u00dea\u00f0 er gert hj\u00e1 leiksk\u00f3lastj\u00f3ra og mi\u00f0ast breytingin vi\u00f0 1. e\u00f0a 15. hvers m\u00e1na\u00f0ar<\/p>\n\n\n\n<p class=\"has-medium-font-size\"><em>Upps\u00f6gn \u00e1 leiksk\u00f3lapl\u00e1ssi<\/em><\/p>\n\n\n\n<p class=\"has-medium-font-size\">Leiksk\u00f3lapl\u00e1ssi er sagt upp skriflega hj\u00e1 leiksk\u00f3lastj\u00f3ra og mi\u00f0ast upps\u00f6gnin vi\u00f0 1. e\u00f0a 15. hvers m\u00e1na\u00f0ar og er uppsagnarfrestur fyrir leiksk\u00f3lapl\u00e1ss einn m\u00e1nu\u00f0ur.<\/p>\n\n\n\n<p class=\"has-medium-font-size\"><em>Forgangur \u00ed leiksk\u00f3lann<\/em><\/p>\n\n\n\n<p class=\"has-medium-font-size\">S\u00e6kja m\u00e1 um forgang fyrir barn ef s\u00e9rstakar a\u00f0st\u00e6\u00f0ur m\u00e6la me\u00f0 \u00fev\u00ed.<\/p>\n\n\n\n<p class=\"has-medium-font-size\">1.&nbsp;&nbsp;&nbsp;&nbsp;&nbsp;&nbsp;&nbsp;Barna sem eru or\u00f0in 5 \u00e1ra.<\/p>\n\n\n\n<p class=\"has-medium-font-size\">2.&nbsp;&nbsp;&nbsp;&nbsp;&nbsp;&nbsp;&nbsp;Fatla\u00f0ra barna og barna me\u00f0 skilgreind \u00feroskafr\u00e1vik. Vottor\u00f0 fr\u00e1 vi\u00f0urkenndum greiningara\u00f0ila skal fylgja ums\u00f3kn.<\/p>\n\n\n\n<p class=\"has-medium-font-size\">3.&nbsp;&nbsp;&nbsp;&nbsp;&nbsp;&nbsp;&nbsp;Barna sem b\u00faa vi\u00f0 erfi\u00f0leika \u00ed f\u00e9lagsumhverfi.<\/p>\n\n\n\n<blockquote class=\"wp-block-quote is-layout-flow wp-block-quote-is-layout-flow\"><p>a.\u00a0\u00a0\u00a0\u00a0\u00a0\u00a0\u00a0Barnaverndarm\u00e1l. Vottor\u00f0 fr\u00e1 f\u00e9lagsm\u00e1layfirv\u00f6ldum skal fylgja \u00a0ums\u00f3kn.<\/p><p>b.\u00a0\u00a0\u00a0\u00a0\u00a0\u00a0\u00a0Alvarleg veikindi, alvarleg f\u00f6tlun e\u00f0a alvarlegir f\u00e9lagslegir erfi\u00f0leikar hj\u00e1 fj\u00f6lskyldume\u00f0limum barnsins. Vottor\u00f0 fr\u00e1 l\u00e6kni e\u00f0a \u00f6\u00f0rum opinberum a\u00f0ilum skal fylgja ums\u00f3kn.<\/p><p>c.\u00a0\u00a0\u00a0\u00a0\u00a0\u00a0\u00a0B\u00f6rn foreldra undir l\u00f6galdri (18 \u00e1ra).<\/p><p>d.\u00a0\u00a0\u00a0\u00a0\u00a0\u00a0\u00a0B\u00f6rn einst\u00e6\u00f0ra foreldra me\u00f0 \u00ferj\u00fa e\u00f0a fleiri b\u00f6rn \u00e1 framf\u00e6ri og eldra barni\u00f0 ekki eldra en 9 \u00e1ra.<\/p><p>e.\u00a0\u00a0\u00a0\u00a0\u00a0\u00a0\u00a0\u00der\u00edburar.<\/p><\/blockquote>\n\n\n\n<p class=\"has-medium-font-size\">4.&nbsp;&nbsp;&nbsp;&nbsp;&nbsp;&nbsp;&nbsp;Barna starfsf\u00f3lks \u00ed leiksk\u00f3lum LFA.<\/p>\n","protected":false},"excerpt":{"rendered":"<p>Ums\u00f3kn \u00ed leiksk\u00f3la LFA H\u00e6gt er a\u00f0 s\u00e6kja um leiksk\u00f3la fr\u00e1 f\u00e6\u00f0ingardegi barns. \u00de\u00e1 er barn skr\u00e1\u00f0 \u00e1 bi\u00f0lista. Skilyr\u00f0i fyrir leiksk\u00f3ladv\u00f6l barns er a\u00f0 foreldrar s\u00e9u ekki \u00ed vanskilum vi\u00f0 Sk\u00f3la- og fr\u00edstundasvi\u00f0 Reykjav\u00edkur. Breyting \u00e1 dvalart\u00edma H\u00e6gt er a\u00f0 s\u00e6kja um breytingu \u00e1 dvalart\u00edma. \u00dea\u00f0 er gert hj\u00e1 leiksk\u00f3lastj\u00f3ra og mi\u00f0ast breytingin vi\u00f0&hellip;<\/p>\n","protected":false},"author":3,"featured_media":0,"parent":0,"menu_order":0,"comment_status":"closed","ping_status":"closed","template":"","meta":{"footnotes":""},"class_list":["post-5813","page","type-page","status-publish","hentry"],"_links":{"self":[{"href":"https:\/\/www.lfa.is\/korpukot\/wp-json\/wp\/v2\/pages\/5813","targetHints":{"allow":["GET"]}}],"collection":[{"href":"https:\/\/www.lfa.is\/korpukot\/wp-json\/wp\/v2\/pages"}],"about":[{"href":"https:\/\/www.lfa.is\/korpukot\/wp-json\/wp\/v2\/types\/page"}],"author":[{"embeddable":true,"href":"https:\/\/www.lfa.is\/korpukot\/wp-json\/wp\/v2\/users\/3"}],"replies":[{"embeddable":true,"href":"https:\/\/www.lfa.is\/korpukot\/wp-json\/wp\/v2\/comments?post=5813"}],"version-history":[{"count":2,"href":"https:\/\/www.lfa.is\/korpukot\/wp-json\/wp\/v2\/pages\/5813\/revisions"}],"predecessor-version":[{"id":6029,"href":"https:\/\/www.lfa.is\/korpukot\/wp-json\/wp\/v2\/pages\/5813\/revisions\/6029"}],"wp:attachment":[{"href":"https:\/\/www.lfa.is\/korpukot\/wp-json\/wp\/v2\/media?parent=5813"}],"curies":[{"name":"wp","href":"https:\/\/api.w.org\/{rel}","templated":true}]}}