{"id":5815,"date":"2022-05-10T15:23:13","date_gmt":"2022-05-10T15:23:13","guid":{"rendered":"https:\/\/www.korpukot.is\/?page_id=5815"},"modified":"2024-09-23T13:51:09","modified_gmt":"2024-09-23T13:51:09","slug":"saekja-um","status":"publish","type":"page","link":"https:\/\/www.lfa.is\/korpukot\/saekja-um\/","title":{"rendered":"S\u00e6kja um"},"content":{"rendered":"\n<p class=\"has-medium-font-size\"><a href=\"https:\/\/www.lfa.is\/korpukot\/umsokn\/\">H\u00e9r <\/a>er h\u00e6gt a\u00f0 s\u00e6kja um leiksk\u00f3lavistun \u00ed Korpukoti<\/p>\n\n\n\n<p class=\"has-medium-font-size\"><a href=\"https:\/\/www.lfa.is\/korpukot\/innritunarreglur\/\">H\u00e9r<\/a> er h\u00e6gt a\u00f0 lesa innritunarreglurnar<\/p>\n\n\n\n<p class=\"has-medium-font-size\"><a href=\"https:\/\/www.lfa.is\/korpukot\/deildir-korpukots\/adlogun\/\">H\u00e9r<\/a> m\u00e1 sj\u00e1 hvernig a\u00f0l\u00f6gun er haga\u00f0<\/p>\n\n\n\n<p class=\"has-medium-font-size\"><a href=\"https:\/\/www.lfa.is\/korpukot\/um-korpukot\/gjaldskra\/\">H\u00e9r<\/a> m\u00e1 sko\u00f0a gjaldskr\u00e1 LFA<\/p>\n\n\n\n<p><\/p>\n","protected":false},"excerpt":{"rendered":"<p>H\u00e9r er h\u00e6gt a\u00f0 s\u00e6kja um leiksk\u00f3lavistun \u00ed Korpukoti H\u00e9r er h\u00e6gt a\u00f0 lesa innritunarreglurnar H\u00e9r m\u00e1 sj\u00e1 hvernig a\u00f0l\u00f6gun er haga\u00f0 H\u00e9r m\u00e1 sko\u00f0a gjaldskr\u00e1 LFA<\/p>\n","protected":false},"author":3,"featured_media":0,"parent":0,"menu_order":0,"comment_status":"closed","ping_status":"closed","template":"","meta":{"footnotes":""},"class_list":["post-5815","page","type-page","status-publish","hentry"],"_links":{"self":[{"href":"https:\/\/www.lfa.is\/korpukot\/wp-json\/wp\/v2\/pages\/5815","targetHints":{"allow":["GET"]}}],"collection":[{"href":"https:\/\/www.lfa.is\/korpukot\/wp-json\/wp\/v2\/pages"}],"about":[{"href":"https:\/\/www.lfa.is\/korpukot\/wp-json\/wp\/v2\/types\/page"}],"author":[{"embeddable":true,"href":"https:\/\/www.lfa.is\/korpukot\/wp-json\/wp\/v2\/users\/3"}],"replies":[{"embeddable":true,"href":"https:\/\/www.lfa.is\/korpukot\/wp-json\/wp\/v2\/comments?post=5815"}],"version-history":[{"count":4,"href":"https:\/\/www.lfa.is\/korpukot\/wp-json\/wp\/v2\/pages\/5815\/revisions"}],"predecessor-version":[{"id":8033,"href":"https:\/\/www.lfa.is\/korpukot\/wp-json\/wp\/v2\/pages\/5815\/revisions\/8033"}],"wp:attachment":[{"href":"https:\/\/www.lfa.is\/korpukot\/wp-json\/wp\/v2\/media?parent=5815"}],"curies":[{"name":"wp","href":"https:\/\/api.w.org\/{rel}","templated":true}]}}