{"id":59,"date":"2021-03-02T01:38:12","date_gmt":"2021-03-02T01:38:12","guid":{"rendered":"https:\/\/www.korpukot.is\/?page_id=59"},"modified":"2026-01-30T14:23:01","modified_gmt":"2026-01-30T14:23:01","slug":"um-korpukot","status":"publish","type":"page","link":"https:\/\/www.lfa.is\/korpukot\/um-korpukot\/","title":{"rendered":"Um Korpukot"},"content":{"rendered":"\n<p>Leiksk\u00f3linn Korpukot er sta\u00f0settur vi\u00f0 Fossaleyni 12 \u00ed Grafarvogi og var sk\u00f3linn stofna\u00f0ur \u00e1ri\u00f0 2001. Korpukot er sj\u00e1lfst\u00e6tt rekinn sk\u00f3li og a\u00f0ili a\u00f0 Samt\u00f6kum sj\u00e1lfst\u00e6\u00f0ra sk\u00f3la, rekstrara\u00f0ili sk\u00f3lans er LFA ehf.<\/p>\n\n\n\n<p>H\u00fasn\u00e6\u00f0i Korpukots er 860 fm. a\u00f0 st\u00e6r\u00f0 og steinsteypt. H\u00fasn\u00e6\u00f0i\u00f0 er hanna\u00f0 sem leiksk\u00f3labygging og \u00fearfagreining unnin af faga\u00f0ilum \u00e1samt arkitektum h\u00fassins.<\/p>\n\n\n\n<p>Leiksk\u00f3linn er fyrsta sk\u00f3lastigi\u00f0 og er fyrir b\u00f6rn fr\u00e1 9 m\u00e1na\u00f0a e\u00f0a fr\u00e1 \u00fev\u00ed a\u00f0 f\u00e6\u00f0ingarorlofi foreldra l\u00fdkur og fram a\u00f0 sk\u00f3laskyldualdri sem hefst vi\u00f0 grunnsk\u00f3la. \u00cd Korpukoti dvelja allt a\u00f0 100 b\u00f6rn samt\u00edmis \u00ed 8 &#8211; 8,5 klst. vistun. Leiksk\u00f3linn er opinn fr\u00e1 7:30.<br>Deildar leiksk\u00f3lans eru fimm \u00fe.e. S\u00e6lukot, Sunnukot, Bjartakot, Fagrakot og Geislakot. B\u00f6rnunum er ra\u00f0a\u00f0 \u00e1 deildir eftir aldri og getur aldursskipting veri\u00f0 breytileg \u00e1ri til \u00e1rs \u00fear sem h\u00fan r\u00e6\u00f0st af barnah\u00f3pnum hverju sinni.<\/p>\n\n\n\n<p><a href=\"https:\/\/www.korpukot.is\/um-korpukot\/stjornendateymi\/\">Stj\u00f3rnendateymi<\/a><br>Leiksk\u00f3lastj\u00f3ri LFA er Krist\u00edn Bj\u00f6rk Vi\u00f0arsd\u00f3ttir <br>A\u00f0sto\u00f0aleiksk\u00f3lastj\u00f3ri er Katr\u00edn Mar\u00eda Emilsd\u00f3ttir <\/p>\n\n\n\n<p><strong>Leiksk\u00f3lastj\u00f3ri <\/strong>er yfirma\u00f0ur leiksk\u00f3lans, faglegur lei\u00f0togi og ber \u00e1byrg\u00f0 \u00e1 uppeldisstarfinu og rekstri leiksk\u00f3lans.<br><strong>A\u00f0sto\u00f0arleiksk\u00f3lastj\u00f3ri<\/strong> er a\u00f0sto\u00f0arma\u00f0ur leiksk\u00f3lastj\u00f3ra og ber \u00e1samt honum \u00e1byrg\u00f0 \u00e1 rekstri leiksk\u00f3lans. Hann er sta\u00f0gengill \u00ed fjarveru leiksk\u00f3lastj\u00f3ra og starfar \u00fe\u00e1 samkv\u00e6mt starfsl\u00fdsingu hans.<br><strong>Deildarstj\u00f3rar og leiksk\u00f3lakennarar<\/strong> bera \u00e1byrg\u00f0 \u00e1 uppeldisstarfinu og barnah\u00f3pnum \u00e1 sinni deild.<br><strong>Lei\u00f0beinendur<\/strong> vinna undir handlei\u00f0slu deildarstj\u00f3ra a\u00f0 uppeldisstarfinu, bera \u00e1byrg\u00f0 \u00e1 s\u00ednum barnah\u00f3p og foreldrasamstarfi vi\u00f0 \u00fe\u00e1.<br><strong>S\u00e9rkennslustj\u00f3ri<\/strong> ber \u00e1byrg\u00f0 \u00e1 og stj\u00f3rnar skipulagningu, framkv\u00e6md og endurmati s\u00e9rkennslunnar \u00ed leiksk\u00f3lanum \u00e1samt leiksk\u00f3lastj\u00f3ra.<br><strong>Matr\u00e1\u00f0ur<\/strong> s\u00e9r um matseld, innkaup og \u00fevotta. Matr\u00e1\u00f0ur er Michelle<br><strong>R\u00e6sting<\/strong> s\u00e9r um \u00ferif.<\/p>\n\n\n\n<p>Tr\u00fana\u00f0ur &#8211; tilkynningaskylda<br>Leiksk\u00f3linn leggur \u00e1herslu \u00e1 a\u00f0 fullur tr\u00fana\u00f0ur r\u00edki um allar uppl\u00fdsingar er var\u00f0a b\u00f6rnin og foreldra \u00feeirra. Hverjum starfsmanni er skylt a\u00f0 g\u00e6ta \u00feagm\u00e6lsku um m\u00e1lefni sem hann f\u00e6r vitneskju um \u00ed starfi s\u00ednu. Allt starfsf\u00f3lk leiksk\u00f3lans undirritar \u00feagnarheit vi\u00f0 r\u00e1\u00f0ningu sem helst \u00fe\u00f3 af st\u00f6rfum s\u00e9 l\u00e1ti\u00f0.<br>Ef starfsf\u00f3lk leiksk\u00f3lans telur a\u00f0 l\u00edkamlegum og\/e\u00f0a andlegum \u00fe\u00f6rfum barns s\u00e9 ekki sinnt ber a\u00f0 tilkynna \u00fea\u00f0 til Barnavernd sbr. 17. gr. laga um barnavernd.<\/p>\n","protected":false},"excerpt":{"rendered":"<p>Leiksk\u00f3linn Korpukot er sta\u00f0settur vi\u00f0 Fossaleyni 12 \u00ed Grafarvogi og var sk\u00f3linn stofna\u00f0ur \u00e1ri\u00f0 2001. Korpukot er sj\u00e1lfst\u00e6tt rekinn sk\u00f3li og a\u00f0ili a\u00f0 Samt\u00f6kum sj\u00e1lfst\u00e6\u00f0ra sk\u00f3la, rekstrara\u00f0ili sk\u00f3lans er LFA ehf. H\u00fasn\u00e6\u00f0i Korpukots er 860 fm. a\u00f0 st\u00e6r\u00f0 og steinsteypt. H\u00fasn\u00e6\u00f0i\u00f0 er hanna\u00f0 sem leiksk\u00f3labygging og \u00fearfagreining unnin af faga\u00f0ilum \u00e1samt arkitektum h\u00fassins. Leiksk\u00f3linn er&hellip;<\/p>\n","protected":false},"author":1,"featured_media":66,"parent":0,"menu_order":0,"comment_status":"closed","ping_status":"closed","template":"","meta":{"footnotes":""},"class_list":["post-59","page","type-page","status-publish","has-post-thumbnail","hentry"],"_links":{"self":[{"href":"https:\/\/www.lfa.is\/korpukot\/wp-json\/wp\/v2\/pages\/59","targetHints":{"allow":["GET"]}}],"collection":[{"href":"https:\/\/www.lfa.is\/korpukot\/wp-json\/wp\/v2\/pages"}],"about":[{"href":"https:\/\/www.lfa.is\/korpukot\/wp-json\/wp\/v2\/types\/page"}],"author":[{"embeddable":true,"href":"https:\/\/www.lfa.is\/korpukot\/wp-json\/wp\/v2\/users\/1"}],"replies":[{"embeddable":true,"href":"https:\/\/www.lfa.is\/korpukot\/wp-json\/wp\/v2\/comments?post=59"}],"version-history":[{"count":9,"href":"https:\/\/www.lfa.is\/korpukot\/wp-json\/wp\/v2\/pages\/59\/revisions"}],"predecessor-version":[{"id":8264,"href":"https:\/\/www.lfa.is\/korpukot\/wp-json\/wp\/v2\/pages\/59\/revisions\/8264"}],"wp:featuredmedia":[{"embeddable":true,"href":"https:\/\/www.lfa.is\/korpukot\/wp-json\/wp\/v2\/media\/66"}],"wp:attachment":[{"href":"https:\/\/www.lfa.is\/korpukot\/wp-json\/wp\/v2\/media?parent=59"}],"curies":[{"name":"wp","href":"https:\/\/api.w.org\/{rel}","templated":true}]}}