{"id":67,"date":"2021-03-02T13:55:05","date_gmt":"2021-03-02T13:55:05","guid":{"rendered":"https:\/\/www.korpukot.is\/?page_id=67"},"modified":"2026-03-05T12:13:03","modified_gmt":"2026-03-05T12:13:03","slug":"skolastarfid","status":"publish","type":"page","link":"https:\/\/www.lfa.is\/korpukot\/skolastarfid\/","title":{"rendered":"\u00c1\u00e6tlanir"},"content":{"rendered":"\n<div class=\"wp-block-file\"><a id=\"wp-block-file--media-83872f6f-4a84-473e-9ed3-5901a9757c5a\" href=\"https:\/\/www.lfa.is\/korpukot\/wp-content\/uploads\/2026\/03\/Namskra-Leikskola-LFA-5.mars-2026.pdf\">N\u00e1mskr\u00e1 Leiksk\u00f3la LFA<\/a><a href=\"https:\/\/www.lfa.is\/korpukot\/wp-content\/uploads\/2026\/03\/Namskra-Leikskola-LFA-5.mars-2026.pdf\" class=\"wp-block-file__button wp-element-button\" download aria-describedby=\"wp-block-file--media-83872f6f-4a84-473e-9ed3-5901a9757c5a\">S\u00c6KJA<\/a><\/div>\n\n\n\n<div class=\"wp-block-file\"><a id=\"wp-block-file--media-74271309-bb2a-4bf3-86ad-c948972fa839\" href=\"https:\/\/www.lfa.is\/korpukot\/wp-content\/uploads\/2025\/09\/Skoladagatal.pdf\">Sk\u00f3ladagatal 2025-2026<\/a><a href=\"https:\/\/www.lfa.is\/korpukot\/wp-content\/uploads\/2025\/09\/Skoladagatal.pdf\" class=\"wp-block-file__button wp-element-button\" download aria-describedby=\"wp-block-file--media-74271309-bb2a-4bf3-86ad-c948972fa839\">S\u00e6kja<\/a><\/div>\n\n\n\n<div class=\"wp-block-file\"><a id=\"wp-block-file--media-d027b774-ccc1-4063-9ac0-80a6e9f533fd\" href=\"https:\/\/www.lfa.is\/korpukot\/wp-content\/uploads\/2025\/09\/Starfsaaetlun-2025-2026-Lokid.-KBV.pdf\">Starfs\u00e1\u00e6tlun 2025-2026<\/a><a href=\"https:\/\/www.lfa.is\/korpukot\/wp-content\/uploads\/2025\/09\/Starfsaaetlun-2025-2026-Lokid.-KBV.pdf\" class=\"wp-block-file__button wp-element-button\" download aria-describedby=\"wp-block-file--media-d027b774-ccc1-4063-9ac0-80a6e9f533fd\">S\u00e6kja<\/a><\/div>\n\n\n\n<div class=\"wp-block-file\"><a id=\"wp-block-file--media-21a4d227-0640-47b5-9c1d-23f7d6b153b7\" href=\"https:\/\/www.lfa.is\/korpukot\/wp-content\/uploads\/2025\/11\/Handbok-foreldra.pdf\">Handb\u00f3k foreldra<\/a><a href=\"https:\/\/www.lfa.is\/korpukot\/wp-content\/uploads\/2025\/11\/Handbok-foreldra.pdf\" class=\"wp-block-file__button wp-element-button\" download aria-describedby=\"wp-block-file--media-21a4d227-0640-47b5-9c1d-23f7d6b153b7\">S\u00e6kja<\/a><\/div>\n\n\n\n<div class=\"wp-block-file\"><a id=\"wp-block-file--media-13e60047-8d42-4eb1-a0c5-7fbbc0e92911\" href=\"https:\/\/www.lfa.is\/korpukot\/wp-content\/uploads\/2024\/04\/Jafnrettisaaetlun-LFA-2022-2025-yfirfarid-og-LOKID.pdf\">Jafnrettis\u00e1\u00e6tun LFA-2022-2025<\/a><a href=\"https:\/\/www.lfa.is\/korpukot\/wp-content\/uploads\/2024\/04\/Jafnrettisaaetlun-LFA-2022-2025-yfirfarid-og-LOKID.pdf\" class=\"wp-block-file__button wp-element-button\" download aria-describedby=\"wp-block-file--media-13e60047-8d42-4eb1-a0c5-7fbbc0e92911\">S\u00e6kja<\/a><\/div>\n\n\n\n<div class=\"wp-block-file\"><a id=\"wp-block-file--media-abdf9194-bf55-454f-bea3-2717448d0a79\" href=\"https:\/\/www.lfa.is\/korpukot\/wp-content\/uploads\/2024\/04\/Jafnlaunastefna.pdf\">Jafnlaunastefna<\/a><a href=\"https:\/\/www.lfa.is\/korpukot\/wp-content\/uploads\/2024\/04\/Jafnlaunastefna.pdf\" class=\"wp-block-file__button wp-element-button\" download aria-describedby=\"wp-block-file--media-abdf9194-bf55-454f-bea3-2717448d0a79\">S\u00e6kja<\/a><\/div>\n\n\n\n<div class=\"wp-block-file\"><a id=\"wp-block-file--media-7a6c499c-d10b-4a17-b756-750860d04a09\" href=\"https:\/\/www.lfa.is\/korpukot\/wp-content\/uploads\/2024\/04\/Laesisstefna-LFA-Lesid-i-leik.pdf\">L\u00e6sisstefna LFA-Lesi\u00f0 \u00ed leik<\/a><a href=\"https:\/\/www.lfa.is\/korpukot\/wp-content\/uploads\/2024\/04\/Laesisstefna-LFA-Lesid-i-leik.pdf\" class=\"wp-block-file__button wp-element-button\" download aria-describedby=\"wp-block-file--media-7a6c499c-d10b-4a17-b756-750860d04a09\">S\u00c6KJA<\/a><\/div>\n\n\n\n<p>R\u00f6skun \u00e1 sk\u00f3lastarfi &#8211; Lei\u00f0beiningar Almannavarna<\/p>\n\n\n\n<div class=\"wp-block-file\"><a id=\"wp-block-file--media-35aa3989-143c-487f-997e-14bfbe61bef6\" href=\"https:\/\/www.lfa.is\/korpukot\/wp-content\/uploads\/2024\/09\/ALM-vedurbaeklingur-forsjaradilar-IS-011122.pdf\">Lei\u00f0beiningar fyrir foreldra og forsj\u00e1ra\u00f0ila<\/a><a href=\"https:\/\/www.lfa.is\/korpukot\/wp-content\/uploads\/2024\/09\/ALM-vedurbaeklingur-forsjaradilar-IS-011122.pdf\" class=\"wp-block-file__button wp-element-button\" download aria-describedby=\"wp-block-file--media-35aa3989-143c-487f-997e-14bfbe61bef6\">S\u00e6kja<\/a><\/div>\n\n\n\n<div class=\"wp-block-file\"><a id=\"wp-block-file--media-c9fe45ea-db33-408f-a40a-49bf189f9e0c\" href=\"https:\/\/www.lfa.is\/korpukot\/wp-content\/uploads\/2024\/09\/ALM-vedurbaeklingur-forsjaradilar-EN-241122.pdf\">Intructions for parents and guardians-Civil Protection commity<\/a><a href=\"https:\/\/www.lfa.is\/korpukot\/wp-content\/uploads\/2024\/09\/ALM-vedurbaeklingur-forsjaradilar-EN-241122.pdf\" class=\"wp-block-file__button wp-element-button\" download aria-describedby=\"wp-block-file--media-c9fe45ea-db33-408f-a40a-49bf189f9e0c\">Download<\/a><\/div>\n\n\n\n<div class=\"wp-block-file\"><a id=\"wp-block-file--media-792dfa97-7478-442f-83c1-57daaef05392\" href=\"https:\/\/www.lfa.is\/korpukot\/wp-content\/uploads\/2024\/09\/ALM-vedurbaeklingur-forsjaradilar-PL-241122.pdf\">Zak\u0142\u00f3cenia w pracy szk\u00f3\u0142 i \u015bwietlic z powodu pogody<\/a><a href=\"https:\/\/www.lfa.is\/korpukot\/wp-content\/uploads\/2024\/09\/ALM-vedurbaeklingur-forsjaradilar-PL-241122.pdf\" class=\"wp-block-file__button wp-element-button\" download aria-describedby=\"wp-block-file--media-792dfa97-7478-442f-83c1-57daaef05392\">Pobierz<\/a><\/div>\n","protected":false},"excerpt":{"rendered":"<p>R\u00f6skun \u00e1 sk\u00f3lastarfi &#8211; Lei\u00f0beiningar Almannavarna<\/p>\n","protected":false},"author":1,"featured_media":0,"parent":0,"menu_order":0,"comment_status":"closed","ping_status":"closed","template":"","meta":{"footnotes":""},"class_list":["post-67","page","type-page","status-publish","hentry"],"_links":{"self":[{"href":"https:\/\/www.lfa.is\/korpukot\/wp-json\/wp\/v2\/pages\/67","targetHints":{"allow":["GET"]}}],"collection":[{"href":"https:\/\/www.lfa.is\/korpukot\/wp-json\/wp\/v2\/pages"}],"about":[{"href":"https:\/\/www.lfa.is\/korpukot\/wp-json\/wp\/v2\/types\/page"}],"author":[{"embeddable":true,"href":"https:\/\/www.lfa.is\/korpukot\/wp-json\/wp\/v2\/users\/1"}],"replies":[{"embeddable":true,"href":"https:\/\/www.lfa.is\/korpukot\/wp-json\/wp\/v2\/comments?post=67"}],"version-history":[{"count":10,"href":"https:\/\/www.lfa.is\/korpukot\/wp-json\/wp\/v2\/pages\/67\/revisions"}],"predecessor-version":[{"id":8299,"href":"https:\/\/www.lfa.is\/korpukot\/wp-json\/wp\/v2\/pages\/67\/revisions\/8299"}],"wp:attachment":[{"href":"https:\/\/www.lfa.is\/korpukot\/wp-json\/wp\/v2\/media?parent=67"}],"curies":[{"name":"wp","href":"https:\/\/api.w.org\/{rel}","templated":true}]}}