{"id":76,"date":"2021-03-02T19:04:46","date_gmt":"2021-03-02T19:04:46","guid":{"rendered":"https:\/\/www.korpukot.is\/?page_id=76"},"modified":"2026-01-28T15:56:51","modified_gmt":"2026-01-28T15:56:51","slug":"stjornendateymi","status":"publish","type":"page","link":"https:\/\/www.lfa.is\/korpukot\/um-korpukot\/stjornendateymi\/","title":{"rendered":"Stj\u00f3rnendateymi"},"content":{"rendered":"\n<p><\/p>\n\n\n\n<div class=\"wp-block-media-text alignwide is-stacked-on-mobile\" style=\"grid-template-columns:27% auto\"><figure class=\"wp-block-media-text__media\"><img loading=\"lazy\" decoding=\"async\" width=\"934\" height=\"936\" src=\"https:\/\/www.lfa.is\/korpukot\/wp-content\/uploads\/2026\/01\/stina.jpg\" alt=\"\" class=\"wp-image-8258 size-full\" srcset=\"https:\/\/www.lfa.is\/korpukot\/wp-content\/uploads\/2026\/01\/stina.jpg 934w, https:\/\/www.lfa.is\/korpukot\/wp-content\/uploads\/2026\/01\/stina-300x300.jpg 300w, https:\/\/www.lfa.is\/korpukot\/wp-content\/uploads\/2026\/01\/stina-150x150.jpg 150w, https:\/\/www.lfa.is\/korpukot\/wp-content\/uploads\/2026\/01\/stina-768x770.jpg 768w\" sizes=\"auto, (max-width: 934px) 100vw, 934px\" \/><\/figure><div class=\"wp-block-media-text__content\">\n<h2 class=\"wp-block-heading\">Krist\u00edn Bj\u00f6rk <\/h2>\n\n\n\n<p class=\"has-large-font-size\">Leiksk\u00f3lastj\u00f3ri<\/p>\n\n\n\n<p>kristin@lfa.is<\/p>\n\n\n\n<p class=\"has-large-font-size\"><\/p>\n<\/div><\/div>\n\n\n\n<div class=\"wp-block-media-text alignwide is-stacked-on-mobile\" style=\"grid-template-columns:27% auto\"><figure class=\"wp-block-media-text__media\"><img loading=\"lazy\" decoding=\"async\" width=\"759\" height=\"881\" src=\"https:\/\/www.korpukot.is\/wp-content\/uploads\/2023\/09\/IMG_9350-1.jpg\" alt=\"\" class=\"wp-image-7907 size-full\" srcset=\"https:\/\/www.lfa.is\/korpukot\/wp-content\/uploads\/2023\/09\/IMG_9350-1.jpg 759w, https:\/\/www.lfa.is\/korpukot\/wp-content\/uploads\/2023\/09\/IMG_9350-1-258x300.jpg 258w\" sizes=\"auto, (max-width: 759px) 100vw, 759px\" \/><\/figure><div class=\"wp-block-media-text__content\">\n<h2 class=\"wp-block-heading\">Katr\u00edn Mar\u00eda<\/h2>\n\n\n\n<p class=\"has-large-font-size\">A\u00f0sto\u00f0arleiksk\u00f3lastj\u00f3ri<\/p>\n\n\n\n<p>kata@lfa.is<\/p>\n\n\n\n<p class=\"has-large-font-size\"><\/p>\n<\/div><\/div>\n","protected":false},"excerpt":{"rendered":"<p>Krist\u00edn Bj\u00f6rk Leiksk\u00f3lastj\u00f3ri kristin@lfa.is Katr\u00edn Mar\u00eda A\u00f0sto\u00f0arleiksk\u00f3lastj\u00f3ri kata@lfa.is<\/p>\n","protected":false},"author":1,"featured_media":0,"parent":59,"menu_order":0,"comment_status":"closed","ping_status":"closed","template":"","meta":{"footnotes":""},"class_list":["post-76","page","type-page","status-publish","hentry"],"_links":{"self":[{"href":"https:\/\/www.lfa.is\/korpukot\/wp-json\/wp\/v2\/pages\/76","targetHints":{"allow":["GET"]}}],"collection":[{"href":"https:\/\/www.lfa.is\/korpukot\/wp-json\/wp\/v2\/pages"}],"about":[{"href":"https:\/\/www.lfa.is\/korpukot\/wp-json\/wp\/v2\/types\/page"}],"author":[{"embeddable":true,"href":"https:\/\/www.lfa.is\/korpukot\/wp-json\/wp\/v2\/users\/1"}],"replies":[{"embeddable":true,"href":"https:\/\/www.lfa.is\/korpukot\/wp-json\/wp\/v2\/comments?post=76"}],"version-history":[{"count":10,"href":"https:\/\/www.lfa.is\/korpukot\/wp-json\/wp\/v2\/pages\/76\/revisions"}],"predecessor-version":[{"id":8260,"href":"https:\/\/www.lfa.is\/korpukot\/wp-json\/wp\/v2\/pages\/76\/revisions\/8260"}],"up":[{"embeddable":true,"href":"https:\/\/www.lfa.is\/korpukot\/wp-json\/wp\/v2\/pages\/59"}],"wp:attachment":[{"href":"https:\/\/www.lfa.is\/korpukot\/wp-json\/wp\/v2\/media?parent=76"}],"curies":[{"name":"wp","href":"https:\/\/api.w.org\/{rel}","templated":true}]}}