{"id":7685,"date":"2022-10-31T09:58:38","date_gmt":"2022-10-31T09:58:38","guid":{"rendered":"https:\/\/www.korpukot.is\/?page_id=7685"},"modified":"2026-02-10T10:41:27","modified_gmt":"2026-02-10T10:41:27","slug":"namid","status":"publish","type":"page","link":"https:\/\/www.lfa.is\/korpukot\/namid\/","title":{"rendered":"N\u00e1mi\u00f0"},"content":{"rendered":"<div class=\"wp-block-image is-style-default\">\n<figure class=\"aligncenter size-large is-resized\"><img loading=\"lazy\" decoding=\"async\" width=\"1024\" height=\"681\" src=\"https:\/\/www.korpukot.is\/wp-content\/uploads\/2022\/10\/Korpukot-1024x681.jpg\" alt=\"\" class=\"wp-image-7712\" style=\"width:461px;height:306px\" srcset=\"https:\/\/www.lfa.is\/korpukot\/wp-content\/uploads\/2022\/10\/Korpukot-1024x681.jpg 1024w, https:\/\/www.lfa.is\/korpukot\/wp-content\/uploads\/2022\/10\/Korpukot-300x200.jpg 300w, https:\/\/www.lfa.is\/korpukot\/wp-content\/uploads\/2022\/10\/Korpukot-768x511.jpg 768w, https:\/\/www.lfa.is\/korpukot\/wp-content\/uploads\/2022\/10\/Korpukot.jpg 1120w\" sizes=\"auto, (max-width: 1024px) 100vw, 1024px\" \/><\/figure>\n<\/div>\n\n\n<p>Lei\u00f0arlj\u00f3s okkar \u00ed leiksk\u00f3la LFA ehf. Fossakoti og Korpukoti er a\u00f0 skila til \u00fej\u00f3\u00f0f\u00e9lagsins n\u00e1msf\u00fasum og l\u00edfsgl\u00f6\u00f0um b\u00f6rnum, me\u00f0 j\u00e1kv\u00e6tt vi\u00f0horf til samf\u00e9lagsins. B\u00f6rnum me\u00f0 sterka sj\u00e1lfsmynd og heilbrig\u00f0a si\u00f0fer\u00f0iskennd. B\u00f6rnum sem bera vir\u00f0ingu fyrir sj\u00e1lfum s\u00e9r og samf\u00e9laginu. Einkunnaror\u00f0 leiksk\u00f3lans er \u201e\u00dea\u00f0 er leikur a\u00f0 l\u00e6ra\u201c.<\/p>\n\n\n\n<figure class=\"wp-block-video\"><video height=\"1080\" style=\"aspect-ratio: 1920 \/ 1080;\" width=\"1920\" autoplay controls muted src=\"https:\/\/www.lfa.is\/korpukot\/wp-content\/uploads\/2026\/02\/Fyrir-heimasidu-Kynning-Korpukot.mp4\" playsinline><\/video><\/figure>\n\n\n\n<ul class=\"wp-block-list\">\n<li><a href=\"https:\/\/www.lfa.is\/korpukot\/namskra\/\" data-type=\"page\" data-id=\"7716\">N\u00e1mskr\u00e1<\/a><\/li>\n\n\n\n<li><a href=\"https:\/\/www.korpukot.is\/lifsgildin\/\" data-type=\"URL\" data-id=\"https:\/\/www.korpukot.is\/lifsgildin\/\">L\u00edfsg<\/a><a href=\"https:\/\/www.lfa.is\/korpukot\/lifsgildin\/\" data-type=\"page\" data-id=\"7687\">ildin<\/a><\/li>\n\n\n\n<li><a href=\"https:\/\/www.lfa.is\/korpukot\/vinattuverkefni-barnaheilla\/\" data-type=\"page\" data-id=\"7689\">Vin\u00e1ttuverkefni Barnaheilla<\/a><\/li>\n\n\n\n<li><a href=\"https:\/\/www.lfa.is\/korpukot\/lubbi-finnur-malbein\/\" data-type=\"page\" data-id=\"7694\">Lubbi finnur m\u00e1lbein<\/a><\/li>\n\n\n\n<li><a href=\"https:\/\/www.lfa.is\/korpukot\/tras\/\" data-type=\"page\" data-id=\"7697\">Tras-m\u00e1l\u00f6rvun<\/a><\/li>\n\n\n\n<li><a href=\"https:\/\/www.lfa.is\/korpukot\/hopastarf\/\" data-type=\"page\" data-id=\"7700\">H\u00f3pasta<\/a><a href=\"https:\/\/www.korpukot.is\/hopastarf\/\" data-type=\"URL\" data-id=\"https:\/\/www.korpukot.is\/hopastarf\/\">rf<\/a><\/li>\n\n\n\n<li><a href=\"https:\/\/www.lfa.is\/korpukot\/abc-barnahjalp\/\" data-type=\"page\" data-id=\"7703\">ABC barnahj\u00e1lp<\/a><\/li>\n<\/ul>\n","protected":false},"excerpt":{"rendered":"<p>Lei\u00f0arlj\u00f3s okkar \u00ed leiksk\u00f3la LFA ehf. Fossakoti og Korpukoti er a\u00f0 skila til \u00fej\u00f3\u00f0f\u00e9lagsins n\u00e1msf\u00fasum og l\u00edfsgl\u00f6\u00f0um b\u00f6rnum, me\u00f0 j\u00e1kv\u00e6tt vi\u00f0horf til samf\u00e9lagsins. B\u00f6rnum me\u00f0 sterka sj\u00e1lfsmynd og heilbrig\u00f0a si\u00f0fer\u00f0iskennd. B\u00f6rnum sem bera vir\u00f0ingu fyrir sj\u00e1lfum s\u00e9r og samf\u00e9laginu. Einkunnaror\u00f0 leiksk\u00f3lans er \u201e\u00dea\u00f0 er leikur a\u00f0 l\u00e6ra\u201c.<\/p>\n","protected":false},"author":3,"featured_media":0,"parent":0,"menu_order":0,"comment_status":"closed","ping_status":"closed","template":"","meta":{"footnotes":""},"class_list":["post-7685","page","type-page","status-publish","hentry"],"_links":{"self":[{"href":"https:\/\/www.lfa.is\/korpukot\/wp-json\/wp\/v2\/pages\/7685","targetHints":{"allow":["GET"]}}],"collection":[{"href":"https:\/\/www.lfa.is\/korpukot\/wp-json\/wp\/v2\/pages"}],"about":[{"href":"https:\/\/www.lfa.is\/korpukot\/wp-json\/wp\/v2\/types\/page"}],"author":[{"embeddable":true,"href":"https:\/\/www.lfa.is\/korpukot\/wp-json\/wp\/v2\/users\/3"}],"replies":[{"embeddable":true,"href":"https:\/\/www.lfa.is\/korpukot\/wp-json\/wp\/v2\/comments?post=7685"}],"version-history":[{"count":8,"href":"https:\/\/www.lfa.is\/korpukot\/wp-json\/wp\/v2\/pages\/7685\/revisions"}],"predecessor-version":[{"id":8281,"href":"https:\/\/www.lfa.is\/korpukot\/wp-json\/wp\/v2\/pages\/7685\/revisions\/8281"}],"wp:attachment":[{"href":"https:\/\/www.lfa.is\/korpukot\/wp-json\/wp\/v2\/media?parent=7685"}],"curies":[{"name":"wp","href":"https:\/\/api.w.org\/{rel}","templated":true}]}}