{"id":7687,"date":"2022-10-31T09:59:32","date_gmt":"2022-10-31T09:59:32","guid":{"rendered":"https:\/\/www.korpukot.is\/?page_id=7687"},"modified":"2022-10-31T09:59:32","modified_gmt":"2022-10-31T09:59:32","slug":"lifsgildin","status":"publish","type":"page","link":"https:\/\/www.lfa.is\/korpukot\/lifsgildin\/","title":{"rendered":"L\u00edfsgildin"},"content":{"rendered":"\n<h2 class=\"wp-block-heading\">L\u00edfsgildin<\/h2>\n\n\n\n<p>Rau\u00f0i \u00fer\u00e1\u00f0urinn \u00ed starfi leiksk\u00f3lans er L\u00edfsgildabl\u00f3m, \u00fear sem laubl\u00f6\u00f0 \u00feess geyma l\u00edfsgildin. \u00deetta eru vin\u00e1tta, vir\u00f0ing, hj\u00e1lpsemi, kurteisi og samkennd. Hvert l\u00edfsgildi r\u00e6ktum vi\u00f0 me\u00f0 okkur tvo m\u00e1nu\u00f0i \u00ed senn. \u00c1 \u00fev\u00ed t\u00edmabili sem hvert l\u00edfsgildi er teki\u00f0 fyrir er kr\u00f3nubla\u00f0i sn\u00fai\u00f0 vi\u00f0 og \u00ed lj\u00f3s kemur hva\u00f0a l\u00edfsgildi ver\u00f0ur l\u00f6g\u00f0 h\u00f6fu\u00f0\u00e1hersla \u00e1, \u00e1 \u00fev\u00ed t\u00edmabili.<\/p>\n\n\n\n<p>N\u00fdtt l\u00edfsgildi er afhj\u00fapa\u00f0 \u00ed sameiginlegri s\u00f6ngstund og innleidd eru l\u00f6g \u00ed barnah\u00f3pinn sem innihalda \u00feau hugt\u00f6k sem vi\u00f0 vinnum me\u00f0 hverju sinni. Vi\u00f0 leggjum \u00e1herslu \u00e1 l\u00edfsgildin markvisst me\u00f0 b\u00f6rnum leiksk\u00f3lans \u00ed samverustundum \u00fear sem b\u00f6rnin geta tj\u00e1\u00f0 sig og s\u00ednar sko\u00f0anir um hva\u00f0 hvert l\u00edfsgildi felur \u00ed s\u00e9r. Einnig r\u00famast l\u00edfsgildin innan allra n\u00e1mssvi\u00f0a, t\u00e6kif\u00e6rin eru allsta\u00f0ar. \u00c1 ungbarnadeildum eru l\u00edfsgildin l\u00f6g\u00f0 inn \u00ed daglegum samskiptum eins og aldurssvarandi \u00feroski og geta leyfir. Eftir \u00fev\u00ed sem b\u00f6rnin \u00feroskast yfirf\u00e6ra \u00feau \u00feekkingu s\u00edna og hugtakaskilning l\u00edfsgildatr\u00e9sins \u00ed f\u00e9lagsleg samskipti s\u00edn \u00e1 milli og almennt.<\/p>\n","protected":false},"excerpt":{"rendered":"<p>L\u00edfsgildin Rau\u00f0i \u00fer\u00e1\u00f0urinn \u00ed starfi leiksk\u00f3lans er L\u00edfsgildabl\u00f3m, \u00fear sem laubl\u00f6\u00f0 \u00feess geyma l\u00edfsgildin. \u00deetta eru vin\u00e1tta, vir\u00f0ing, hj\u00e1lpsemi, kurteisi og samkennd. Hvert l\u00edfsgildi r\u00e6ktum vi\u00f0 me\u00f0 okkur tvo m\u00e1nu\u00f0i \u00ed senn. \u00c1 \u00fev\u00ed t\u00edmabili sem hvert l\u00edfsgildi er teki\u00f0 fyrir er kr\u00f3nubla\u00f0i sn\u00fai\u00f0 vi\u00f0 og \u00ed lj\u00f3s kemur hva\u00f0a l\u00edfsgildi ver\u00f0ur l\u00f6g\u00f0 h\u00f6fu\u00f0\u00e1hersla \u00e1,&hellip;<\/p>\n","protected":false},"author":3,"featured_media":0,"parent":0,"menu_order":0,"comment_status":"closed","ping_status":"closed","template":"","meta":{"footnotes":""},"class_list":["post-7687","page","type-page","status-publish","hentry"],"_links":{"self":[{"href":"https:\/\/www.lfa.is\/korpukot\/wp-json\/wp\/v2\/pages\/7687","targetHints":{"allow":["GET"]}}],"collection":[{"href":"https:\/\/www.lfa.is\/korpukot\/wp-json\/wp\/v2\/pages"}],"about":[{"href":"https:\/\/www.lfa.is\/korpukot\/wp-json\/wp\/v2\/types\/page"}],"author":[{"embeddable":true,"href":"https:\/\/www.lfa.is\/korpukot\/wp-json\/wp\/v2\/users\/3"}],"replies":[{"embeddable":true,"href":"https:\/\/www.lfa.is\/korpukot\/wp-json\/wp\/v2\/comments?post=7687"}],"version-history":[{"count":1,"href":"https:\/\/www.lfa.is\/korpukot\/wp-json\/wp\/v2\/pages\/7687\/revisions"}],"predecessor-version":[{"id":7688,"href":"https:\/\/www.lfa.is\/korpukot\/wp-json\/wp\/v2\/pages\/7687\/revisions\/7688"}],"wp:attachment":[{"href":"https:\/\/www.lfa.is\/korpukot\/wp-json\/wp\/v2\/media?parent=7687"}],"curies":[{"name":"wp","href":"https:\/\/api.w.org\/{rel}","templated":true}]}}