{"id":7689,"date":"2022-10-31T10:00:05","date_gmt":"2022-10-31T10:00:05","guid":{"rendered":"https:\/\/www.korpukot.is\/?page_id=7689"},"modified":"2022-10-31T10:01:14","modified_gmt":"2022-10-31T10:01:14","slug":"vinattuverkefni-barnaheilla","status":"publish","type":"page","link":"https:\/\/www.lfa.is\/korpukot\/vinattuverkefni-barnaheilla\/","title":{"rendered":"Vin\u00e1ttuverkefni Barnaheilla"},"content":{"rendered":"\n<p>\u00c1ri\u00f0 2020 byrja\u00f0i Korpukot a\u00f0 vinna me\u00f0 Vin\u00e1ttuverkefni Barnaheilla um bangsann Bl\u00e6 og flokkast leiksk\u00f3linn \u00fev\u00ed sem vin\u00e1ttuleiksk\u00f3li.&nbsp;<em>Vin\u00e1tta<\/em>&nbsp;er forvarnaverkefni Barnaheilla gegn einelti sem er \u00e6tla\u00f0 leiksk\u00f3lum, fyrstu bekkjum grunnsk\u00f3la, fr\u00edstundaheimilum og dagforeldrum.<\/p>\n\n\n\n<p>T\u00e1knmynd verkefnisins er bangsinn&nbsp;Bl\u00e6r&nbsp;og hann hvetur b\u00f6rnin til \u00feess a\u00f0 vera g\u00f3\u00f0ir vinir, s\u00fdna umhyggju, vir\u00f0ingu, hugrekki og umbur\u00f0arlyndi. Hann hj\u00e1lpar b\u00f6rnunum l\u00edka \u00ed a\u00f0 skilja tilfinningar s\u00ednar og annarra.&nbsp;<em>Vin\u00e1tta<\/em>&nbsp;felst \u00ed \u00fev\u00ed a\u00f0 fyrirbyggja einelti me\u00f0 \u00fev\u00ed a\u00f0 efla g\u00f3\u00f0an sk\u00f3labrag, eiga g\u00f3\u00f0 samskipti og hafa j\u00e1kv\u00e6tt vi\u00f0horf til allra \u00ed leiksk\u00f3lanum.<\/p>\n\n\n\n<p>\u00deegar unni\u00f0 er me\u00f0 verkefni er gert r\u00e1\u00f0 fyrir a\u00f0 hvert barn eigi l\u00edtinn Bl\u00e6-bangsa sem \u00e1 heima \u00ed leiksk\u00f3lanum. B\u00f6rnin munu geta nota\u00f0 hann til a\u00f0 leita eftir huggun, til a\u00f0 \u00fej\u00e1lfa samskipti og margt fleira.<\/p>\n\n\n\n<p>Foreldraf\u00e9lag Korpukots styrkir Vin\u00e1ttuverkefni Barnaheilla me\u00f0 kaupum \u00e1 bangsa fyrir hvert barn<br><br><a href=\"https:\/\/www.barnaheill.is\/is\/forvarnir\/vinatta\">H\u00e9r<\/a>&nbsp;er h\u00e6gt a\u00f0 lesa meira um Vin\u00e1ttuverkefni Barnaheilla<\/p>\n\n\n<div class=\"wp-block-image is-style-rounded\">\n<figure class=\"aligncenter size-large is-resized\"><img loading=\"lazy\" decoding=\"async\" src=\"https:\/\/www.korpukot.is\/wp-content\/uploads\/2022\/10\/Blaerinn-655x1024.jpg\" alt=\"\" class=\"wp-image-7692\" width=\"156\" height=\"243\" srcset=\"https:\/\/www.lfa.is\/korpukot\/wp-content\/uploads\/2022\/10\/Blaerinn-655x1024.jpg 655w, https:\/\/www.lfa.is\/korpukot\/wp-content\/uploads\/2022\/10\/Blaerinn-192x300.jpg 192w, https:\/\/www.lfa.is\/korpukot\/wp-content\/uploads\/2022\/10\/Blaerinn.jpg 767w\" sizes=\"auto, (max-width: 156px) 100vw, 156px\" \/><\/figure>\n<\/div>","protected":false},"excerpt":{"rendered":"<p>\u00c1ri\u00f0 2020 byrja\u00f0i Korpukot a\u00f0 vinna me\u00f0 Vin\u00e1ttuverkefni Barnaheilla um bangsann Bl\u00e6 og flokkast leiksk\u00f3linn \u00fev\u00ed sem vin\u00e1ttuleiksk\u00f3li.&nbsp;Vin\u00e1tta&nbsp;er forvarnaverkefni Barnaheilla gegn einelti sem er \u00e6tla\u00f0 leiksk\u00f3lum, fyrstu bekkjum grunnsk\u00f3la, fr\u00edstundaheimilum og dagforeldrum. T\u00e1knmynd verkefnisins er bangsinn&nbsp;Bl\u00e6r&nbsp;og hann hvetur b\u00f6rnin til \u00feess a\u00f0 vera g\u00f3\u00f0ir vinir, s\u00fdna umhyggju, vir\u00f0ingu, hugrekki og umbur\u00f0arlyndi. Hann hj\u00e1lpar b\u00f6rnunum l\u00edka&hellip;<\/p>\n","protected":false},"author":3,"featured_media":0,"parent":0,"menu_order":0,"comment_status":"closed","ping_status":"closed","template":"","meta":{"footnotes":""},"class_list":["post-7689","page","type-page","status-publish","hentry"],"_links":{"self":[{"href":"https:\/\/www.lfa.is\/korpukot\/wp-json\/wp\/v2\/pages\/7689","targetHints":{"allow":["GET"]}}],"collection":[{"href":"https:\/\/www.lfa.is\/korpukot\/wp-json\/wp\/v2\/pages"}],"about":[{"href":"https:\/\/www.lfa.is\/korpukot\/wp-json\/wp\/v2\/types\/page"}],"author":[{"embeddable":true,"href":"https:\/\/www.lfa.is\/korpukot\/wp-json\/wp\/v2\/users\/3"}],"replies":[{"embeddable":true,"href":"https:\/\/www.lfa.is\/korpukot\/wp-json\/wp\/v2\/comments?post=7689"}],"version-history":[{"count":2,"href":"https:\/\/www.lfa.is\/korpukot\/wp-json\/wp\/v2\/pages\/7689\/revisions"}],"predecessor-version":[{"id":7693,"href":"https:\/\/www.lfa.is\/korpukot\/wp-json\/wp\/v2\/pages\/7689\/revisions\/7693"}],"wp:attachment":[{"href":"https:\/\/www.lfa.is\/korpukot\/wp-json\/wp\/v2\/media?parent=7689"}],"curies":[{"name":"wp","href":"https:\/\/api.w.org\/{rel}","templated":true}]}}