{"id":7694,"date":"2022-10-31T10:02:05","date_gmt":"2022-10-31T10:02:05","guid":{"rendered":"https:\/\/www.korpukot.is\/?page_id=7694"},"modified":"2022-10-31T10:02:05","modified_gmt":"2022-10-31T10:02:05","slug":"lubbi-finnur-malbein","status":"publish","type":"page","link":"https:\/\/www.lfa.is\/korpukot\/lubbi-finnur-malbein\/","title":{"rendered":"Lubbi finnur m\u00e1lbein"},"content":{"rendered":"\n<p>R\u00edk \u00e1hersla er l\u00f6g\u00f0 \u00e1 m\u00e1lstarf \u00e1 \u00f6llum deildum leiksk\u00f3lans og er unni\u00f0 a\u00f0 \u00fev\u00ed a\u00f0 d\u00fdpka or\u00f0afor\u00f0a og skilning barnanna \u00ed daglegu starfi me\u00f0 markvissum lei\u00f0um m\u00e1l\u00f6rvunar, b\u00f3kalestri, v\u00edsum, \u00feulum, s\u00f6ng og leik.<\/p>\n\n\n\n<p>Um lei\u00f0 og barn hefur leiksk\u00f3lag\u00f6ngu s\u00edna er unni\u00f0 me\u00f0 kennsluefni\u00f0 \u201eLubbi finnur m\u00e1lbeini\u00f0\u201c \u00ed skipul\u00f6g\u00f0um Lubbastundum sem fara fram einu sinni \u00ed viku. \u00cd \u00feeim syngja b\u00f6rnin um m\u00e1lhlj\u00f3\u00f0in me\u00f0 Lubba, en hver deild hefur til umr\u00e1\u00f0a sinn eigin Lubba-bangsa sem n\u00fdttur er \u00ed \u00feessum stundum. \u00cd b\u00f3kinni um Lubba er hvert hlj\u00f3\u00f0 t\u00e1kna\u00f0 me\u00f0 litlum og st\u00f3rum b\u00f3kstaf. Unni\u00f0 er me\u00f0 hlj\u00f3\u00f0in \u00ed \u00fer\u00edv\u00eddd \u00fe.e. sj\u00f3nskyn, heyrnaskyn og hreyfi- og snertiskyn. Me\u00f0 \u00fev\u00ed er veri\u00f0 a\u00f0 \u00e6fa b\u00f6rnin \u00ed a\u00f0 tileinka s\u00e9r \u00edslensku m\u00e1lhlj\u00f3\u00f0in og br\u00faa bili\u00f0 milli stafs og hlj\u00f3\u00f0s sem a\u00f0 lokum kemur b\u00f6rnum \u00e1 spori\u00f0 \u00ed lestri og ritun. Lubbaefni\u00f0 gefur f\u00e6ri \u00e1 \u00f3tal skemmtilegum og fj\u00f6lbreyttum leikjum sem \u00fdta undir hlj\u00f3\u00f0an\u00e1m, stafa-hlj\u00f3\u00f0a\u00feekkingu, hlj\u00f3\u00f0avitund og fleiri undirst\u00f6\u00f0u\u00fe\u00e6tti fyrir lestrarn\u00e1m.<br><a href=\"http:\/\/www.lubbi.is\/\">H\u00e9r<\/a>&nbsp;er h\u00e6gt a\u00f0 kynnast Lubba enn betur<\/p>\n\n\n<div class=\"wp-block-image is-style-rounded\">\n<figure class=\"aligncenter size-full\"><img loading=\"lazy\" decoding=\"async\" width=\"235\" height=\"215\" src=\"https:\/\/www.korpukot.is\/wp-content\/uploads\/2022\/10\/lubbi.jpg\" alt=\"\" class=\"wp-image-7695\"\/><\/figure>\n<\/div>","protected":false},"excerpt":{"rendered":"<p>R\u00edk \u00e1hersla er l\u00f6g\u00f0 \u00e1 m\u00e1lstarf \u00e1 \u00f6llum deildum leiksk\u00f3lans og er unni\u00f0 a\u00f0 \u00fev\u00ed a\u00f0 d\u00fdpka or\u00f0afor\u00f0a og skilning barnanna \u00ed daglegu starfi me\u00f0 markvissum lei\u00f0um m\u00e1l\u00f6rvunar, b\u00f3kalestri, v\u00edsum, \u00feulum, s\u00f6ng og leik. Um lei\u00f0 og barn hefur leiksk\u00f3lag\u00f6ngu s\u00edna er unni\u00f0 me\u00f0 kennsluefni\u00f0 \u201eLubbi finnur m\u00e1lbeini\u00f0\u201c \u00ed skipul\u00f6g\u00f0um Lubbastundum sem fara fram einu&hellip;<\/p>\n","protected":false},"author":3,"featured_media":0,"parent":0,"menu_order":0,"comment_status":"closed","ping_status":"closed","template":"","meta":{"footnotes":""},"class_list":["post-7694","page","type-page","status-publish","hentry"],"_links":{"self":[{"href":"https:\/\/www.lfa.is\/korpukot\/wp-json\/wp\/v2\/pages\/7694","targetHints":{"allow":["GET"]}}],"collection":[{"href":"https:\/\/www.lfa.is\/korpukot\/wp-json\/wp\/v2\/pages"}],"about":[{"href":"https:\/\/www.lfa.is\/korpukot\/wp-json\/wp\/v2\/types\/page"}],"author":[{"embeddable":true,"href":"https:\/\/www.lfa.is\/korpukot\/wp-json\/wp\/v2\/users\/3"}],"replies":[{"embeddable":true,"href":"https:\/\/www.lfa.is\/korpukot\/wp-json\/wp\/v2\/comments?post=7694"}],"version-history":[{"count":1,"href":"https:\/\/www.lfa.is\/korpukot\/wp-json\/wp\/v2\/pages\/7694\/revisions"}],"predecessor-version":[{"id":7696,"href":"https:\/\/www.lfa.is\/korpukot\/wp-json\/wp\/v2\/pages\/7694\/revisions\/7696"}],"wp:attachment":[{"href":"https:\/\/www.lfa.is\/korpukot\/wp-json\/wp\/v2\/media?parent=7694"}],"curies":[{"name":"wp","href":"https:\/\/api.w.org\/{rel}","templated":true}]}}