{"id":7703,"date":"2022-10-31T10:05:38","date_gmt":"2022-10-31T10:05:38","guid":{"rendered":"https:\/\/www.korpukot.is\/?page_id=7703"},"modified":"2022-11-11T15:04:32","modified_gmt":"2022-11-11T15:04:32","slug":"abc-barnahjalp","status":"publish","type":"page","link":"https:\/\/www.lfa.is\/korpukot\/abc-barnahjalp\/","title":{"rendered":"ABC barnahj\u00e1lp"},"content":{"rendered":"\n<div class=\"wp-block-media-text is-stacked-on-mobile\" style=\"grid-template-columns:15% auto\"><figure class=\"wp-block-media-text__media\"><img loading=\"lazy\" decoding=\"async\" width=\"797\" height=\"800\" src=\"https:\/\/www.korpukot.is\/wp-content\/uploads\/2022\/11\/Logo-blatt-797x800-1.jpg\" alt=\"\" class=\"wp-image-7741 size-full\" srcset=\"https:\/\/www.lfa.is\/korpukot\/wp-content\/uploads\/2022\/11\/Logo-blatt-797x800-1.jpg 797w, https:\/\/www.lfa.is\/korpukot\/wp-content\/uploads\/2022\/11\/Logo-blatt-797x800-1-300x300.jpg 300w, https:\/\/www.lfa.is\/korpukot\/wp-content\/uploads\/2022\/11\/Logo-blatt-797x800-1-150x150.jpg 150w, https:\/\/www.lfa.is\/korpukot\/wp-content\/uploads\/2022\/11\/Logo-blatt-797x800-1-768x771.jpg 768w\" sizes=\"auto, (max-width: 797px) 100vw, 797px\" \/><\/figure><div class=\"wp-block-media-text__content\">\n<p>Leiksk\u00f3linn Korpukot styrkir barn til menntunar m\u00e1na\u00f0arlega \u00ed gegnum ABC barnahj\u00e1lp. En fram kemur \u00e1 heimas\u00ed\u00f0u ABC a\u00f0 menntun s\u00e9 einn mikilv\u00e6gasti hlekkurinn \u00ed a\u00f0 rj\u00fafa v\u00edtahring f\u00e1t\u00e6ktar. Tilgangur ABC barnahj\u00e1lpar er a\u00f0 veita b\u00f6rnum varanlega hj\u00e1lp \u00ed formi menntunar.<\/p>\n<\/div><\/div>\n\n\n\n<p>\u00dea\u00f0 er h\u00fan Rachael sem er vinur okkar h\u00e9r \u00ed Korpukoti en h\u00fan fr\u00e1 \u00daganda og er f\u00e6dd \u00e1ri\u00f0 2013. Korpukot hefur styrkt hana s\u00ed\u00f0an \u00e1ri\u00f0 2017 og sendir henni \u00e1rlega j\u00f3lagj\u00f6f. Vi\u00f0 h\u00f6fum fengi\u00f0 fr\u00e1 henni falleg j\u00f3lakort sem og \u00feakkakort. \u00deetta samstarf d\u00fdpkar skilning okkar \u00e1 \u00f3l\u00edkum menningarheimum og f\u00f6gnum vi\u00f0 \u00e1rlega \u00fej\u00f3\u00f0h\u00e1t\u00ed\u00f0ardegi \u00daganda auk \u00feess sem ABC hj\u00e1lparstarf gegnir mikilv\u00e6gu hlutverki \u00ed a\u00f0 uppfylla markmi\u00f0 Barnas\u00e1ttm\u00e1la Sameinu\u00f0u \u00fej\u00f3\u00f0anna.<\/p>\n\n\n\n<p><\/p>\n\n\n<div class=\"wp-block-image\">\n<figure class=\"aligncenter size-large is-resized\"><img loading=\"lazy\" decoding=\"async\" src=\"https:\/\/www.korpukot.is\/wp-content\/uploads\/2022\/11\/abc-barn-771x1024.jpg\" alt=\"\" class=\"wp-image-7740\" width=\"322\" height=\"427\" srcset=\"https:\/\/www.lfa.is\/korpukot\/wp-content\/uploads\/2022\/11\/abc-barn-771x1024.jpg 771w, https:\/\/www.lfa.is\/korpukot\/wp-content\/uploads\/2022\/11\/abc-barn-226x300.jpg 226w, https:\/\/www.lfa.is\/korpukot\/wp-content\/uploads\/2022\/11\/abc-barn-768x1020.jpg 768w, https:\/\/www.lfa.is\/korpukot\/wp-content\/uploads\/2022\/11\/abc-barn-1157x1536.jpg 1157w, https:\/\/www.lfa.is\/korpukot\/wp-content\/uploads\/2022\/11\/abc-barn-1200x1594.jpg 1200w, https:\/\/www.lfa.is\/korpukot\/wp-content\/uploads\/2022\/11\/abc-barn.jpg 1542w\" sizes=\"auto, (max-width: 322px) 100vw, 322px\" \/><\/figure>\n<\/div>","protected":false},"excerpt":{"rendered":"<p>Leiksk\u00f3linn Korpukot styrkir barn til menntunar m\u00e1na\u00f0arlega \u00ed gegnum ABC barnahj\u00e1lp. En fram kemur \u00e1 heimas\u00ed\u00f0u ABC a\u00f0 menntun s\u00e9 einn mikilv\u00e6gasti hlekkurinn \u00ed a\u00f0 rj\u00fafa v\u00edtahring f\u00e1t\u00e6ktar. Tilgangur ABC barnahj\u00e1lpar er a\u00f0 veita b\u00f6rnum varanlega hj\u00e1lp \u00ed formi menntunar. \u00dea\u00f0 er h\u00fan Rachael sem er vinur okkar h\u00e9r \u00ed Korpukoti en h\u00fan fr\u00e1 \u00daganda&hellip;<\/p>\n","protected":false},"author":3,"featured_media":0,"parent":0,"menu_order":0,"comment_status":"closed","ping_status":"closed","template":"","meta":{"footnotes":""},"class_list":["post-7703","page","type-page","status-publish","hentry"],"_links":{"self":[{"href":"https:\/\/www.lfa.is\/korpukot\/wp-json\/wp\/v2\/pages\/7703","targetHints":{"allow":["GET"]}}],"collection":[{"href":"https:\/\/www.lfa.is\/korpukot\/wp-json\/wp\/v2\/pages"}],"about":[{"href":"https:\/\/www.lfa.is\/korpukot\/wp-json\/wp\/v2\/types\/page"}],"author":[{"embeddable":true,"href":"https:\/\/www.lfa.is\/korpukot\/wp-json\/wp\/v2\/users\/3"}],"replies":[{"embeddable":true,"href":"https:\/\/www.lfa.is\/korpukot\/wp-json\/wp\/v2\/comments?post=7703"}],"version-history":[{"count":4,"href":"https:\/\/www.lfa.is\/korpukot\/wp-json\/wp\/v2\/pages\/7703\/revisions"}],"predecessor-version":[{"id":7744,"href":"https:\/\/www.lfa.is\/korpukot\/wp-json\/wp\/v2\/pages\/7703\/revisions\/7744"}],"wp:attachment":[{"href":"https:\/\/www.lfa.is\/korpukot\/wp-json\/wp\/v2\/media?parent=7703"}],"curies":[{"name":"wp","href":"https:\/\/api.w.org\/{rel}","templated":true}]}}