{"id":7878,"date":"2023-08-28T13:44:48","date_gmt":"2023-08-28T13:44:48","guid":{"rendered":"https:\/\/www.korpukot.is\/?page_id=7878"},"modified":"2026-03-11T10:53:57","modified_gmt":"2026-03-11T10:53:57","slug":"eydublod","status":"publish","type":"page","link":"https:\/\/www.lfa.is\/korpukot\/eydublod\/","title":{"rendered":"Ey\u00f0ubl\u00f6\u00f0"},"content":{"rendered":"\n<div class=\"wp-block-file\"><a id=\"wp-block-file--media-31c3dd62-1f6f-41b7-b88a-90dc42ba5224\" href=\"https:\/\/www.lfa.is\/korpukot\/wp-content\/uploads\/2026\/03\/Breyting-a-dvalartima.pdf\">Breyting \u00e1 dvalart\u00edma<\/a><a href=\"https:\/\/www.lfa.is\/korpukot\/wp-content\/uploads\/2026\/03\/Breyting-a-dvalartima.pdf\" class=\"wp-block-file__button wp-element-button\" download aria-describedby=\"wp-block-file--media-31c3dd62-1f6f-41b7-b88a-90dc42ba5224\">S\u00e6kja<\/a><\/div>\n\n\n\n<div class=\"wp-block-file\"><a id=\"wp-block-file--media-2d5b237a-d9b7-4981-a077-98a9bdcd43ce\" href=\"https:\/\/www.lfa.is\/korpukot\/wp-content\/uploads\/2026\/03\/Uppsogn-a-leikskolaplassi.pdf\">Upps\u00f6gn \u00e1 leiksk\u00f3lapl\u00e1ssi<\/a><a href=\"https:\/\/www.lfa.is\/korpukot\/wp-content\/uploads\/2026\/03\/Uppsogn-a-leikskolaplassi.pdf\" class=\"wp-block-file__button wp-element-button\" download aria-describedby=\"wp-block-file--media-2d5b237a-d9b7-4981-a077-98a9bdcd43ce\">S\u00e6kja<\/a><\/div>\n\n\n\n<p><\/p>\n","protected":false},"excerpt":{"rendered":"","protected":false},"author":3,"featured_media":0,"parent":0,"menu_order":0,"comment_status":"closed","ping_status":"closed","template":"","meta":{"footnotes":""},"class_list":["post-7878","page","type-page","status-publish","hentry"],"_links":{"self":[{"href":"https:\/\/www.lfa.is\/korpukot\/wp-json\/wp\/v2\/pages\/7878","targetHints":{"allow":["GET"]}}],"collection":[{"href":"https:\/\/www.lfa.is\/korpukot\/wp-json\/wp\/v2\/pages"}],"about":[{"href":"https:\/\/www.lfa.is\/korpukot\/wp-json\/wp\/v2\/types\/page"}],"author":[{"embeddable":true,"href":"https:\/\/www.lfa.is\/korpukot\/wp-json\/wp\/v2\/users\/3"}],"replies":[{"embeddable":true,"href":"https:\/\/www.lfa.is\/korpukot\/wp-json\/wp\/v2\/comments?post=7878"}],"version-history":[{"count":5,"href":"https:\/\/www.lfa.is\/korpukot\/wp-json\/wp\/v2\/pages\/7878\/revisions"}],"predecessor-version":[{"id":8323,"href":"https:\/\/www.lfa.is\/korpukot\/wp-json\/wp\/v2\/pages\/7878\/revisions\/8323"}],"wp:attachment":[{"href":"https:\/\/www.lfa.is\/korpukot\/wp-json\/wp\/v2\/media?parent=7878"}],"curies":[{"name":"wp","href":"https:\/\/api.w.org\/{rel}","templated":true}]}}