{"id":8155,"date":"2025-08-20T22:00:44","date_gmt":"2025-08-20T22:00:44","guid":{"rendered":"https:\/\/www.lfa.is\/korpukot\/?page_id=8155"},"modified":"2025-10-22T08:16:00","modified_gmt":"2025-10-22T08:16:00","slug":"starfsfolk-geislakots","status":"publish","type":"page","link":"https:\/\/www.lfa.is\/korpukot\/starfsfolk\/starfsfolk-geislakots\/","title":{"rendered":"Starfsf\u00f3lk Geislakots"},"content":{"rendered":"\n<div class=\"wp-block-media-text alignwide is-stacked-on-mobile\" style=\"grid-template-columns:20% auto\"><figure class=\"wp-block-media-text__media\"><img loading=\"lazy\" decoding=\"async\" width=\"706\" height=\"1024\" src=\"https:\/\/www.lfa.is\/korpukot\/wp-content\/uploads\/2025\/08\/Sara-Y.jpeg\" alt=\"\" class=\"wp-image-8156 size-full\" srcset=\"https:\/\/www.lfa.is\/korpukot\/wp-content\/uploads\/2025\/08\/Sara-Y.jpeg 706w, https:\/\/www.lfa.is\/korpukot\/wp-content\/uploads\/2025\/08\/Sara-Y-207x300.jpeg 207w\" sizes=\"auto, (max-width: 706px) 100vw, 706px\" \/><\/figure><div class=\"wp-block-media-text__content\">\n<p class=\"has-large-font-size\">Sara Yvonne<\/p>\n\n\n\n<p>Deildarstj\u00f3ri<\/p>\n\n\n\n<p>sara.yvonne@lfa.is<\/p>\n\n\n\n<p>Leiksk\u00f3lakennari<\/p>\n<\/div><\/div>\n\n\n\n<div class=\"wp-block-media-text alignwide is-stacked-on-mobile\" style=\"grid-template-columns:20% auto\"><figure class=\"wp-block-media-text__media\"><img loading=\"lazy\" decoding=\"async\" width=\"680\" height=\"1024\" src=\"https:\/\/www.lfa.is\/korpukot\/wp-content\/uploads\/2025\/08\/Baldur.jpeg\" alt=\"\" class=\"wp-image-8163 size-full\" srcset=\"https:\/\/www.lfa.is\/korpukot\/wp-content\/uploads\/2025\/08\/Baldur.jpeg 680w, https:\/\/www.lfa.is\/korpukot\/wp-content\/uploads\/2025\/08\/Baldur-199x300.jpeg 199w\" sizes=\"auto, (max-width: 680px) 100vw, 680px\" \/><\/figure><div class=\"wp-block-media-text__content\">\n<p class=\"has-large-font-size\">Baldur Hrafn<\/p>\n\n\n\n<p>Lei\u00f0beinandi<\/p>\n<\/div><\/div>\n\n\n\n<div class=\"wp-block-media-text alignwide is-stacked-on-mobile\" style=\"grid-template-columns:20% auto\"><figure class=\"wp-block-media-text__media\"><img loading=\"lazy\" decoding=\"async\" width=\"576\" height=\"1024\" src=\"https:\/\/www.lfa.is\/korpukot\/wp-content\/uploads\/2025\/10\/image1-576x1024.jpeg\" alt=\"\" class=\"wp-image-8217 size-full\" srcset=\"https:\/\/www.lfa.is\/korpukot\/wp-content\/uploads\/2025\/10\/image1-576x1024.jpeg 576w, https:\/\/www.lfa.is\/korpukot\/wp-content\/uploads\/2025\/10\/image1-169x300.jpeg 169w, https:\/\/www.lfa.is\/korpukot\/wp-content\/uploads\/2025\/10\/image1-768x1365.jpeg 768w, https:\/\/www.lfa.is\/korpukot\/wp-content\/uploads\/2025\/10\/image1-864x1536.jpeg 864w, https:\/\/www.lfa.is\/korpukot\/wp-content\/uploads\/2025\/10\/image1-1152x2048.jpeg 1152w, https:\/\/www.lfa.is\/korpukot\/wp-content\/uploads\/2025\/10\/image1-1200x2133.jpeg 1200w, https:\/\/www.lfa.is\/korpukot\/wp-content\/uploads\/2025\/10\/image1.jpeg 1242w\" sizes=\"auto, (max-width: 576px) 100vw, 576px\" \/><\/figure><div class=\"wp-block-media-text__content\">\n<p class=\"has-large-font-size\">Natal\u00eda S\u00f3l<\/p>\n\n\n\n<p>Lei\u00f0beinandi<\/p>\n<\/div><\/div>\n\n\n\n<div class=\"wp-block-media-text alignwide is-stacked-on-mobile\" style=\"grid-template-columns:20% auto\"><figure class=\"wp-block-media-text__media\"><img loading=\"lazy\" decoding=\"async\" width=\"348\" height=\"474\" src=\"https:\/\/www.lfa.is\/korpukot\/wp-content\/uploads\/2025\/08\/Screenshot-2025-08-20-at-21.21.03.png\" alt=\"\" class=\"wp-image-8158 size-full\" srcset=\"https:\/\/www.lfa.is\/korpukot\/wp-content\/uploads\/2025\/08\/Screenshot-2025-08-20-at-21.21.03.png 348w, https:\/\/www.lfa.is\/korpukot\/wp-content\/uploads\/2025\/08\/Screenshot-2025-08-20-at-21.21.03-220x300.png 220w\" sizes=\"auto, (max-width: 348px) 100vw, 348px\" \/><\/figure><div class=\"wp-block-media-text__content\">\n<p class=\"has-large-font-size\">\u00cdsak M\u00e1ni<\/p>\n\n\n\n<p>Lei\u00f0beinandi<\/p>\n<\/div><\/div>\n","protected":false},"excerpt":{"rendered":"<p>Sara Yvonne Deildarstj\u00f3ri sara.yvonne@lfa.is Leiksk\u00f3lakennari Baldur Hrafn Lei\u00f0beinandi Natal\u00eda S\u00f3l Lei\u00f0beinandi \u00cdsak M\u00e1ni Lei\u00f0beinandi<\/p>\n","protected":false},"author":3,"featured_media":0,"parent":8172,"menu_order":0,"comment_status":"closed","ping_status":"closed","template":"","meta":{"footnotes":""},"class_list":["post-8155","page","type-page","status-publish","hentry"],"_links":{"self":[{"href":"https:\/\/www.lfa.is\/korpukot\/wp-json\/wp\/v2\/pages\/8155","targetHints":{"allow":["GET"]}}],"collection":[{"href":"https:\/\/www.lfa.is\/korpukot\/wp-json\/wp\/v2\/pages"}],"about":[{"href":"https:\/\/www.lfa.is\/korpukot\/wp-json\/wp\/v2\/types\/page"}],"author":[{"embeddable":true,"href":"https:\/\/www.lfa.is\/korpukot\/wp-json\/wp\/v2\/users\/3"}],"replies":[{"embeddable":true,"href":"https:\/\/www.lfa.is\/korpukot\/wp-json\/wp\/v2\/comments?post=8155"}],"version-history":[{"count":3,"href":"https:\/\/www.lfa.is\/korpukot\/wp-json\/wp\/v2\/pages\/8155\/revisions"}],"predecessor-version":[{"id":8218,"href":"https:\/\/www.lfa.is\/korpukot\/wp-json\/wp\/v2\/pages\/8155\/revisions\/8218"}],"up":[{"embeddable":true,"href":"https:\/\/www.lfa.is\/korpukot\/wp-json\/wp\/v2\/pages\/8172"}],"wp:attachment":[{"href":"https:\/\/www.lfa.is\/korpukot\/wp-json\/wp\/v2\/media?parent=8155"}],"curies":[{"name":"wp","href":"https:\/\/api.w.org\/{rel}","templated":true}]}}