{"id":8167,"date":"2025-08-20T22:08:10","date_gmt":"2025-08-20T22:08:10","guid":{"rendered":"https:\/\/www.lfa.is\/korpukot\/?page_id=8167"},"modified":"2026-02-10T12:56:35","modified_gmt":"2026-02-10T12:56:35","slug":"starfsfolk-utan-deilda-2","status":"publish","type":"page","link":"https:\/\/www.lfa.is\/korpukot\/starfsfolk\/starfsfolk-utan-deilda-2\/","title":{"rendered":"Starfsf\u00f3lk utan deilda"},"content":{"rendered":"\n<div class=\"wp-block-media-text alignwide is-stacked-on-mobile\" style=\"grid-template-columns:20% auto\"><figure class=\"wp-block-media-text__media\"><img loading=\"lazy\" decoding=\"async\" width=\"245\" height=\"300\" src=\"https:\/\/www.lfa.is\/korpukot\/wp-content\/uploads\/2025\/08\/Ilmur.jpg\" alt=\"\" class=\"wp-image-8153 size-full\"\/><\/figure><div class=\"wp-block-media-text__content\">\n<p class=\"has-large-font-size\">Ilmur<\/p>\n\n\n\n<p>Afleysing<\/p>\n\n\n\n<p>B.A. F\u00e9lagsr\u00e1\u00f0gj\u00f6f, \u00ed n\u00e1mi til starfsr\u00e9ttinda<\/p>\n<\/div><\/div>\n\n\n\n<div class=\"wp-block-media-text alignwide is-stacked-on-mobile\" style=\"grid-template-columns:20% auto\"><figure class=\"wp-block-media-text__media\"><img loading=\"lazy\" decoding=\"async\" width=\"768\" height=\"1024\" src=\"https:\/\/www.lfa.is\/korpukot\/wp-content\/uploads\/2026\/02\/Sara-bryndis-768x1024.jpg\" alt=\"\" class=\"wp-image-8284 size-full\" srcset=\"https:\/\/www.lfa.is\/korpukot\/wp-content\/uploads\/2026\/02\/Sara-bryndis-768x1023.jpg 768w, https:\/\/www.lfa.is\/korpukot\/wp-content\/uploads\/2026\/02\/Sara-bryndis-225x300.jpg 225w, https:\/\/www.lfa.is\/korpukot\/wp-content\/uploads\/2026\/02\/Sara-bryndis.jpg 944w\" sizes=\"auto, (max-width: 768px) 100vw, 768px\" \/><\/figure><div class=\"wp-block-media-text__content\">\n<p class=\"has-large-font-size\">Sara Brynd\u00eds<\/p>\n\n\n\n<p>Afleysing<\/p>\n\n\n\n<p><\/p>\n<\/div><\/div>\n\n\n\n<div class=\"wp-block-media-text alignwide is-stacked-on-mobile\" style=\"grid-template-columns:20% auto\"><figure class=\"wp-block-media-text__media\"><img loading=\"lazy\" decoding=\"async\" width=\"411\" height=\"428\" src=\"https:\/\/www.lfa.is\/korpukot\/wp-content\/uploads\/2025\/08\/Screenshot-2025-08-20-at-22.06.48.png\" alt=\"\" class=\"wp-image-8168 size-full\" srcset=\"https:\/\/www.lfa.is\/korpukot\/wp-content\/uploads\/2025\/08\/Screenshot-2025-08-20-at-22.06.48.png 411w, https:\/\/www.lfa.is\/korpukot\/wp-content\/uploads\/2025\/08\/Screenshot-2025-08-20-at-22.06.48-288x300.png 288w\" sizes=\"auto, (max-width: 411px) 100vw, 411px\" \/><\/figure><div class=\"wp-block-media-text__content\">\n<p class=\"has-large-font-size\">Michelle<\/p>\n\n\n\n<p>Matr\u00e1\u00f0ur<\/p>\n\n\n\n<p>Matsveinn<\/p>\n<\/div><\/div>\n\n\n\n<div class=\"wp-block-media-text alignwide is-stacked-on-mobile\" style=\"grid-template-columns:20% auto\"><figure class=\"wp-block-media-text__media\"><img loading=\"lazy\" decoding=\"async\" width=\"270\" height=\"308\" src=\"https:\/\/www.lfa.is\/korpukot\/wp-content\/uploads\/2025\/08\/Screenshot-2025-08-20-at-22.07.10.png\" alt=\"\" class=\"wp-image-8169 size-full\" srcset=\"https:\/\/www.lfa.is\/korpukot\/wp-content\/uploads\/2025\/08\/Screenshot-2025-08-20-at-22.07.10.png 270w, https:\/\/www.lfa.is\/korpukot\/wp-content\/uploads\/2025\/08\/Screenshot-2025-08-20-at-22.07.10-263x300.png 263w\" sizes=\"auto, (max-width: 270px) 100vw, 270px\" \/><\/figure><div class=\"wp-block-media-text__content\">\n<p class=\"has-large-font-size\">Svitlana<\/p>\n\n\n\n<p>A\u00f0sto\u00f0armatr\u00e1\u00f0ur<\/p>\n\n\n\n<p><\/p>\n<\/div><\/div>\n","protected":false},"excerpt":{"rendered":"<p>Ilmur Afleysing B.A. F\u00e9lagsr\u00e1\u00f0gj\u00f6f, \u00ed n\u00e1mi til starfsr\u00e9ttinda Sara Brynd\u00eds Afleysing Michelle Matr\u00e1\u00f0ur Matsveinn Svitlana A\u00f0sto\u00f0armatr\u00e1\u00f0ur<\/p>\n","protected":false},"author":3,"featured_media":0,"parent":8172,"menu_order":0,"comment_status":"closed","ping_status":"closed","template":"","meta":{"footnotes":""},"class_list":["post-8167","page","type-page","status-publish","hentry"],"_links":{"self":[{"href":"https:\/\/www.lfa.is\/korpukot\/wp-json\/wp\/v2\/pages\/8167","targetHints":{"allow":["GET"]}}],"collection":[{"href":"https:\/\/www.lfa.is\/korpukot\/wp-json\/wp\/v2\/pages"}],"about":[{"href":"https:\/\/www.lfa.is\/korpukot\/wp-json\/wp\/v2\/types\/page"}],"author":[{"embeddable":true,"href":"https:\/\/www.lfa.is\/korpukot\/wp-json\/wp\/v2\/users\/3"}],"replies":[{"embeddable":true,"href":"https:\/\/www.lfa.is\/korpukot\/wp-json\/wp\/v2\/comments?post=8167"}],"version-history":[{"count":4,"href":"https:\/\/www.lfa.is\/korpukot\/wp-json\/wp\/v2\/pages\/8167\/revisions"}],"predecessor-version":[{"id":8285,"href":"https:\/\/www.lfa.is\/korpukot\/wp-json\/wp\/v2\/pages\/8167\/revisions\/8285"}],"up":[{"embeddable":true,"href":"https:\/\/www.lfa.is\/korpukot\/wp-json\/wp\/v2\/pages\/8172"}],"wp:attachment":[{"href":"https:\/\/www.lfa.is\/korpukot\/wp-json\/wp\/v2\/media?parent=8167"}],"curies":[{"name":"wp","href":"https:\/\/api.w.org\/{rel}","templated":true}]}}