{"id":8172,"date":"2025-08-20T22:11:15","date_gmt":"2025-08-20T22:11:15","guid":{"rendered":"https:\/\/www.lfa.is\/korpukot\/?page_id=8172"},"modified":"2025-08-20T22:32:52","modified_gmt":"2025-08-20T22:32:52","slug":"starfsfolk","status":"publish","type":"page","link":"https:\/\/www.lfa.is\/korpukot\/starfsfolk\/","title":{"rendered":"Starfsf\u00f3lk"},"content":{"rendered":"\n<p><\/p>\n\n\n\n<p><\/p>\n\n\n\n<p class=\"has-text-align-center\"><a href=\"https:\/\/www.lfa.is\/korpukot\/starfsfolk\/starfsfolk-saelukots\/\" data-type=\"page\" data-id=\"98\">S\u00e6lukot<\/a><\/p>\n\n\n\n<p class=\"has-text-align-center\"><a href=\"https:\/\/www.lfa.is\/korpukot\/starfsfolk\/starfsfolk-sunnukots\/\" data-type=\"page\" data-id=\"102\">Sunnukot<\/a><\/p>\n\n\n\n<p class=\"has-text-align-center\"><a href=\"https:\/\/www.lfa.is\/korpukot\/starfsfolk\/starfsfolk-bjartakots\/\" data-type=\"page\" data-id=\"107\">Bjartakot<\/a><\/p>\n\n\n\n<p class=\"has-text-align-center\"><a href=\"https:\/\/www.lfa.is\/korpukot\/starfsfolk\/starfsfolk-fagrakots\/\" data-type=\"page\" data-id=\"112\">Fagrakot<\/a><\/p>\n\n\n\n<p class=\"has-text-align-center\"><a href=\"https:\/\/www.lfa.is\/korpukot\/starfsfolk\/starfsfolk-geislakots\/\" data-type=\"page\" data-id=\"8155\">Geislakot<\/a><\/p>\n\n\n\n<p class=\"has-text-align-center\"><a href=\"https:\/\/www.lfa.is\/korpukot\/starfsfolk\/starfsfolk-utan-deilda\/\" data-type=\"page\" data-id=\"340\">S\u00e9rkennsla<\/a><\/p>\n\n\n\n<p class=\"has-text-align-center\"><a href=\"https:\/\/www.lfa.is\/korpukot\/starfsfolk\/starfsfolk-utan-deilda-2\/\" data-type=\"page\" data-id=\"8167\">Starfsf\u00f3lk utan deilda<\/a><\/p>\n\n\n\n<p class=\"has-text-align-center\"><a href=\"https:\/\/www.lfa.is\/korpukot\/um-korpukot\/stjornendateymi\/\">Stj\u00f3rnendateymi<\/a><\/p>\n\n\n<div class=\"wp-block-image\">\n<figure class=\"aligncenter size-large is-resized\"><img loading=\"lazy\" decoding=\"async\" width=\"1024\" height=\"712\" src=\"https:\/\/www.lfa.is\/korpukot\/wp-content\/uploads\/2025\/08\/kennara-1024x712.jpg\" alt=\"\" class=\"wp-image-8186\" style=\"width:463px;height:auto\" srcset=\"https:\/\/www.lfa.is\/korpukot\/wp-content\/uploads\/2025\/08\/kennara-1024x712.jpg 1024w, https:\/\/www.lfa.is\/korpukot\/wp-content\/uploads\/2025\/08\/kennara-300x209.jpg 300w, https:\/\/www.lfa.is\/korpukot\/wp-content\/uploads\/2025\/08\/kennara-768x534.jpg 768w, https:\/\/www.lfa.is\/korpukot\/wp-content\/uploads\/2025\/08\/kennara-1200x835.jpg 1200w, https:\/\/www.lfa.is\/korpukot\/wp-content\/uploads\/2025\/08\/kennara.jpg 1282w\" sizes=\"auto, (max-width: 1024px) 100vw, 1024px\" \/><\/figure>\n<\/div>","protected":false},"excerpt":{"rendered":"<p>S\u00e6lukot Sunnukot Bjartakot Fagrakot Geislakot S\u00e9rkennsla Starfsf\u00f3lk utan deilda Stj\u00f3rnendateymi<\/p>\n","protected":false},"author":3,"featured_media":0,"parent":0,"menu_order":0,"comment_status":"closed","ping_status":"closed","template":"","meta":{"footnotes":""},"class_list":["post-8172","page","type-page","status-publish","hentry"],"_links":{"self":[{"href":"https:\/\/www.lfa.is\/korpukot\/wp-json\/wp\/v2\/pages\/8172","targetHints":{"allow":["GET"]}}],"collection":[{"href":"https:\/\/www.lfa.is\/korpukot\/wp-json\/wp\/v2\/pages"}],"about":[{"href":"https:\/\/www.lfa.is\/korpukot\/wp-json\/wp\/v2\/types\/page"}],"author":[{"embeddable":true,"href":"https:\/\/www.lfa.is\/korpukot\/wp-json\/wp\/v2\/users\/3"}],"replies":[{"embeddable":true,"href":"https:\/\/www.lfa.is\/korpukot\/wp-json\/wp\/v2\/comments?post=8172"}],"version-history":[{"count":4,"href":"https:\/\/www.lfa.is\/korpukot\/wp-json\/wp\/v2\/pages\/8172\/revisions"}],"predecessor-version":[{"id":8189,"href":"https:\/\/www.lfa.is\/korpukot\/wp-json\/wp\/v2\/pages\/8172\/revisions\/8189"}],"wp:attachment":[{"href":"https:\/\/www.lfa.is\/korpukot\/wp-json\/wp\/v2\/media?parent=8172"}],"curies":[{"name":"wp","href":"https:\/\/api.w.org\/{rel}","templated":true}]}}