{"id":82,"date":"2021-03-02T19:14:43","date_gmt":"2021-03-02T19:14:43","guid":{"rendered":"https:\/\/www.korpukot.is\/?page_id=82"},"modified":"2026-03-23T13:35:33","modified_gmt":"2026-03-23T13:35:33","slug":"gjaldskra","status":"publish","type":"page","link":"https:\/\/www.lfa.is\/korpukot\/um-korpukot\/gjaldskra\/","title":{"rendered":"Gjaldskr\u00e1"},"content":{"rendered":"\n<p><em>Gildir fr\u00e1 1.apr\u00edl 202<\/em>6<\/p>\n\n\n\n<p>Leiksk\u00f3linn Korpukot b\u00fd\u00f0ur upp \u00e1 6 vistunarlei\u00f0ir og mi\u00f0ast gjaldskr\u00e1 vi\u00f0 fj\u00f6lda t\u00edma \u00e1 viku. Foreldrar hafa val um a\u00f0 vera me\u00f0 s\u00f6mu vistun alla virka daga e\u00f0a s\u00f6mu vistun m\u00e1n-fim og styttri vistun \u00e1 f\u00f6stud\u00f6gum. <\/p>\n\n\n\n<p>Gjaldskr\u00e1 \u00feessi mi\u00f0ast vi\u00f0 a\u00f0 barn s\u00e9 me\u00f0 l\u00f6gheimili \u00ed Reykjav\u00edk. Leiksk\u00f3lagjald er innheimt fyrirfram.<\/p>\n\n\n\n<div class=\"wp-block-group\"><div class=\"wp-block-group__inner-container is-layout-constrained wp-block-group-is-layout-constrained\"><\/div><\/div>\n\n\n\n<figure class=\"wp-block-image size-full\"><img loading=\"lazy\" decoding=\"async\" width=\"975\" height=\"657\" src=\"https:\/\/www.lfa.is\/korpukot\/wp-content\/uploads\/2026\/03\/Screenshot-2026-03-06-153434.png\" alt=\"\" class=\"wp-image-8312\" srcset=\"https:\/\/www.lfa.is\/korpukot\/wp-content\/uploads\/2026\/03\/Screenshot-2026-03-06-153434.png 975w, https:\/\/www.lfa.is\/korpukot\/wp-content\/uploads\/2026\/03\/Screenshot-2026-03-06-153434-300x202.png 300w, https:\/\/www.lfa.is\/korpukot\/wp-content\/uploads\/2026\/03\/Screenshot-2026-03-06-153434-768x518.png 768w\" sizes=\"auto, (max-width: 975px) 100vw, 975px\" \/><\/figure>\n\n\n\n<figure class=\"wp-block-image size-full\"><img loading=\"lazy\" decoding=\"async\" width=\"1033\" height=\"696\" src=\"https:\/\/www.lfa.is\/korpukot\/wp-content\/uploads\/2026\/03\/Screenshot-2026-03-06-153426.png\" alt=\"\" class=\"wp-image-8315\" style=\"aspect-ratio:4\/3;object-fit:cover\" srcset=\"https:\/\/www.lfa.is\/korpukot\/wp-content\/uploads\/2026\/03\/Screenshot-2026-03-06-153426.png 1033w, https:\/\/www.lfa.is\/korpukot\/wp-content\/uploads\/2026\/03\/Screenshot-2026-03-06-153426-300x202.png 300w, https:\/\/www.lfa.is\/korpukot\/wp-content\/uploads\/2026\/03\/Screenshot-2026-03-06-153426-1024x690.png 1024w, https:\/\/www.lfa.is\/korpukot\/wp-content\/uploads\/2026\/03\/Screenshot-2026-03-06-153426-768x517.png 768w\" sizes=\"auto, (max-width: 1033px) 100vw, 1033px\" \/><\/figure>\n\n\n\n<p class=\"has-small-font-size\">Vistun getur hafist 7:30\/8:00\/8:30\/9:00 og s\u00e9 f\u00f6studagsvistun styttri en a\u00f0ra daga skal mi\u00f0a vi\u00f0 a\u00f0 henni lj\u00faki eigi s\u00ed\u00f0ur en kl. 15:00.<\/p>\n\n\n\n<p>Systkinaafsl\u00e1ttur er 100% af n\u00e1msgjaldi hj\u00e1 eldra barni me\u00f0 l\u00f6gheimili \u00ed Reykjav\u00edk<\/p>\n\n\n\n<p>Leiksk\u00f3lagj\u00f6ld eru me\u00f0altals gj\u00f6ld fyrir \u00e1ri\u00f0 sem dreifast \u00e1 11 m\u00e1nu\u00f0i. \u00c1g\u00fastm\u00e1nu\u00f0ur grei\u00f0ist a\u00f0 fullu en j\u00fal\u00edm\u00e1nu\u00f0i er sleppt \u00fe\u00f3 sumarleyfi skarist milli j\u00fal\u00ed og \u00e1g\u00fast \u00e1r hvert.<\/p>\n\n\n\n<p><\/p>\n","protected":false},"excerpt":{"rendered":"<p>Gildir fr\u00e1 1.apr\u00edl 2026 Leiksk\u00f3linn Korpukot b\u00fd\u00f0ur upp \u00e1 6 vistunarlei\u00f0ir og mi\u00f0ast gjaldskr\u00e1 vi\u00f0 fj\u00f6lda t\u00edma \u00e1 viku. Foreldrar hafa val um a\u00f0 vera me\u00f0 s\u00f6mu vistun alla virka daga e\u00f0a s\u00f6mu vistun m\u00e1n-fim og styttri vistun \u00e1 f\u00f6stud\u00f6gum. Gjaldskr\u00e1 \u00feessi mi\u00f0ast vi\u00f0 a\u00f0 barn s\u00e9 me\u00f0 l\u00f6gheimili \u00ed Reykjav\u00edk. Leiksk\u00f3lagjald er innheimt fyrirfram.&hellip;<\/p>\n","protected":false},"author":1,"featured_media":0,"parent":59,"menu_order":0,"comment_status":"closed","ping_status":"closed","template":"","meta":{"footnotes":""},"class_list":["post-82","page","type-page","status-publish","hentry"],"_links":{"self":[{"href":"https:\/\/www.lfa.is\/korpukot\/wp-json\/wp\/v2\/pages\/82","targetHints":{"allow":["GET"]}}],"collection":[{"href":"https:\/\/www.lfa.is\/korpukot\/wp-json\/wp\/v2\/pages"}],"about":[{"href":"https:\/\/www.lfa.is\/korpukot\/wp-json\/wp\/v2\/types\/page"}],"author":[{"embeddable":true,"href":"https:\/\/www.lfa.is\/korpukot\/wp-json\/wp\/v2\/users\/1"}],"replies":[{"embeddable":true,"href":"https:\/\/www.lfa.is\/korpukot\/wp-json\/wp\/v2\/comments?post=82"}],"version-history":[{"count":10,"href":"https:\/\/www.lfa.is\/korpukot\/wp-json\/wp\/v2\/pages\/82\/revisions"}],"predecessor-version":[{"id":8325,"href":"https:\/\/www.lfa.is\/korpukot\/wp-json\/wp\/v2\/pages\/82\/revisions\/8325"}],"up":[{"embeddable":true,"href":"https:\/\/www.lfa.is\/korpukot\/wp-json\/wp\/v2\/pages\/59"}],"wp:attachment":[{"href":"https:\/\/www.lfa.is\/korpukot\/wp-json\/wp\/v2\/media?parent=82"}],"curies":[{"name":"wp","href":"https:\/\/api.w.org\/{rel}","templated":true}]}}