{"id":95,"date":"2021-03-10T23:04:40","date_gmt":"2021-03-10T23:04:40","guid":{"rendered":"https:\/\/www.korpukot.is\/?page_id=95"},"modified":"2026-02-24T10:38:25","modified_gmt":"2026-02-24T10:38:25","slug":"saelukot","status":"publish","type":"page","link":"https:\/\/www.lfa.is\/korpukot\/deildir-korpukots\/saelukot\/","title":{"rendered":"S\u00e6lukot"},"content":{"rendered":"\n<p>S\u00e6lukot er deild fyrir b\u00f6rn fr\u00e1 12-18 m\u00e1na\u00f0a. \u00c1 deildinni dvelja a\u00f0 jafna\u00f0i 20 b\u00f6rn. \u00c1 deildinni starfa fimm starfsmenn \u00ed\u00a0 100% st\u00f6\u00f0u.<\/p>\n\n\n\n<p><a href=\"https:\/\/www.lfa.is\/korpukot\/starfsfolk\/starfsfolk-saelukots\/\">H\u00e9r m\u00e1 finna starfsf\u00f3lk S\u00e6lukots<\/a><\/p>\n\n\n\n<p>\u00c1 S\u00e6lukoti grundvallast starfi\u00f0 \u00e1 l\u00edfgildabl\u00f3mi leiksk\u00f3lans. \u00cd bl\u00f3minu eru fimm l\u00edfsgildi og tileinkum vi\u00f0 okkur hvert \u00feeirra \u00ed tvo m\u00e1nu\u00f0i \u00ed senn : <strong>Samkennd, Vin\u00e1tta , Hj\u00e1lpasemi, Vir\u00f0ing og Kurteisi <\/strong>. Hj\u00e1 yngri b\u00f6rnum eru l\u00edfsgildin l\u00f6g\u00f0 inn \u00ed daglegum samskiptum \u00ed gegnum l\u00f6g sem vi\u00f0&nbsp; syngjum e\u00f0a e\u00f0a s\u00f6gur sem vi\u00f0 hlustum \u00e1, t\u00f6lum saman og leikum okkur me\u00f0 \u00f6\u00f0rum. \u00cd anda einkunnaror\u00f0a leiksk\u00f3lans:&nbsp;<strong><em>\u00dea\u00f0 er leikur a\u00f0 l\u00e6ra.<\/em><\/strong><\/p>\n\n\n\n<p>Dagskipulag&nbsp; hj\u00e1 okkur eru :<\/p>\n\n\n\n<ul class=\"wp-block-list\">\n<li>M\u00e1nudagar: Hreyfistundir<\/li>\n\n\n\n<li>\u00deri\u00f0judagar: H\u00f3pastarf<\/li>\n\n\n\n<li>Mi\u00f0vikudagar: St\u00f6\u00f0vavinna<\/li>\n\n\n\n<li>Fimmtudagar: H\u00f3pastarf<\/li>\n\n\n\n<li>F\u00f6studagar: Sameiginleg s\u00f6ngstund \/ Fl\u00e6\u00f0i<\/li>\n<\/ul>\n\n\n\n<p><strong>Hreyfistundir<\/strong>: Vi\u00f0 h\u00f6fum afnot af \u00ed\u00fer\u00f3ttasal leiksk\u00f3lans \u00e1 m\u00e1nud\u00f6gum, \u00bd dag \u00ed senn, annars vegar fyrir h\u00e1degi og hins vegar eftir h\u00e1degi .\u00cd salnum okkur er margt skemmtilegt h\u00e6gt a\u00f0 gera. B\u00f6rnin leika s\u00e9r \u00ed salnum \u00fear sem vi\u00f0 \u00fej\u00e1lfum \u00feau m.a. \u00ed gr\u00f3fhreyfingum ,f\u00e9lagslegum leik og \u00ed skapandi starfi.<\/p>\n\n\n\n<p>Vi\u00f0 \u00e1 S\u00e6lukoti leggjum mikla \u00e1herslu \u00e1 \u00fativeru og&nbsp; vi\u00f0 reynum a\u00f0 fara \u00fat \u00e1 hverjum degi .H\u00fan er \u00f6llum holl, styrkir l\u00edkama og s\u00e1l og eflir matarlyst \u00e1samt \u00fev\u00ed a\u00f0 veita g\u00f3\u00f0a hreyfingu.<\/p>\n\n\n\n<p><strong>H\u00f3pastarf: <\/strong>\u00cd september byrjum vi\u00f0 \u00e1 h\u00f3pastarfi og erum me\u00f0 h\u00f3pastarf \u00fat apr\u00edl. B\u00f6rnunum er skipt \u00ed fj\u00f3ra h\u00f3pa,&nbsp; eftir aldri og \u00feroska barnanna.<\/p>\n\n\n\n<p><strong>St\u00f6\u00f0vavinna: <\/strong>\u00c1 mi\u00f0vikud\u00f6gum&nbsp;vinnum vi\u00f0 me\u00f0 \u00ferj\u00e1r st\u00f6\u00f0var&nbsp; inni hj\u00e1 okkur til a\u00f0 skapa umhverfi \u00fear sem h\u00e6gt er a\u00f0 hafa \u00ed bo\u00f0i mismunandi efnivi\u00f0 til a\u00f0 vinna me\u00f0, rannsaka og finna \u00farlausnir. Starfsa\u00f0fer\u00f0 \u00fear sem b\u00f6rnin vinna \u00e1 s\u00ednum forsendum, \u00fat fr\u00e1 s\u00ednum \u00e1huga. Au\u00f0veld lei\u00f0 sem gefur kost \u00e1 a\u00f0 fylgjast me\u00f0 hva\u00f0 b\u00f6rnin gera, hvernig \u00feau gera \u00fea\u00f0 og hva\u00f0 \u00feau velja s\u00e9r og b\u00f6rnin l\u00e6ra a\u00f0 vinna saman \u00ed h\u00f3pum.<\/p>\n\n\n\n<p><strong>Sameiginleg s\u00f6ngstund : <\/strong>Sameiginleg s\u00f6ngstund&nbsp; \u00ed S\u00e6lukoti og Sunnukoti. Einu sinni \u00ed viku \u00e1 f\u00f6stud\u00f6gum f\u00f6rum vi\u00f0 \u00ed sameiginlega s\u00f6ngstund. \u00cd desember&nbsp; \u00fe\u00e1 f\u00f6rum vi\u00f0 upp \u00ed sal e\u00f0a inn \u00e1 deild og syngjum me\u00f0 \u00f6llum deildunum.<\/p>\n\n\n\n<p>\u00c1 S\u00e6lukoti leggjum vi\u00f0 \u00e1herslu \u00e1 m\u00e1l\u00f6rvun, f\u00e9lagsf\u00e6rni , umhyggju og sj\u00e1lfshj\u00e1lp. Daglega eru samverustundir \u00fear sem lesnar eru s\u00f6gur, sungi\u00f0, r\u00e6tt saman og fleira. Samverustundirnar gegna mikilv\u00e6gu hlutverki fyrir f\u00e9lags\u00feroskann og m\u00e1l\u00f6rvunina.\u00e1 m\u00e1nud\u00f6gum&nbsp;er s\u00f6gustund\/ n\u00e1tt\u00faran og umhverfi, \u00e1 \u00feri\u00f0jud\u00f6gum og fimmtud\u00f6gum eru Lubbastundir. En \u00e1 mi\u00f0vikud\u00f6gum og f\u00f6stud\u00f6gum eru s\u00f6ngstundir.<\/p>\n\n\n\n<p><strong>Lubbastund: <\/strong>Lubbastundir byggjast \u00e1 b\u00f3kinni Lubbi finnur M\u00e1lbein \u2013&nbsp; \u00edslensku m\u00e1lhlj\u00f3\u00f0in s\u00fdnd og sungin. \u00cd b\u00f3kinni Lubbi finnur m\u00e1lbein er unni\u00f0 me\u00f0 n\u00e1m \u00ed \u00fer\u00edv\u00eddd, \u00fe\u00e1 er \u00e1tt vi\u00f0 sj\u00f3nskyn, heyrnarskyn og hreyfi- og snertiskyn. Me\u00f0 \u00fev\u00ed a\u00f0 vinna me\u00f0 hlj\u00f3\u00f0n\u00e1m \u00ed \u00fer\u00edv\u00eddd er veri\u00f0 a\u00f0 \u00e6fa b\u00f6rnin \u00ed a\u00f0 tileinka s\u00e9r \u00edslensku m\u00e1lhlj\u00f3\u00f0in. \u00dea\u00f0 br\u00faar bili\u00f0 milli stafs og hlj\u00f3\u00f0s og a\u00f0 lokum kemur \u00feetta b\u00f6rnum \u00e1 spori\u00f0 \u00ed lestri og ritun.<\/p>\n\n\n\n<figure class=\"wp-block-image size-large\"><img loading=\"lazy\" decoding=\"async\" width=\"428\" height=\"392\" src=\"https:\/\/www.korpukot.is\/wp-content\/uploads\/2021\/03\/lubbi.png\" alt=\"\" class=\"wp-image-96\" srcset=\"https:\/\/www.lfa.is\/korpukot\/wp-content\/uploads\/2021\/03\/lubbi.png 428w, https:\/\/www.lfa.is\/korpukot\/wp-content\/uploads\/2021\/03\/lubbi-300x275.png 300w\" sizes=\"auto, (max-width: 428px) 100vw, 428px\" \/><\/figure>\n","protected":false},"excerpt":{"rendered":"<p>S\u00e6lukot er deild fyrir b\u00f6rn fr\u00e1 12-18 m\u00e1na\u00f0a. \u00c1 deildinni dvelja a\u00f0 jafna\u00f0i 20 b\u00f6rn. \u00c1 deildinni starfa fimm starfsmenn \u00ed\u00a0 100% st\u00f6\u00f0u. H\u00e9r m\u00e1 finna starfsf\u00f3lk S\u00e6lukots \u00c1 S\u00e6lukoti grundvallast starfi\u00f0 \u00e1 l\u00edfgildabl\u00f3mi leiksk\u00f3lans. \u00cd bl\u00f3minu eru fimm l\u00edfsgildi og tileinkum vi\u00f0 okkur hvert \u00feeirra \u00ed tvo m\u00e1nu\u00f0i \u00ed senn : Samkennd, Vin\u00e1tta ,&hellip;<\/p>\n","protected":false},"author":1,"featured_media":0,"parent":89,"menu_order":0,"comment_status":"closed","ping_status":"closed","template":"","meta":{"footnotes":""},"class_list":["post-95","page","type-page","status-publish","hentry"],"_links":{"self":[{"href":"https:\/\/www.lfa.is\/korpukot\/wp-json\/wp\/v2\/pages\/95","targetHints":{"allow":["GET"]}}],"collection":[{"href":"https:\/\/www.lfa.is\/korpukot\/wp-json\/wp\/v2\/pages"}],"about":[{"href":"https:\/\/www.lfa.is\/korpukot\/wp-json\/wp\/v2\/types\/page"}],"author":[{"embeddable":true,"href":"https:\/\/www.lfa.is\/korpukot\/wp-json\/wp\/v2\/users\/1"}],"replies":[{"embeddable":true,"href":"https:\/\/www.lfa.is\/korpukot\/wp-json\/wp\/v2\/comments?post=95"}],"version-history":[{"count":4,"href":"https:\/\/www.lfa.is\/korpukot\/wp-json\/wp\/v2\/pages\/95\/revisions"}],"predecessor-version":[{"id":8286,"href":"https:\/\/www.lfa.is\/korpukot\/wp-json\/wp\/v2\/pages\/95\/revisions\/8286"}],"up":[{"embeddable":true,"href":"https:\/\/www.lfa.is\/korpukot\/wp-json\/wp\/v2\/pages\/89"}],"wp:attachment":[{"href":"https:\/\/www.lfa.is\/korpukot\/wp-json\/wp\/v2\/media?parent=95"}],"curies":[{"name":"wp","href":"https:\/\/api.w.org\/{rel}","templated":true}]}}