{"id":98,"date":"2021-03-10T23:05:25","date_gmt":"2021-03-10T23:05:25","guid":{"rendered":"https:\/\/www.korpukot.is\/?page_id=98"},"modified":"2026-02-06T14:14:01","modified_gmt":"2026-02-06T14:14:01","slug":"starfsfolk-saelukots","status":"publish","type":"page","link":"https:\/\/www.lfa.is\/korpukot\/starfsfolk\/starfsfolk-saelukots\/","title":{"rendered":"Starfsf\u00f3lk S\u00e6lukots"},"content":{"rendered":"\n<p><\/p>\n\n\n\n<div class=\"wp-block-media-text alignwide is-stacked-on-mobile\" style=\"grid-template-columns:20% auto\"><figure class=\"wp-block-media-text__media\"><img loading=\"lazy\" decoding=\"async\" width=\"705\" height=\"1024\" src=\"https:\/\/www.lfa.is\/korpukot\/wp-content\/uploads\/2025\/08\/Jang.jpg\" alt=\"\" class=\"wp-image-8132 size-full\" srcset=\"https:\/\/www.lfa.is\/korpukot\/wp-content\/uploads\/2025\/08\/Jang.jpg 705w, https:\/\/www.lfa.is\/korpukot\/wp-content\/uploads\/2025\/08\/Jang-207x300.jpg 207w\" sizes=\"auto, (max-width: 705px) 100vw, 705px\" \/><\/figure><div class=\"wp-block-media-text__content\">\n<p class=\"has-large-font-size\">Chutinthorn Bunsart (Jang)<\/p>\n\n\n\n<p>Deildarstj\u00f3ri<\/p>\n\n\n\n<p>jang@lfa.is<\/p>\n\n\n\n<p>B.Ed grunnsk\u00f3lakennarafr\u00e6\u00f0i<br>B.A. stj\u00f3rns\u00fdslufr\u00e6\u00f0i<\/p>\n<\/div><\/div>\n\n\n\n<div class=\"wp-block-media-text alignwide is-stacked-on-mobile\" style=\"grid-template-columns:20% auto\"><figure class=\"wp-block-media-text__media\"><img loading=\"lazy\" decoding=\"async\" width=\"701\" height=\"1024\" src=\"https:\/\/www.lfa.is\/korpukot\/wp-content\/uploads\/2026\/02\/7d292137-2d17-486a-98c6-813e589291ca-701x1024.jpg\" alt=\"\" class=\"wp-image-8273 size-full\" srcset=\"https:\/\/www.lfa.is\/korpukot\/wp-content\/uploads\/2026\/02\/7d292137-2d17-486a-98c6-813e589291ca-701x1024.jpg 701w, https:\/\/www.lfa.is\/korpukot\/wp-content\/uploads\/2026\/02\/7d292137-2d17-486a-98c6-813e589291ca-205x300.jpg 205w, https:\/\/www.lfa.is\/korpukot\/wp-content\/uploads\/2026\/02\/7d292137-2d17-486a-98c6-813e589291ca-768x1123.jpg 768w, https:\/\/www.lfa.is\/korpukot\/wp-content\/uploads\/2026\/02\/7d292137-2d17-486a-98c6-813e589291ca-1051x1536.jpg 1051w, https:\/\/www.lfa.is\/korpukot\/wp-content\/uploads\/2026\/02\/7d292137-2d17-486a-98c6-813e589291ca.jpg 1094w\" sizes=\"auto, (max-width: 701px) 100vw, 701px\" \/><\/figure><div class=\"wp-block-media-text__content\">\n<p class=\"has-large-font-size\">Aysha \u00de\u00f3ra<\/p>\n\n\n\n<p>Lei\u00f0beinandi<\/p>\n<\/div><\/div>\n\n\n\n<div class=\"wp-block-media-text alignwide is-stacked-on-mobile\" style=\"grid-template-columns:20% auto\"><figure class=\"wp-block-media-text__media\"><img loading=\"lazy\" decoding=\"async\" width=\"576\" height=\"1024\" src=\"https:\/\/www.lfa.is\/korpukot\/wp-content\/uploads\/2025\/08\/Emilia.jpg\" alt=\"\" class=\"wp-image-8133 size-full\" srcset=\"https:\/\/www.lfa.is\/korpukot\/wp-content\/uploads\/2025\/08\/Emilia.jpg 576w, https:\/\/www.lfa.is\/korpukot\/wp-content\/uploads\/2025\/08\/Emilia-169x300.jpg 169w\" sizes=\"auto, (max-width: 576px) 100vw, 576px\" \/><\/figure><div class=\"wp-block-media-text__content\">\n<p class=\"has-large-font-size\">Emil\u00eda Mar\u00edn<\/p>\n\n\n\n<p>Lei\u00f0beinandi<\/p>\n<\/div><\/div>\n\n\n\n<div class=\"wp-block-media-text alignwide is-stacked-on-mobile\" style=\"grid-template-columns:20% auto\"><figure class=\"wp-block-media-text__media\"><img loading=\"lazy\" decoding=\"async\" width=\"768\" height=\"1021\" src=\"https:\/\/www.lfa.is\/korpukot\/wp-content\/uploads\/2025\/08\/Helena.jpg\" alt=\"\" class=\"wp-image-8134 size-full\" srcset=\"https:\/\/www.lfa.is\/korpukot\/wp-content\/uploads\/2025\/08\/Helena.jpg 768w, https:\/\/www.lfa.is\/korpukot\/wp-content\/uploads\/2025\/08\/Helena-226x300.jpg 226w\" sizes=\"auto, (max-width: 768px) 100vw, 768px\" \/><\/figure><div class=\"wp-block-media-text__content\">\n<p class=\"has-large-font-size\">Helena \u00d3sk<\/p>\n\n\n\n<p>Lei\u00f0beinandi<\/p>\n<\/div><\/div>\n\n\n\n<div class=\"wp-block-media-text alignwide is-stacked-on-mobile\" style=\"grid-template-columns:20% auto\"><figure class=\"wp-block-media-text__media\"><img loading=\"lazy\" decoding=\"async\" width=\"244\" height=\"300\" src=\"https:\/\/www.lfa.is\/korpukot\/wp-content\/uploads\/2025\/08\/Sigridur.jpg\" alt=\"\" class=\"wp-image-8135 size-full\"\/><\/figure><div class=\"wp-block-media-text__content\">\n<p class=\"has-large-font-size\">Sigr\u00ed\u00f0ur Alexandra<\/p>\n\n\n\n<p>Lei\u00f0beinandi<\/p>\n<\/div><\/div>\n\n\n\n<div class=\"wp-block-media-text alignwide is-stacked-on-mobile\" style=\"grid-template-columns:20% auto\"><figure class=\"wp-block-media-text__media\"><img loading=\"lazy\" decoding=\"async\" width=\"241\" height=\"300\" src=\"https:\/\/www.lfa.is\/korpukot\/wp-content\/uploads\/2025\/08\/Tanja.jpg\" alt=\"\" class=\"wp-image-8137 size-full\"\/><\/figure><div class=\"wp-block-media-text__content\">\n<p class=\"has-large-font-size\">Tanja Bj\u00f6rt<\/p>\n\n\n\n<p>Lei\u00f0beinandi<\/p>\n\n\n\n<p>\u00cd f\u00e6\u00f0ingarorlofi<\/p>\n<\/div><\/div>\n","protected":false},"excerpt":{"rendered":"<p>Chutinthorn Bunsart (Jang) Deildarstj\u00f3ri jang@lfa.is B.Ed grunnsk\u00f3lakennarafr\u00e6\u00f0iB.A. stj\u00f3rns\u00fdslufr\u00e6\u00f0i Aysha \u00de\u00f3ra Lei\u00f0beinandi Emil\u00eda Mar\u00edn Lei\u00f0beinandi Helena \u00d3sk Lei\u00f0beinandi Sigr\u00ed\u00f0ur Alexandra Lei\u00f0beinandi Tanja Bj\u00f6rt Lei\u00f0beinandi \u00cd f\u00e6\u00f0ingarorlofi<\/p>\n","protected":false},"author":1,"featured_media":0,"parent":8172,"menu_order":0,"comment_status":"closed","ping_status":"closed","template":"","meta":{"footnotes":""},"class_list":["post-98","page","type-page","status-publish","hentry"],"_links":{"self":[{"href":"https:\/\/www.lfa.is\/korpukot\/wp-json\/wp\/v2\/pages\/98","targetHints":{"allow":["GET"]}}],"collection":[{"href":"https:\/\/www.lfa.is\/korpukot\/wp-json\/wp\/v2\/pages"}],"about":[{"href":"https:\/\/www.lfa.is\/korpukot\/wp-json\/wp\/v2\/types\/page"}],"author":[{"embeddable":true,"href":"https:\/\/www.lfa.is\/korpukot\/wp-json\/wp\/v2\/users\/1"}],"replies":[{"embeddable":true,"href":"https:\/\/www.lfa.is\/korpukot\/wp-json\/wp\/v2\/comments?post=98"}],"version-history":[{"count":10,"href":"https:\/\/www.lfa.is\/korpukot\/wp-json\/wp\/v2\/pages\/98\/revisions"}],"predecessor-version":[{"id":8274,"href":"https:\/\/www.lfa.is\/korpukot\/wp-json\/wp\/v2\/pages\/98\/revisions\/8274"}],"up":[{"embeddable":true,"href":"https:\/\/www.lfa.is\/korpukot\/wp-json\/wp\/v2\/pages\/8172"}],"wp:attachment":[{"href":"https:\/\/www.lfa.is\/korpukot\/wp-json\/wp\/v2\/media?parent=98"}],"curies":[{"name":"wp","href":"https:\/\/api.w.org\/{rel}","templated":true}]}}